{"id":15296,"date":"2021-08-16T11:00:44","date_gmt":"2021-08-16T09:00:44","guid":{"rendered":"https:\/\/www.fightingfilms.shop\/allgemeine-geschaeftsbedingungen\/"},"modified":"2024-01-23T13:11:52","modified_gmt":"2024-01-23T12:11:52","slug":"allgemeine-geschaeftsbedingungen","status":"publish","type":"page","link":"https:\/\/fightingfilms.shop\/de\/allgemeine-geschaeftsbedingungen\/","title":{"rendered":"Allgemeine Gesch\u00e4ftsbedingungen"},"content":{"rendered":"<div class=\"wpb-content-wrapper\"><p>[vc_row type=&#8220;boxed&#8220; background_style=&#8220;normal&#8220; css=&#8220;.vc_custom_1487365316112{margin-top: 75px !important;padding-right: 50px !important;padding-left: 50px !important;}&#8220;][vc_column][vc_column_text css=&#8220;.vc_custom_1629105454360{margin-bottom: 50px !important;}&#8220;]<\/p>\n<h3 style=\"text-align: center;\"><strong>Rechtliche Hinweise<\/strong><\/h3>\n<p>[\/vc_column_text][vc_row_inner css=&#8220;.vc_custom_1410358939666{margin-bottom: 20px !important;}&#8220;][vc_column_inner width=&#8220;1\/2&#8243; css=&#8220;.vc_custom_1443415906747{padding-right: 5% !important;padding-left: 10px !important;}&#8220;][vc_column_text]<\/p>\n<h5><strong>Fighting Films<\/strong><\/h5>\n<p align=\"left\">SAS<\/p>\n<p align=\"left\"><span lang=\"fr-fr\" xml:lang=\"fr-fr\">Handelsregister von Paris Nr.: 820 823 086<\/span><\/p>\n<p align=\"left\"><span lang=\"fr-fr\" xml:lang=\"fr-fr\">APE-Code: 4764Z<\/span><\/p>\n<p align=\"left\"><span lang=\"fr-fr\" xml:lang=\"fr-fr\">Umsatzsteuer-Identifikationsnummer: FR 13 820 823 086<\/span><\/p>\n<p align=\"left\"><span lang=\"fr-fr\" xml:lang=\"fr-fr\">Hauptsitz: 1 rue des Messageries &#8211; 75010 Paris<\/span><\/p>\n<p align=\"left\"><span lang=\"fr-fr\" xml:lang=\"fr-fr\">Verantwortlich f\u00fcr die Ver\u00f6ffentlichung: Herr Joseph BRIDGE <\/span><\/p>\n<p align=\"left\"><span lang=\"fr-fr\" xml:lang=\"fr-fr\">E-Mail-Adresse: joseph@fightingfilms.fr<\/span><\/p>\n<div id=\"kurato_extension_modal\"><\/div>\n<p>[\/vc_column_text][\/vc_column_inner][vc_column_inner width=&#8220;1\/2&#8243; css=&#8220;.vc_custom_1443415917948{padding-right: 5% !important;padding-left: 10px !important;}&#8220;][vc_column_text]<\/p>\n<h5><strong>Unterkunft<\/strong><\/h5>\n<p align=\"left\"><span lang=\"fr-fr\" style=\"color: #808080;\" xml:lang=\"fr-fr\">OVH<\/span><\/p>\n<p align=\"left\"><span style=\"color: #808080;\">SAS mit einem Kapital von 10.069.020 <span lang=\"pt-pt\">\u20ac<\/span>.<\/span><\/p>\n<p align=\"left\"><span style=\"color: #808080;\"><span lang=\"da-dk\">RCS Lille M<\/span><span lang=\"fr-fr\">\u00e9tropole 424 761 419 00045<\/span><\/span><\/p>\n<p align=\"left\"><span style=\"color: #808080;\">APE-Code 2620Z<\/span><\/p>\n<p align=\"left\"><span style=\"color: #808080;\">TVA-<span lang=\"it-it\">NUMMER<\/span>: <span lang=\"fr-fr\">FR 22 424 761 419<\/span><\/span><\/p>\n<p align=\"left\"><span style=\"color: #808080;\">Hauptsitz<span lang=\"fr-fr\">: 2, rue Kellermann &#8211; 59100 Roubaix &#8211; Frankreich<\/span>.<\/span><\/p>\n<p align=\"left\"><span lang=\"fr-fr\" style=\"color: #808080;\" xml:lang=\"fr-fr\">Leiter der Ver\u00f6ffentlichung: Octave KLABA <\/span><\/p>\n<p>[\/vc_column_text][\/vc_column_inner][\/vc_row_inner][\/vc_column][\/vc_row][vc_row type=&#8220;boxed&#8220; background_style=&#8220;normal&#8220; css=&#8220;.vc_custom_1410359860044{padding-top: 30px !important;padding-bottom: 65px !important;}&#8220;][vc_column][vc_separator][\/vc_column][\/vc_row][vc_row type=&#8220;boxed&#8220; background_style=&#8220;normal&#8220; css=&#8220;.vc_custom_1487365260609{padding-right: 50px !important;padding-left: 50px !important;}&#8220;][vc_column][vc_column_text css=&#8220;.vc_custom_1629105781563{margin-bottom: 50px !important;}&#8220;]<\/p>\n<h3 style=\"text-align: center;\">Allgemeine Gesch\u00e4ftsbedingungen<\/h3>\n<p>[\/vc_column_text][vc_row_inner css=&#8220;.vc_custom_1410358939666{margin-bottom: 20px !important;}&#8220;][vc_column_inner css=&#8220;.vc_custom_1443415995655{padding-right: 5% !important;padding-left: 10px !important;}&#8220;][vc_column_text]<\/p>\n<h5><strong>Die vorliegenden Allgemeinen Gesch\u00e4ftsbedingungen gelten zwischen : <\/strong><\/h5>\n<p><span style=\"color: #808080;\">Das Unternehmen FIGHTING FILMS , mit Sitz in 1 rue des Messageries &#8211; 75010 Paris &#8211; FRANCE, eingetragen in Frankreich im Handelsregister von Paris unter der Code-Nr. 820 823 086 , Herausgeber und Eigent\u00fcmer der Website www.fightingfilms.shop, die bei OVH gehostet wird.<\/span><\/p>\n<p><span style=\"color: #808080;\">Im Folgenden: &#8222;FIGHTING FILMS&#8220;.<\/span><\/p>\n<p><span style=\"color: #808080;\">Und :<\/span><\/p>\n<p><span style=\"color: #808080;\">Jede Person, H\u00e4ndler oder Privatperson, die einen Kauf auf der Website www.fightingfilms.shop t\u00e4tigt.<\/span><\/p>\n<p><span style=\"color: #808080;\">Im Folgenden: &#8222;Der Kunde&#8220;.<\/span><\/p>\n<div id=\"kurato_extension_modal\"><\/div>\n<p>[\/vc_column_text][vc_column_text]<\/p>\n<h5><strong>Artikel 1\/<\/strong><\/h5>\n<p><span style=\"color: #808080;\">Der vorliegende Vertrag ist ein Online-Kaufvertrag, der der Bedingung der Annahme durch FIGHTING FILMS unterliegt und gem\u00e4\u00df den Bestimmungen des geltenden franz\u00f6sischen Rechts verfasst wurde. Dieser Vertrag hat den Verkauf der Produkte zum Gegenstand, die auf der Website www.fightingfilms.shop vorgestellt werden.<\/span><\/p>\n<p><span style=\"color: #808080;\">Der Vertrag zwischen dem Kunden und FIGHTING FILMS kommt erst zustande, wenn der Kunde eine Quittung erh\u00e4lt, die die Einzelheiten der Bestellung best\u00e4tigt, die er auf der Website www.fightingfilms.shop . Die vertraglichen Informationen werden in franz\u00f6sischer Sprache pr\u00e4sentiert und die zum Verkauf angebotenen Produkte entsprechen der franz\u00f6sischen Gesetzgebung vom 1. September 2013.<\/span><\/p>\n<div id=\"kurato_extension_modal\"><\/div>\n<div id=\"kurato_extension_modal\"><\/div>\n<div id=\"kurato_extension_modal\"><\/div>\n<p>[\/vc_column_text][vc_column_text]<\/p>\n<h5><strong>Artikel 2\/<\/strong><\/h5>\n<p><span style=\"color: #808080;\">Die Best\u00e4tigung der Bestellung durch den Kunden gilt als Annahme der vorliegenden Allgemeinen Gesch\u00e4ftsbedingungen. Der Kunde verpflichtet sich, bei der Best\u00e4tigung der Bestellung die Gesamtheit der bestellten Produkte zu bezahlen. Da der Kaufvertrag eine Mittelverpflichtung zu Lasten des Verk\u00e4ufers begr\u00fcndet, verpflichtet<strong> sich<\/strong> FIGHTING FILMS also, die vom Kunden bestellten Artikel innerhalb der bei Vertragsabschluss angek\u00fcndigten Fristen an die Postdienste zu \u00fcbergeben. FIGHTING FILMS beh\u00e4lt sich jedoch das Recht vor, jede Bestellung eines Kunden zu stornieren, mit dem es einen Streit \u00fcber die Zahlung einer fr\u00fcheren Bestellung gibt.<\/span><\/p>\n<div id=\"kurato_extension_modal\"><\/div>\n<p>[\/vc_column_text][vc_column_text]<\/p>\n<h5><strong>Artikel 3\/<\/strong><\/h5>\n<p><span style=\"color: #808080;\">Wir bem\u00fchen uns, die Produkte auf unserer Website www.fightingfilms.shop mit gr\u00f6\u00dftm\u00f6glicher Genauigkeit zu beschreiben und zu pr\u00e4sentieren. Sollten jedoch Fehler oder Auslassungen in Bezug auf diese Pr\u00e4sentation auftreten, kann FIGHTING FILMS nicht haftbar gemacht werden. Jedes Foto, das unsere Produkte darstellt, wurde sorgf\u00e4ltig ausgew\u00e4hlt, um m\u00f6glichst repr\u00e4sentativ zu sein. Diese sind jedoch nicht Bestandteil des Vertrags und dienen nur als Anhaltspunkt.<\/span><\/p>\n<div id=\"kurato_extension_modal\"><\/div>\n<p>[\/vc_column_text][vc_column_text]<\/p>\n<h5><strong>Artikel 4\/<\/strong><\/h5>\n<p><span style=\"color: #808080;\">Alle Preise unserer Produkte sind in Euro (\u20ac) inklusive aller Steuern und Abgaben (inkl. MwSt.) angegeben, ohne Beteiligung an den Bearbeitungs- und Versandkosten, die vom Kunden zu tragen sind (au\u00dfer bei Sonderaktionen). Sie werden unter Vorbehalt von Druck- und Schreibfehlern garantiert. FIGHTING FILMS beh\u00e4lt sich jedoch das Recht vor, seine Preise jederzeit ohne Vorank\u00fcndigung und ohne m\u00f6gliche Entsch\u00e4digung zu \u00e4ndern. Im Falle einer \u00c4nderung werden die Artikel auf der Grundlage der Preise in Rechnung gestellt, die zum Zeitpunkt der Registrierung der Bestellung auf der Website www.fightingfilms.shop galten, und vorbehaltlich der Verf\u00fcgbarkeit.<\/span><\/p>\n<div id=\"kurato_extension_modal\"><\/div>\n<p>[\/vc_column_text][vc_column_text]<\/p>\n<h5><strong>Artikel 5\/<\/strong><\/h5>\n<p><span style=\"color: #808080;\">Die Best\u00e4tigung der vom Kunden auf der Website www.fightingfilms.shop aufgegebenen Bestellung gilt als Annahme der vorliegenden Allgemeinen Gesch\u00e4ftsbedingungen. Sobald die Bestellung best\u00e4tigt wurde, wird die Rechnung an die E-Mail-Adresse gesendet, die der Kunde bei der Bestellung oder bei seiner Registrierung auf der Website angegeben hat. Sie wird gem\u00e4\u00df der am Tag der Auftragserteilung g\u00fcltigen Preisliste erstellt. Im Falle eines materiellen Fehlers bei der Eingabe der E-Mail-Adresse durch den Kunden hat dieser maximal 24 Stunden Zeit, um den Kundenservice zu kontaktieren, um ihm seine Fehler mitzuteilen und ihm seine genauen Kontaktdaten zu \u00fcbermitteln. Nach Ablauf dieser Frist kann FIGHTING FILMS nicht garantieren, dass die \u00c4nderung ber\u00fccksichtigt wird.<\/span><\/p>\n<p><span style=\"color: #808080;\">FIGHTING FILMS beh\u00e4lt sich jedoch das Recht vor, die Bestellung eines Kunden abzulehnen, mit dem ein Streitfall oder ein Vorfall bez\u00fcglich der Zahlung einer fr\u00fcheren Bestellung besteht oder der durch die vorliegenden Allgemeinen Gesch\u00e4ftsbedingungen gerechtfertigt ist.<\/span><\/p>\n<p><span style=\"color: #808080;\">Die Bestellungen werden durch das Verfahren des &#8222;Doppelklicks&#8220; best\u00e4tigt: Nachdem der Kunde die verschiedenen gew\u00fcnschten Produkte in seinen Warenkorb gelegt hat, wird er aufgefordert, seine Auswahl ein erstes Mal zu best\u00e4tigen, bevor er auf die Seite bez\u00fcglich der Zahlung gelangt, auf der er alle zur Zahlung des geforderten Preises erforderlichen Informationen eingibt, und diese Seite ein zweites Mal zu best\u00e4tigen. Die vom Verk\u00e4ufer gespeicherten Daten stellen den Beweis f\u00fcr die Art, das Datum und den Inhalt des Vertrags dar.<\/span><\/p>\n<div id=\"kurato_extension_modal\"><\/div>\n<p>[\/vc_column_text][vc_column_text]<\/p>\n<h5><strong>Artikel 6\/<\/strong><\/h5>\n<p><span style=\"color: #808080;\">Akzeptierte Zahlungsmittel sind:<\/span><\/p>\n<p><span style=\"color: #808080;\">&#8211; Zahlung per PayPal. In diesem Fall wird der Kunde auf die PayPal-Website weitergeleitet, um die Zahlung zu t\u00e4tigen.<\/span><\/p>\n<p><span style=\"color: #808080;\">&#8211; Zahlung per Kreditkarte \u00fcber PayPlug<\/span>[\/vc_column_text][vc_column_text]<\/p>\n<h5><strong>Artikel 7\/<\/strong><\/h5>\n<div><span style=\"color: #808080;\">Die Versandkosten variieren je nach den verschiedenen gew\u00e4hlten Versandarten, die auf der Website www.fightingfilms.shop angezeigt werden.<\/span><\/div>\n<div><span style=\"color: #808080;\">Die von den Transportunternehmen angegebenen Lieferzeiten sind wie folgt:<\/span><\/div>\n<div><span style=\"color: #808080;\">&#8211; Colissimo: Lieferung innerhalb von 3 bis 4 Werktagen ab Versand.<\/span><\/div>\n<div id=\"kurato_extension_modal\"><\/div>\n<p>[\/vc_column_text][vc_column_text]<\/p>\n<h5><strong>Artikel 8\/<\/strong><\/h5>\n<p><span style=\"color: #808080;\">Obwohl wir uns bem\u00fchen, qualitativ hochwertige Produkte anzubieten, kann es vorkommen, dass der Kunde mit seiner Bestellung nicht vollst\u00e4ndig zufrieden ist und sie teilweise oder vollst\u00e4ndig zur\u00fcckgeben m\u00f6chte. FIGHTING FILMS m\u00f6chte seinen Kunden gegen\u00fcber so transparent wie m\u00f6glich sein und weist an dieser Stelle darauf hin, dass der Widerruf ein Recht ist, das durch Artikel L120-20 des Verbraucherschutzgesetzes gew\u00e4hrt wird:<em> &#8222;Der Verbraucher (hier der Kunde) hat sieben volle Tage Zeit, um sein Widerrufsrecht auszu\u00fcben. <\/em><em>ohne Angabe von Gr\u00fcnden oder Zahlung von Vertragsstrafen, mit Ausnahme gegebenenfalls der Kosten f\u00fcr die R\u00fccksendung&#8220;. <\/em>Das Datum des Poststempels oder das Datum der Bereitstellungsquittung ist das Anfangsdatum dieser Widerrufsfrist, und ihr Ablauf macht jeden Umtausch oder jede R\u00fcckerstattung unm\u00f6glich. Besch\u00e4digte, unvollst\u00e4ndig zur\u00fcckgesandte oder verschmutzte Produkte werden hingegen weder umgetauscht noch erstattet.<\/span>[\/vc_column_text][vc_column_text]<\/p>\n<h5><strong>Artikel 9\/<\/strong><\/h5>\n<p><span style=\"color: #808080;\">Um Bestellungen effizient bearbeiten zu k\u00f6nnen, ist die Erhebung personenbezogener Daten der Kunden erforderlich. Alle diese pers\u00f6nlichen Informationen werden ausschlie\u00dflich von FIGHTING FILMS verwendet, die sich hier verpflichtet, sie nicht an Dritte weiterzugeben, mit Ausnahme von externen Dienstleistern, die sie f\u00fcr die Lieferung ben\u00f6tigen. Diese Informationen werden in eine vertrauliche und eigene Datei von FIGHTING FILMS aufgenommen. Gem\u00e4\u00df dem franz\u00f6sischen Datenschutzgesetz vom 6. Januar 1978 hat der Kunde das Recht, auf seine pers\u00f6nlichen Daten zuzugreifen, sie zu \u00e4ndern und zu l\u00f6schen. Wenn der Kunde von diesem Recht Gebrauch machen m\u00f6chte, muss er dies lediglich FIGHTING FILMS France unter Angabe seines Vor- und Nachnamens und seiner Anschrift mitteilen.<\/span>[\/vc_column_text][vc_column_text]<\/p>\n<h5><strong>Artikel 10\/<\/strong><\/h5>\n<p><span style=\"color: #808080;\">Mit jeder Bestellung auf der Website www.fightingfilms.shop erkl\u00e4rt sich der Kunde von Rechts wegen mit den vorliegenden Allgemeinen Gesch\u00e4ftsbedingungen einverstanden, die dem franz\u00f6sischen Recht unterliegen. Im Falle eines Rechtsstreits sind ausschlie\u00dflich die franz\u00f6sischen Gerichte zust\u00e4ndig. Bei Schwierigkeiten oder Beschwerden im Zusammenhang mit einer Bestellung ist es nat\u00fcrlich am besten, wenn sich der Kunde an den Kundenservice wendet, um eine g\u00fctliche L\u00f6sung zu finden.<\/span><\/p>\n<div id=\"kurato_extension_modal\"><\/div>\n<p>[\/vc_column_text][\/vc_column_inner][\/vc_row_inner][\/vc_column][\/vc_row]<\/p>\n<\/div>","protected":false},"excerpt":{"rendered":"<p>[vc_row type=&#8220;boxed&#8220; background_style=&#8220;normal&#8220; css=&#8220;.vc_custom_1487365316112{margin-top: 75px !important;padding-right: 50px !important;padding-left: 50px !important;}&#8220;][vc_column][vc_column_text css=&#8220;.vc_custom_1629105454360{margin-bottom: 50px !important;}&#8220;] Rechtliche Hinweise [\/vc_column_text][vc_row_inner css=&#8220;.vc_custom_1410358939666{margin-bottom: 20px !important;}&#8220;][vc_column_inner width=&#8220;1\/2&#8243; css=&#8220;.vc_custom_1443415906747{padding-right: 5% !important;padding-left: 10px !important;}&#8220;][vc_column_text] Fighting Films SAS Handelsregister von Paris Nr.: 820 823 086 APE-Code: 4764Z Umsatzsteuer-Identifikationsnummer: FR 13 820 823 086 Hauptsitz: 1 rue des Messageries &#8211; 75010 Paris Verantwortlich f\u00fcr die Ver\u00f6ffentlichung: [&hellip;]<\/p>\n","protected":false},"author":1,"featured_media":0,"parent":0,"menu_order":0,"comment_status":"closed","ping_status":"closed","template":"","meta":{"footnotes":""},"class_list":["post-15296","page","type-page","status-publish","hentry"],"_links":{"self":[{"href":"https:\/\/fightingfilms.shop\/de\/wp-json\/wp\/v2\/pages\/15296","targetHints":{"allow":["GET"]}}],"collection":[{"href":"https:\/\/fightingfilms.shop\/de\/wp-json\/wp\/v2\/pages"}],"about":[{"href":"https:\/\/fightingfilms.shop\/de\/wp-json\/wp\/v2\/types\/page"}],"author":[{"embeddable":true,"href":"https:\/\/fightingfilms.shop\/de\/wp-json\/wp\/v2\/users\/1"}],"replies":[{"embeddable":true,"href":"https:\/\/fightingfilms.shop\/de\/wp-json\/wp\/v2\/comments?post=15296"}],"version-history":[{"count":0,"href":"https:\/\/fightingfilms.shop\/de\/wp-json\/wp\/v2\/pages\/15296\/revisions"}],"wp:attachment":[{"href":"https:\/\/fightingfilms.shop\/de\/wp-json\/wp\/v2\/media?parent=15296"}],"curies":[{"name":"wp","href":"https:\/\/api.w.org\/{rel}","templated":true}]}}