{"id":15321,"date":"2017-01-10T14:44:03","date_gmt":"2017-01-10T13:44:03","guid":{"rendered":"https:\/\/www.fightingfilms.shop\/faqs\/"},"modified":"2024-01-24T16:15:27","modified_gmt":"2024-01-24T15:15:27","slug":"faqs","status":"publish","type":"page","link":"https:\/\/fightingfilms.shop\/de\/faqs\/","title":{"rendered":"FAQs"},"content":{"rendered":"<div class=\"wpb-content-wrapper\"><p>[vc_row type=&#8220;boxed&#8220; background_style=&#8220;normal&#8220; css=&#8220;.vc_custom_1487365316112{margin-top: 75px !important;padding-right: 50px !important;padding-left: 50px !important;}&#8220;][vc_column][vc_column_text css=&#8220;.vc_custom_1629100962188{margin-bottom: 50px !important;}&#8220;]<\/p>\n<h3 style=\"text-align: center;\"><strong>Mein Kauf von Kimono Fighting Films<\/strong><\/h3>\n<p>[\/vc_column_text][vc_row_inner css=&#8220;.vc_custom_1410358939666{margin-bottom: 20px !important;}&#8220;][vc_column_inner width=&#8220;1\/2&#8243; css=&#8220;.vc_custom_1443415906747{padding-right: 5% !important;padding-left: 10px !important;}&#8220;][vc_column_text]<\/p>\n<h5><strong>Wenn ich mir nicht sicher bin, welche Gr\u00f6\u00dfe mein Kimono haben soll? <\/strong><\/h5>\n<p><span style=\"color: #000000;\">Sind Sie sich nicht sicher, welche Gr\u00f6\u00dfe Sie f\u00fcr Ihre Fighting Films Kimonos ben\u00f6tigen? Keine Sorge!<\/span><\/p>\n<p>Wenn Sie Zweifel haben, lesen Sie bitte <a href=\"https:\/\/www.fightingfilms.shop\/de\/wie-waehlt-man-die-richtige-groesse-fuer-einen-judogi\/\">den Artikel zu diesem Thema<\/a> oder kontaktieren Sie uns direkt <a href=\"https:\/\/www.fightingfilms.shop\/de\/kontakt\/\">hier<\/a>.[\/vc_column_text][vc_column_text]<\/p>\n<h5><strong>Was ist der Unterschied zwischen dem Superstar Original und dem Superstar 750? <\/strong><\/h5>\n<p><span style=\"color: #000000;\">Der Superstar Original und der Superstar 750 sind die beiden High-End-Kimonos von Fighting Films. Der Unterschied zwischen den beiden liegt im jeweiligen Fl\u00e4chengewicht. Der Superstar Original liegt bei 920 g und der Superstar 750 bei 750 g. Die neuen IJF-Standards schreiben daher vor, dass internationale Wettk\u00e4mpfer auf den Superstar 750-Kimono ausweichen m\u00fcssen. Wenn Sie nicht an internationalen Wettbewerben teilnehmen, k\u00f6nnen Sie beim Superstar Original bleiben, der taillierter ist und einen k\u00fcrzeren Rock hat.<\/span>[\/vc_column_text][\/vc_column_inner][vc_column_inner width=&#8220;1\/2&#8243; css=&#8220;.vc_custom_1443415917948{padding-right: 5% !important;padding-left: 10px !important;}&#8220;][vc_column_text]<\/p>\n<h5><strong>Wie gebe ich eine Clubbestellung auf?<\/strong><\/h5>\n<p><span style=\"color: #808080;\"><span style=\"color: #000000;\">Um auf die f\u00fcr Vereine vorgesehenen Sondertarife zuzugreifen, loggen Sie sich bitte \u00fcber diesen Zugang ein:<\/span> <a href=\"https:\/\/www.fightingfilms.shop\/inscriptions\/.\">https:\/\/www.fightingfilms.shop\/inscriptions\/.<\/a> <span style=\"color: #000000;\">Es m\u00fcssen mindestens 10 Kimonos bestellt werden.<\/span><\/span>[\/vc_column_text][vc_column_text]<\/p>\n<h5><strong>Ist es m\u00f6glich, meinen Kimono zu personalisieren? <\/strong><\/h5>\n<p><span style=\"color: #000000;\">Es ist tats\u00e4chlich m\u00f6glich, Ihre Kimonos und G\u00fcrtel bei Fighting Films zu besticken. Wir haben eine Stickmaschine in unserem Laden. Wenn du einen Namen oder ein Logo auf deinem Kimono hinzuf\u00fcgen m\u00f6chtest, ist keine zus\u00e4tzliche Zeit erforderlich!<\/span><\/p>\n<p><span style=\"color: #000000;\">Bei \u00c4nderungen, die direkt das Fighting Films-Logo betreffen, verl\u00e4ngert sich die Lieferzeit auf 10 Wochen, da diese \u00c4nderungen direkt in der Fabrik vorgenommen werden. Es ist auch m\u00f6glich, den Kimono auf den Schultern zu personalisieren oder den Schriftzug &#8222;Superstar&#8220; durch den Namen des Vereins oder des K\u00e4mpfers zu ersetzen. Es werden Preisaufschl\u00e4ge erhoben (20 \u20ac f\u00fcr Herzstickerei, 20 \u20ac f\u00fcr Stickerei auf der Schulter). Zum Weitergeben<br \/>\nBestellung, gehen Sie auf die<a style=\"color: #000000;\" href=\"https:\/\/www.fightingfilms.shop\/de\/kontakt\/\"> Kontaktseite .<\/a><\/span>[\/vc_column_text][\/vc_column_inner][\/vc_row_inner][\/vc_column][\/vc_row][vc_row type=&#8220;boxed&#8220; background_style=&#8220;normal&#8220; css=&#8220;.vc_custom_1410359860044{padding-top: 30px !important;padding-bottom: 65px !important;}&#8220;][vc_column][vc_separator][\/vc_column][\/vc_row][vc_row type=&#8220;boxed&#8220; background_style=&#8220;normal&#8220; css=&#8220;.vc_custom_1487365260609{padding-right: 50px !important;padding-left: 50px !important;}&#8220;][vc_column][vc_column_text css=&#8220;.vc_custom_1629127426943{margin-bottom: 50px !important;}&#8220;]<\/p>\n<h3 style=\"text-align: center;\">R\u00fcckgabe &amp; Erstattung<\/h3>\n<p>[\/vc_column_text][vc_row_inner css=&#8220;.vc_custom_1410358939666{margin-bottom: 20px !important;}&#8220;][vc_column_inner width=&#8220;1\/2&#8243; css=&#8220;.vc_custom_1443415995655{padding-right: 5% !important;padding-left: 10px !important;}&#8220;][vc_column_text]<\/p>\n<h5><strong>Wie kann ich ein Produkt zur\u00fcckgeben?<\/strong><\/h5>\n<p><span style=\"color: #000000;\">Solange sich ein Artikel noch im <strong>Originalzustand<\/strong> befindet, k\u00f6nnen Sie R\u00fccksendungen vornehmen. Wenn Sie Ihren Kimono gewaschen haben, k\u00f6nnen wir ihn nicht zur\u00fccknehmen.<br \/>\nSie haben ab dem Datum Ihres R\u00fcckgabeantrags <strong>14 Kalendertage<\/strong> Zeit, um den Artikel zur\u00fcckzusenden.<\/span>[\/vc_column_text][vc_column_text]<\/p>\n<h5><strong>Wo kann ich ein Produkt zur\u00fcckschicken?<\/strong><\/h5>\n<p><span style=\"color: #000000;\">Ausgestellt auf :<\/span><\/p>\n<p><span style=\"color: #000000;\">Fighting Films \/ Kokoro<\/span><br \/>\n<span style=\"color: #000000;\">1 rue des Messageries<\/span><br \/>\n<span style=\"color: #000000;\">75010 Paris<\/span><\/p>\n<p><span style=\"color: #000000;\">Schlie\u00dflich sind die R\u00fccksendekosten derzeit noch vom K\u00e4ufer zu tragen, aber wir arbeiten an<\/span><br \/>\n<span style=\"color: #000000;\">einen kostenlosen R\u00fccksendeschein.<\/span>[\/vc_column_text][\/vc_column_inner][vc_column_inner width=&#8220;1\/2&#8243; css=&#8220;.vc_custom_1443416006097{padding-right: 5% !important;padding-left: 10px !important;}&#8220;][vc_column_text]<\/p>\n<h5><strong>Welche Bedingungen gelten f\u00fcr den Widerruf?<\/strong><\/h5>\n<p><span style=\"color: #000000;\">Sie haben 14 Kalendertage ab dem Tag, an dem Sie Ihr Produkt erhalten haben, um Ihr Widerrufsrecht auszu\u00fcben. Der Artikel darf nicht benutzt worden sein und muss in seiner Originalverpackung und in gutem Zustand zur\u00fcckgegeben werden. Bitte lassen Sie sich von uns beraten, damit Sie die richtige Gr\u00f6\u00dfe w\u00e4hlen! <\/span>[\/vc_column_text][vc_column_text]<\/p>\n<h5><strong>Was sind die Bedingungen f\u00fcr die R\u00fcckerstattung?<\/strong><\/h5>\n<p><span style=\"color: #000000;\">Solange sich ein Artikel noch im Originalzustand befindet, erfolgt die R\u00fcckerstattung in voller H\u00f6he, andernfalls nur teilweise oder gar nicht.<\/span>[\/vc_column_text][\/vc_column_inner][\/vc_row_inner][\/vc_column][\/vc_row][vc_row type=&#8220;boxed&#8220; background_style=&#8220;normal&#8220; css=&#8220;.vc_custom_1410359860044{padding-top: 30px !important;padding-bottom: 65px !important;}&#8220;][vc_column][vc_separator][\/vc_column][\/vc_row][vc_row type=&#8220;boxed&#8220; background_style=&#8220;normal&#8220; css=&#8220;.vc_custom_1487365260609{padding-right: 50px !important;padding-left: 50px !important;}&#8220;][vc_column][vc_column_text css=&#8220;.vc_custom_1629127378660{margin-bottom: 50px !important;}&#8220;]<\/p>\n<h3 style=\"text-align: center;\">Senden &amp; Liefern<\/h3>\n<p>[\/vc_column_text][vc_row_inner css=&#8220;.vc_custom_1410358939666{margin-bottom: 20px !important;}&#8220;][vc_column_inner width=&#8220;1\/2&#8243; css=&#8220;.vc_custom_1443415995655{padding-right: 5% !important;padding-left: 10px !important;}&#8220;][vc_column_text]<\/p>\n<h5><strong>Welche Versandart wird verwendet?<\/strong><\/h5>\n<p><span style=\"color: #000000;\">Die Lieferung erfolgt \u00fcber den Dienstleister DPD direkt zu Ihnen nach Hause. Oder per DHL, wenn Sie sich im Ausland befinden.<\/span>[\/vc_column_text][vc_column_text]<\/p>\n<h5><strong>Kann ich meine Bestellung im Gesch\u00e4ft abholen?<\/strong><\/h5>\n<p><span style=\"color: #000000;\">Sie k\u00f6nnen uns direkt in unserem Gesch\u00e4ft besuchen, wenn Sie Ihre Kimonos anprobieren und sich mit uns austauschen m\u00f6chten. Unser Team freut sich auf Ihren Besuch. <\/span>[\/vc_column_text][\/vc_column_inner][vc_column_inner width=&#8220;1\/2&#8243; css=&#8220;.vc_custom_1443416006097{padding-right: 5% !important;padding-left: 10px !important;}&#8220;][vc_column_text]<\/p>\n<h5><strong>Wann erhalte ich meine Bestellung?<\/strong><\/h5>\n<p><span style=\"color: #000000;\">Wenn die bestellten Artikel auf Lager sind, m\u00fcssen Sie zwischen 2 und 4 Werktagen f\u00fcr Frankreich und zwischen 4 und 8 Werktagen f\u00fcr die Europ\u00e4ische Union rechnen.<\/span>[\/vc_column_text][vc_column_text]<\/p>\n<h5><strong>Ich habe nicht alle meine bestellten Artikel erhalten. Was tun?<\/strong><\/h5>\n<p><span style=\"color: #000000;\">Bitte kontaktieren Sie uns \u00fcber unser Kontaktformular mit der Nummer Ihrer Bestellung als Betreff.<\/span>[\/vc_column_text][\/vc_column_inner][\/vc_row_inner][\/vc_column][\/vc_row][vc_row type=&#8220;boxed&#8220; background_style=&#8220;normal&#8220; css=&#8220;.vc_custom_1410359860044{padding-top: 30px !important;padding-bottom: 65px !important;}&#8220;][vc_column][vc_separator][\/vc_column][\/vc_row][vc_row type=&#8220;boxed&#8220; background_style=&#8220;normal&#8220; css=&#8220;.vc_custom_1487365260609{padding-right: 50px !important;padding-left: 50px !important;}&#8220;][vc_column][vc_column_text css=&#8220;.vc_custom_1629126376032{margin-bottom: 50px !important;}&#8220;]<\/p>\n<h3 style=\"text-align: center;\">Zahlung<\/h3>\n<p>[\/vc_column_text][vc_row_inner css=&#8220;.vc_custom_1410358939666{margin-bottom: 20px !important;}&#8220;][vc_column_inner width=&#8220;1\/2&#8243; css=&#8220;.vc_custom_1443415995655{padding-right: 5% !important;padding-left: 10px !important;}&#8220;][vc_column_text]<\/p>\n<h5><strong>Ist die Zahlung sicher?<\/strong><\/h5>\n<p><span style=\"color: #000000;\">Fighting Films garantiert Ihnen absolute Sicherheit bei Ihren E-Commerce-Eink\u00e4ufen. Sie k\u00f6nnen Ihre Eink\u00e4ufe mit einer Vielzahl von Kreditkarten (Visa, Mastercard, American Express) bezahlen. Dieses sichere Transaktionssystem wird durch den Anbieter PayPlug gew\u00e4hrleistet.<\/span>[\/vc_column_text][\/vc_column_inner][vc_column_inner width=&#8220;1\/2&#8243; css=&#8220;.vc_custom_1443416006097{padding-right: 5% !important;padding-left: 10px !important;}&#8220;][vc_column_text]<\/p>\n<h5><strong>Wie erhalte ich eine Rechnung?<\/strong><\/h5>\n<p><span style=\"color: #000000;\">Die Rechnungen sind in Ihrem Abonnentenbereich verf\u00fcgbar. Wenn Sie ein Problem bei der Ausstellung Ihrer Rechnung haben, gehen Sie auf die Seite <a style=\"color: #000000;\" href=\"https:\/\/www.fightingfilms.shop\/de\/kontakt\/\">Kontakt<\/a> und schicken Sie uns eine E-Mail.<\/span>[\/vc_column_text][\/vc_column_inner][\/vc_row_inner][\/vc_column][\/vc_row]<\/p>\n<\/div>","protected":false},"excerpt":{"rendered":"<p>[vc_row type=&#8220;boxed&#8220; background_style=&#8220;normal&#8220; css=&#8220;.vc_custom_1487365316112{margin-top: 75px !important;padding-right: 50px !important;padding-left: 50px !important;}&#8220;][vc_column][vc_column_text css=&#8220;.vc_custom_1629100962188{margin-bottom: 50px !important;}&#8220;] Mein Kauf von Kimono Fighting Films [\/vc_column_text][vc_row_inner css=&#8220;.vc_custom_1410358939666{margin-bottom: 20px !important;}&#8220;][vc_column_inner width=&#8220;1\/2&#8243; css=&#8220;.vc_custom_1443415906747{padding-right: 5% !important;padding-left: 10px !important;}&#8220;][vc_column_text] Wenn ich mir nicht sicher bin, welche Gr\u00f6\u00dfe mein Kimono haben soll? Sind Sie sich nicht sicher, welche Gr\u00f6\u00dfe Sie f\u00fcr Ihre Fighting Films Kimonos ben\u00f6tigen? [&hellip;]<\/p>\n","protected":false},"author":1,"featured_media":0,"parent":0,"menu_order":0,"comment_status":"closed","ping_status":"closed","template":"page-boxed.php","meta":{"footnotes":""},"class_list":["post-15321","page","type-page","status-publish","hentry"],"_links":{"self":[{"href":"https:\/\/fightingfilms.shop\/de\/wp-json\/wp\/v2\/pages\/15321","targetHints":{"allow":["GET"]}}],"collection":[{"href":"https:\/\/fightingfilms.shop\/de\/wp-json\/wp\/v2\/pages"}],"about":[{"href":"https:\/\/fightingfilms.shop\/de\/wp-json\/wp\/v2\/types\/page"}],"author":[{"embeddable":true,"href":"https:\/\/fightingfilms.shop\/de\/wp-json\/wp\/v2\/users\/1"}],"replies":[{"embeddable":true,"href":"https:\/\/fightingfilms.shop\/de\/wp-json\/wp\/v2\/comments?post=15321"}],"version-history":[{"count":0,"href":"https:\/\/fightingfilms.shop\/de\/wp-json\/wp\/v2\/pages\/15321\/revisions"}],"wp:attachment":[{"href":"https:\/\/fightingfilms.shop\/de\/wp-json\/wp\/v2\/media?parent=15321"}],"curies":[{"name":"wp","href":"https:\/\/api.w.org\/{rel}","templated":true}]}}