{"id":12393,"date":"2022-11-03T11:03:25","date_gmt":"2022-11-03T10:03:25","guid":{"rendered":"https:\/\/www.fightingfilms.shop\/produit\/unkategorisiert\/tatami-i-tis-competition-ijf\/"},"modified":"2024-01-25T10:22:06","modified_gmt":"2024-01-25T09:22:06","slug":"tatami-i-tis-competition-ijf","status":"publish","type":"product","link":"https:\/\/fightingfilms.shop\/de\/produit\/tatami-i-tis-competition-ijf\/","title":{"rendered":"Tatami I-TIS-Wettbewerb IJF von Trocellen"},"content":{"rendered":"<p style=\"text-align: left;\">Die I-TIS Competition Tatami IJF von ProGame Tatami von Trocellen ist ein neues Produkt, das Ergebnis der Weiterentwicklung des bisherigen TIS-Konzepts. Das I-TIS Judo-Tatami ist in jeder seiner Eigenschaften innovativ und revolution\u00e4r.<br \/>\n<strong>Es wurde von der <a href=\"http:\/\/www.ijf.org\" rel=\"nofollow noopener\" target=\"_blank\">International Judo Federation<\/a><\/strong> zugelassen und gilt als Produkt, <strong>das f\u00fcr alle Arten von Wettk\u00e4mpfen geeignet ist:<\/strong> von regionalen Turnieren bis hin zu olympischen Sein patentiertes unsichtbares Aufh\u00e4ngesystem h\u00e4lt die Platten w\u00e4hrend des Kampfes zusammen: Die I-TIS Competition IJF von ProGame Tatami ist die ideale Tatami f\u00fcr jede Art von Aktivit\u00e4t. Au\u00dferdem ben\u00f6tigt <strong>der installierte Bereich keine zus\u00e4tzlichen Rahmen.<\/strong><\/p>\n<p style=\"text-align: left;\">Dank seines geringen Gewichts ist er leicht zu verlegen, l\u00e4sst keine <strong>L\u00fccken zwischen den Matten<\/strong> entstehen und verrutscht im Gegensatz zu anderen herk\u00f6mmlichen Matten nicht. Schlie\u00dflich machen die durch diese Matte garantierte Sicherheit und ihr innovatives unsichtbares Aufh\u00e4ngesystem sie zur sichersten und stabilsten Tatami <strong>auf dem Markt<\/strong>, sie ist ideal f\u00fcr jede Art von Veranstaltung.<\/p>\n<p><strong>MINDESTBESTELLUNG: 40 St\u00fcck<\/strong><\/p>\n<p><strong>Lieferzeit: 8 Wochen<\/strong><\/p>\n<p>&nbsp;<\/p>\n<h2><strong>FORMAT<\/strong><\/h2>\n<ul>\n<li>L\u00e4nge: 2000 mm<\/li>\n<li>Breite: 1000 mm<\/li>\n<li>Dicke: 50 mm<\/li>\n<\/ul>\n<h2><strong>FARBE<\/strong><\/h2>\n<p>Rot\/Gelb, gem\u00e4\u00df IJF-Reglement f\u00fcr internationale Wettbewerbe<\/p>\n<h2><strong>EIGENSCHAFTEN<\/strong><\/h2>\n<ul>\n<li>Festzelliges Polyethylen mit einfacher Dichte<\/li>\n<li><strong>200cm x 100cm x 5cm<\/strong><\/li>\n<li>In Reisstroh gepr\u00e4gtes und insbesondere in vernetzten Polyethylenschaum gerolltes PVC<\/li>\n<li>Patentiertes unsichtbares Aufh\u00e4ngesystem, speziell entwickelt, um die Verwendung zus\u00e4tzlicher Rahmen zu vermeiden<\/li>\n<li>70 % leichter als herk\u00f6mmliche Tatami<\/li>\n<li>Waschbar, wasserdicht, leicht, sicher, innovativ<\/li>\n<li>Hohe Sto\u00dfd\u00e4mpfung, anerkannt und getestet von CRITT gem\u00e4\u00df FIJ-Label<\/li>\n<li>Mit Lasertechnologie markiertes FIJ-Logo und ProGame Tatami by Trocellen-Referenzen<\/li>\n<\/ul>\n<p>&nbsp;<\/p>\n<p>Sind Sie Leiter eines Judovereins ? Profitieren Sie von 20% Rabatt auf alle unsere Judo-Kimonos und 15% auf Zubeh\u00f6r, indem Sie sich gleich hier ein Clubkonto einrichten: https: <a href=\"https:\/\/www.fightingfilms.shop\/inscriptions\/\">\/\/www.fightingfilms.shop\/inscriptions\/<\/a><\/p>\n<p>Wenn Sie mehr \u00fcber unsere Partnerschaften mit Clubs erfahren m\u00f6chten, kontaktieren Sie uns bitte per E-Mail: contact@fightingfilms.fr .<\/p>\n","protected":false},"excerpt":{"rendered":"<p>Die Tatami I-TIS Competition IJF by ProGame <strong>wurde f\u00fcr intensives Training<\/strong> f\u00fcr Disziplinen wie Judo, Grappling, MMA, Brazilian Jiujitsu und alle anderen Kampfsportarten, die eine leistungsf\u00e4hige Trainingsfl\u00e4che erfordern, getestet und zugelassen.<\/p>\n<p>Es ist nach <strong>IJF-Standards<\/strong> f\u00fcr internationale Wettbewerbe zugelassen.<\/p>\n<p><strong>MINDESTBESTELLUNG: 40 St\u00fcck<\/strong><\/p>\n<p><strong>Lieferzeit: 8 Wochen<\/strong><\/p>\n<p>Ausgestattet mit einem patentierten <strong>unsichtbaren Hakensystem<\/strong>, das die Platten zusammenh\u00e4lt, ist die I-TIS Competition IJF by ProGame-Matte die ideale Tatami f\u00fcr jede Art von Aktivit\u00e4t. Au\u00dferdem ben\u00f6tigt der installierte Bereich keine zus\u00e4tzlichen Rahmen.<\/p>\n<p>Dank seines geringen Gewichts ist er <strong>leicht<\/strong> zu verlegen, l\u00e4sst keine <strong>L\u00fccken zwischen den Matten<\/strong> entstehen und verrutscht im Gegensatz zu anderen herk\u00f6mmlichen Matten nicht. Schlie\u00dflich machen die durch diese Matte garantierte Sicherheit und ihr innovatives unsichtbares Aufh\u00e4ngesystem sie zur sichersten und stabilsten Tatami auf dem Markt, sie kann an alle Sporthallen angepasst werden.<\/p>\n<p><strong>200cm x 100cm x 5cm<\/strong><\/p>\n","protected":false},"featured_media":12299,"comment_status":"closed","ping_status":"closed","template":"","meta":[],"product_brand":[],"product_cat":[306,340],"product_tag":[],"giftcard-category":[],"class_list":{"0":"post-12393","1":"product","2":"type-product","3":"status-publish","4":"has-post-thumbnail","6":"product_cat-pour-les-clubs-de","7":"product_cat-judo-zubehor","9":"first","10":"instock","11":"taxable","12":"shipping-taxable","13":"product-type-external"},"exclude_global_add_ons":[],"addons":[],"_links":{"self":[{"href":"https:\/\/fightingfilms.shop\/de\/wp-json\/wp\/v2\/product\/12393","targetHints":{"allow":["GET"]}}],"collection":[{"href":"https:\/\/fightingfilms.shop\/de\/wp-json\/wp\/v2\/product"}],"about":[{"href":"https:\/\/fightingfilms.shop\/de\/wp-json\/wp\/v2\/types\/product"}],"replies":[{"embeddable":true,"href":"https:\/\/fightingfilms.shop\/de\/wp-json\/wp\/v2\/comments?post=12393"}],"wp:featuredmedia":[{"embeddable":true,"href":"https:\/\/fightingfilms.shop\/de\/wp-json\/wp\/v2\/media\/12299"}],"wp:attachment":[{"href":"https:\/\/fightingfilms.shop\/de\/wp-json\/wp\/v2\/media?parent=12393"}],"wp:term":[{"taxonomy":"product_brand","embeddable":true,"href":"https:\/\/fightingfilms.shop\/de\/wp-json\/wp\/v2\/product_brand?post=12393"},{"taxonomy":"product_cat","embeddable":true,"href":"https:\/\/fightingfilms.shop\/de\/wp-json\/wp\/v2\/product_cat?post=12393"},{"taxonomy":"product_tag","embeddable":true,"href":"https:\/\/fightingfilms.shop\/de\/wp-json\/wp\/v2\/product_tag?post=12393"},{"taxonomy":"giftcard-category","embeddable":true,"href":"https:\/\/fightingfilms.shop\/de\/wp-json\/wp\/v2\/giftcard-category?post=12393"}],"curies":[{"name":"wp","href":"https:\/\/api.w.org\/{rel}","templated":true}]}}