{"id":14450,"date":"2023-11-21T15:38:59","date_gmt":"2023-11-21T14:38:59","guid":{"rendered":"https:\/\/www.fightingfilms.shop\/produit\/brasilianischer-jiu-jitsu-gurtel\/"},"modified":"2024-02-28T11:21:05","modified_gmt":"2024-02-28T10:21:05","slug":"jiu-jitsu-brazil-gurtel","status":"publish","type":"product","link":"https:\/\/fightingfilms.shop\/de\/produit\/jiu-jitsu-brazil-gurtel\/","title":{"rendered":"Brasilianischer Jiu-Jitsu-G\u00fcrtel"},"content":{"rendered":"<p>Nachdem wir vor kurzem unsere Kimonos f\u00fcr <a href=\"https:\/\/www.fightingfilms.shop\/produit\/kimono-de-jiu-jitsu-bresilien\/\">brasilianisches Jiu-Jitsu<\/a> herausgebracht haben, freuen wir uns, die Einf\u00fchrung unserer G\u00fcrtelserie passend dazu anzuk\u00fcndigen. Diese brasilianischen Jiu-Jitsu-G\u00fcrtel wurden entwickelt, um Ihr Trainingserlebnis zu verbessern. Sie sind in den Farben Wei\u00df, Blau, Violett, Braun und Schwarz erh\u00e4ltlich und eignen sich f\u00fcr Trainierende aller Niveaustufen.<\/p>\n<h2>Das Design des brasilianischen Jiu-Jitsu-G\u00fcrtels Fighting Films<\/h2>\n<p>Das Design des brasilianischen Jiu-Jitsu-G\u00fcrtels wurde ma\u00dfgefertigt, um die Verbindung zwischen Japan und Brasilien, dem Land des Jiu-Jitsu, aufrechtzuerhalten. Auf dem G\u00fcrtel entdecken Sie an einem Ende einen schwarzen Aufn\u00e4her, auf den Sie Ihre verschiedenen Dienstgrade aufsticken lassen k\u00f6nnen. Um Ihren G\u00fcrtel zu besticken, besuchen Sie unseren <a href=\"https:\/\/www.fightingfilms.shop\/la-meilleure-boutique-darts-martiaux-a-paris\/\">Pariser Kampfsportladen<\/a>.<\/p>\n<p>Auf der anderen Seite des G\u00fcrtels finden Sie einen Aufn\u00e4her, der in den Farben der Marke gestaltet ist. Eine brasilianische Flagge mit der japanischen Aufschrift &#8222;Brazilian Jiu-Jitsu&#8220; dar\u00fcber. In dieser neu gestalteten Flagge Brasiliens finden Sie das Logo <a href=\"https:\/\/fightingfilms.com\/\" rel=\"nofollow noopener\" target=\"_blank\">Fighting Films<\/a> sowie das Gr\u00fcndungsdatum der Marke und den Schriftzug &#8222;Brazilian jiu-jitsu&#8220;.<\/p>\n<p>Mit diesem schlichten und einzigartigen Design heben Sie sich auf der Tatami von der Masse ab.<\/p>\n<h2>Gestalten Sie Ihren Brazilian Jiu-Jitsu-G\u00fcrtel individuell.<\/h2>\n<p>Bei Fighting Films k\u00f6nnen Sie Ihren Brazilian Jiu-Jitsu-G\u00fcrtel ganz individuell gestalten. W\u00e4hlen Sie einen Namen, eine Schriftart und eine Farbe, um Ihren G\u00fcrtel mit dem gew\u00fcnschten Namen zu versehen.<\/p>\n<p>Es ist keine zus\u00e4tzliche Frist erforderlich, um Ihren G\u00fcrtel zu erhalten, da wir die Stickerei vor Ort in unserem Gesch\u00e4ft durchf\u00fchren.<\/p>\n<h2>Produktdetails<\/h2>\n<p>W\u00e4hlen Sie die Gr\u00f6\u00dfe des Brazilian Jiu-Jitsu-G\u00fcrtels, die am besten zu Ihnen passt, von A0 bis A3.<\/p>\n<p>A0=240cm<\/p>\n<p>A1=260cm<\/p>\n<p>A2=280cm<\/p>\n<p>A3=300cm<\/p>\n<p>A4=320cm<\/p>\n<p>A5=340cm<\/p>\n<p>Unser G\u00fcrtel besteht aus 100% Baumwolle und ist besonders langlebig, w\u00e4hrend er gleichzeitig f\u00fcr optimalen Komfort beim Training sorgt.<\/p>\n<p>&nbsp;<\/p>\n<div id=\"kurato_extension_modal\"><\/div>\n<div id=\"kurato_extension_modal\"><\/div>\n<div id=\"kurato_extension_modal\"><\/div>\n<div id=\"kurato_extension_modal\"><\/div>\n<div id=\"kurato_extension_modal\"><\/div>\n<div id=\"kurato_extension_modal\"><\/div>\n","protected":false},"excerpt":{"rendered":"<p>Entdecken Sie Spitzenleistungen mit unserem Brazilian Jiu Jitsu G\u00fcrtel. Er wurde entwickelt, um die \u00fcberlegene Leistung zu erbringen, die jeder K\u00e4mpfer auf der Matte braucht. Dieser G\u00fcrtel wurde mit Sorgfalt und Fachwissen hergestellt und ist das perfekte Accessoire f\u00fcr Jiu-Jitsu-Praktizierende aller Niveaus.<\/p>\n<div id=\"kurato_extension_modal\"><\/div>\n<div id=\"kurato_extension_modal\"><\/div>\n<div id=\"kurato_extension_modal\"><\/div>\n<div id=\"kurato_extension_modal\"><\/div>\n<div id=\"kurato_extension_modal\"><\/div>\n<div id=\"kurato_extension_modal\"><\/div>\n","protected":false},"featured_media":14423,"comment_status":"closed","ping_status":"closed","template":"","meta":[],"product_brand":[],"product_cat":[403],"product_tag":[],"giftcard-category":[],"class_list":{"0":"post-14450","1":"product","2":"type-product","3":"status-publish","4":"has-post-thumbnail","6":"product_cat-jiu-jitsu-de","7":"product_shipping_class-zubehor","9":"first","10":"instock","11":"taxable","12":"shipping-taxable","13":"purchasable","14":"product-type-variable"},"exclude_global_add_ons":[],"addons":[],"_links":{"self":[{"href":"https:\/\/fightingfilms.shop\/de\/wp-json\/wp\/v2\/product\/14450","targetHints":{"allow":["GET"]}}],"collection":[{"href":"https:\/\/fightingfilms.shop\/de\/wp-json\/wp\/v2\/product"}],"about":[{"href":"https:\/\/fightingfilms.shop\/de\/wp-json\/wp\/v2\/types\/product"}],"replies":[{"embeddable":true,"href":"https:\/\/fightingfilms.shop\/de\/wp-json\/wp\/v2\/comments?post=14450"}],"wp:featuredmedia":[{"embeddable":true,"href":"https:\/\/fightingfilms.shop\/de\/wp-json\/wp\/v2\/media\/14423"}],"wp:attachment":[{"href":"https:\/\/fightingfilms.shop\/de\/wp-json\/wp\/v2\/media?parent=14450"}],"wp:term":[{"taxonomy":"product_brand","embeddable":true,"href":"https:\/\/fightingfilms.shop\/de\/wp-json\/wp\/v2\/product_brand?post=14450"},{"taxonomy":"product_cat","embeddable":true,"href":"https:\/\/fightingfilms.shop\/de\/wp-json\/wp\/v2\/product_cat?post=14450"},{"taxonomy":"product_tag","embeddable":true,"href":"https:\/\/fightingfilms.shop\/de\/wp-json\/wp\/v2\/product_tag?post=14450"},{"taxonomy":"giftcard-category","embeddable":true,"href":"https:\/\/fightingfilms.shop\/de\/wp-json\/wp\/v2\/giftcard-category?post=14450"}],"curies":[{"name":"wp","href":"https:\/\/api.w.org\/{rel}","templated":true}]}}