{"id":14480,"date":"2023-10-24T16:42:53","date_gmt":"2023-10-24T14:42:53","guid":{"rendered":"https:\/\/www.fightingfilms.shop\/produit\/trainingsgriff-grip\/"},"modified":"2023-12-06T13:00:54","modified_gmt":"2023-12-06T12:00:54","slug":"griff-trainingsgriff-grip","status":"publish","type":"product","link":"https:\/\/fightingfilms.shop\/de\/produit\/griff-trainingsgriff-grip\/","title":{"rendered":"Trainingsgriff grip"},"content":{"rendered":"<p>Trainiere deinen Griff wie ein Champion! Mit dem Grip-Trainingsgriff von Fighting Films entwickelst du Kraft in deinen H\u00e4nden und deine Kimonogriffe werden nicht mehr dieselben sein!<\/p>\n<p>Im <a href=\"https:\/\/fr.wikipedia.org\/wiki\/Dojo\" rel=\"nofollow noopener\" target=\"_blank\">Dojo<\/a> und in der Sporthalle wird dir dieser Trainingsgriff n\u00fctzlich sein. Platziere eine Kettlebell in den Griffschlitz und mache Kreuzheben, der Griff wird deine Fingerkraft trainieren.<\/p>\n<p>&nbsp;<\/p>\n<div id=\"kurato_extension_modal\"><\/div>\n<div id=\"kurato_extension_modal\"><\/div>\n<div id=\"kurato_extension_modal\"><\/div>\n","protected":false},"excerpt":{"rendered":"<p>Entdecken Sie unser neues Trainingszubeh\u00f6r, das Trainingsgriffband . Mit diesem \u00dcbungsgriff k\u00f6nnen Sie Ihren Griff auf vielf\u00e4ltige Weise trainieren.<\/p>\n<p>Im Dojo und im Fitnessstudio hilft dir das Trainingsgriffband bei deinen \u00dcbungen. Ideal f\u00fcr Klimmz\u00fcge, Kettlebell-Arbeit und das Gef\u00fchl, den Kimono des Gegners zu greifen.<\/p>\n<p>Dieser \u00dcbungsgriff ist nur in Blau erh\u00e4ltlich und sein Design mit den <a href=\"https:\/\/www.fightingfilms.shop\/lhistoire-du-torii-japonais\/\">japanischen Torii<\/a> in Gold macht ihn zu einem ebenso technischen wie \u00e4sthetischen Accessoire.<\/p>\n<div id=\"kurato_extension_modal\"><\/div>\n<div id=\"kurato_extension_modal\"><\/div>\n<div id=\"kurato_extension_modal\"><\/div>\n","protected":false},"featured_media":33154,"comment_status":"closed","ping_status":"closed","template":"","meta":[],"product_brand":[],"product_cat":[340],"product_tag":[],"giftcard-category":[],"class_list":{"0":"post-14480","1":"product","2":"type-product","3":"status-publish","4":"has-post-thumbnail","6":"product_cat-judo-zubehor","7":"product_shipping_class-zubehor","9":"first","10":"outofstock","11":"taxable","12":"shipping-taxable","13":"purchasable","14":"product-type-variable"},"exclude_global_add_ons":[],"addons":[],"_links":{"self":[{"href":"https:\/\/fightingfilms.shop\/de\/wp-json\/wp\/v2\/product\/14480","targetHints":{"allow":["GET"]}}],"collection":[{"href":"https:\/\/fightingfilms.shop\/de\/wp-json\/wp\/v2\/product"}],"about":[{"href":"https:\/\/fightingfilms.shop\/de\/wp-json\/wp\/v2\/types\/product"}],"replies":[{"embeddable":true,"href":"https:\/\/fightingfilms.shop\/de\/wp-json\/wp\/v2\/comments?post=14480"}],"wp:featuredmedia":[{"embeddable":true,"href":"https:\/\/fightingfilms.shop\/de\/wp-json\/wp\/v2\/media\/33154"}],"wp:attachment":[{"href":"https:\/\/fightingfilms.shop\/de\/wp-json\/wp\/v2\/media?parent=14480"}],"wp:term":[{"taxonomy":"product_brand","embeddable":true,"href":"https:\/\/fightingfilms.shop\/de\/wp-json\/wp\/v2\/product_brand?post=14480"},{"taxonomy":"product_cat","embeddable":true,"href":"https:\/\/fightingfilms.shop\/de\/wp-json\/wp\/v2\/product_cat?post=14480"},{"taxonomy":"product_tag","embeddable":true,"href":"https:\/\/fightingfilms.shop\/de\/wp-json\/wp\/v2\/product_tag?post=14480"},{"taxonomy":"giftcard-category","embeddable":true,"href":"https:\/\/fightingfilms.shop\/de\/wp-json\/wp\/v2\/giftcard-category?post=14480"}],"curies":[{"name":"wp","href":"https:\/\/api.w.org\/{rel}","templated":true}]}}