{"id":14481,"date":"2023-08-23T17:05:04","date_gmt":"2023-08-23T15:05:04","guid":{"rendered":"https:\/\/www.fightingfilms.shop\/produit\/judobuch-fuer-kinder\/"},"modified":"2024-01-19T16:21:07","modified_gmt":"2024-01-19T15:21:07","slug":"buch-von-judo-fur-kinder","status":"publish","type":"product","link":"https:\/\/fightingfilms.shop\/de\/produit\/buch-von-judo-fur-kinder\/","title":{"rendered":"Judobuch f\u00fcr Kinder"},"content":{"rendered":"<p>Wir stellen Ihnen drei B\u00fccher vor, mit denen Sie die Welt des kindgerechten Judos entdecken k\u00f6nnen. In diesem Judo-Buch f\u00fcr Kinder lernen Ihre Kinder die Werte dieser weltweit beliebten Kampfkunst kennen.<\/p>\n<p>Lernen Sie Judo mithilfe dieser Judob\u00fccher f\u00fcr Kinder von Koka Kids.<\/p>\n<p>Mithilfe von drei verschiedenen B\u00fcchern wird Ihr Kind unwissend \u00fcber Judo werden!<\/p>\n<h2>Erh\u00e4ltlich als Vorbestellung<\/h2>\n<p>&nbsp;<\/p>\n<h2 style=\"font-weight: 400;\"><strong>Judobuch: 40 Judotechniken<\/strong><\/h2>\n<p style=\"font-weight: 400;\">F\u00e4llt es Ihnen schwer, sich an alle <a href=\"https:\/\/www.fightingfilms.shop\/les-techniques-les-plus-utilisees-dans-les-competitions-internationales\/\">Judotechniken<\/a> und ihre Namen zu erinnern? Dieses Buch erleichtert das Lernen. Leicht zu merkende Illustrationen f\u00fchren Sie durch jede Technik. Die <a href=\"https:\/\/fr.wikipedia.org\/wiki\/Gokyo_(judo)\" rel=\"nofollow noopener\" target=\"_blank\">40 Judow\u00fcrfe des Gokyo<\/a> sind enthalten.<\/p>\n<p style=\"font-weight: 400;\">Dies ist unser meistverkauftes Judobuch, das f\u00fcr Judokas aller Niveaus geeignet ist.<\/p>\n<p style=\"font-weight: 400;\">Entdecken Sie in diesem Buch die Tipps eines Weltmeisters, um optimal zu performen!<\/p>\n<p>&nbsp;<\/p>\n<div>\n<h2 class=\"Default\"><b>Der Moralkodex des Judo<\/b><b><\/b><\/h2>\n<\/div>\n<div>\n<p class=\"Default\">Dieser Kodex wurde vor<span lang=\"IT\">fast<\/span>200 Jahren von Jigoro Kano, dem Gr\u00fcnder des Judo, aufgestellt.<\/p>\n<\/div>\n<div>\n<p class=\"Default\">Um das herauszufinden, reisen wir in der Zeit zur\u00fcck. Wir reisen zur\u00fcck ins Jahr 1860 und besuchen ein kleines Fischerdorf in Japan namens Mikage<span dir=\"RTL\" lang=\"AR-SA\">.<\/span><\/p>\n<\/div>\n<div>\n<p class=\"Default\">Dies ist das Geburtsdatum und der Geburtsort von Jigoro Kano<span dir=\"RTL\" lang=\"AR-SA\">.<\/span><\/p>\n<\/div>\n<div>\n<p class=\"Default\">Jigoro Kano wird eines Tages in der ganzen Welt<span lang=\"IT\">sehr<\/span>hoch gesch\u00e4tzt werden.<\/p>\n<\/div>\n<div>\n<p class=\"Default\">Doch das Leben hat f\u00fcr den jungen Jigoro nicht so begonnen<span dir=\"RTL\" lang=\"AR-SA\">.<\/span> Als Kind wuchs er in Japan auf und wurde gemobbt und verspottet.<\/p>\n<\/div>\n<div>\n<p class=\"Default\">Mit gro\u00dfem Mut machte sich Jigoro daran, sein Leben und damit das Leben von Millionen von Menschen zu ver\u00e4ndern.<\/p>\n<\/div>\n<div>\n<p class=\"Default\">Willst du in der Zeit zur\u00fcckreisen und herausfinden, wie?<\/p>\n<\/div>\n<p>&nbsp;<\/p>\n<div>\n<h2 class=\"Default\"><b>Judo-Lexikon: 85 japanische W\u00f6rter<\/b><b><\/b><\/h2>\n<\/div>\n<div>\n<p class=\"Default\">Alle Judow\u00f6rter, die du bis zum schwarzen G\u00fcrtel kennen musst, sind in diesem Judobuch enthalten!<\/p>\n<\/div>\n<div>\n<p class=\"Default\">Die W\u00f6rter sind in leicht zu lernende Abschnitte mit lustigen Illustrationen und Vokabeltabellen unterteilt.<\/p>\n<\/div>\n<div>\n<p class=\"Default\">Am Ende der Lekt\u00fcre dieses Buches werden Sie in der Lage sein, 85 japanische Judow\u00f6rter zu verstehen.<\/p>\n<\/div>\n<p>&nbsp;<\/p>\n<p>Um mit Judo optimal zu beginnen, sollten Sie neben einem Judobuch f\u00fcr Kinder auch an seine Ausr\u00fcstung denken!<\/p>\n<p>Fighting Films bietet eine gro\u00dfe Auswahl an <a href=\"https:\/\/www.fightingfilms.shop\/categorie\/kimonos\/kimonos-de-judo\/\">Judokimonos<\/a>, die f\u00fcr jeden geeignet sind. Entdecken Sie die<a href=\"https:\/\/www.fightingfilms.shop\/categorie\/kimonos\/kimonos-de-judo\/kimonos-enfants\/\"> Judo-Kimonos f\u00fcr Kinder<\/a> unserer Marke, um Ihr Kind bestm\u00f6glich auszustatten.<\/p>\n<p>Um Ihre Kimonos anzuprobieren oder unsere Produkte zu entdecken, besuchen Sie unsere Pariser Boutique in der 1 rue des Messageries .<\/p>\n<div id=\"kurato_extension_modal\"><\/div>\n","protected":false},"excerpt":{"rendered":"<p>Das Erlernen der Grundlagen des Judo kann f\u00fcr einige j\u00fcngere Kinder kompliziert sein. Entscheiden Sie sich f\u00fcr ein Judobuch f\u00fcr Kinder, das wir anbieten, um die Techniken, Werte und die Geschichte dieser einzigartigen Kampfkunst bestm\u00f6glich zu verstehen.<\/p>\n<p>Entdecken Sie unsere drei B\u00fccher: 40 Judotechniken, Der Moralkodex des Judo, Judo-Lexikon: 85 japanische W\u00f6rter.<\/p>\n<h2><strong>Erh\u00e4ltlich als Vorbestellung<\/strong><\/h2>\n<div id=\"kurato_extension_modal\"><\/div>\n","protected":false},"featured_media":14378,"comment_status":"closed","ping_status":"closed","template":"","meta":[],"product_brand":[],"product_cat":[340],"product_tag":[],"giftcard-category":[],"class_list":{"0":"post-14481","1":"product","2":"type-product","3":"status-publish","4":"has-post-thumbnail","6":"product_cat-judo-zubehor","7":"product_shipping_class-gurtel-oder-tasse","9":"first","10":"outofstock","11":"taxable","12":"shipping-taxable","13":"purchasable","14":"product-type-variable"},"exclude_global_add_ons":[],"addons":[],"_links":{"self":[{"href":"https:\/\/fightingfilms.shop\/de\/wp-json\/wp\/v2\/product\/14481","targetHints":{"allow":["GET"]}}],"collection":[{"href":"https:\/\/fightingfilms.shop\/de\/wp-json\/wp\/v2\/product"}],"about":[{"href":"https:\/\/fightingfilms.shop\/de\/wp-json\/wp\/v2\/types\/product"}],"replies":[{"embeddable":true,"href":"https:\/\/fightingfilms.shop\/de\/wp-json\/wp\/v2\/comments?post=14481"}],"wp:featuredmedia":[{"embeddable":true,"href":"https:\/\/fightingfilms.shop\/de\/wp-json\/wp\/v2\/media\/14378"}],"wp:attachment":[{"href":"https:\/\/fightingfilms.shop\/de\/wp-json\/wp\/v2\/media?parent=14481"}],"wp:term":[{"taxonomy":"product_brand","embeddable":true,"href":"https:\/\/fightingfilms.shop\/de\/wp-json\/wp\/v2\/product_brand?post=14481"},{"taxonomy":"product_cat","embeddable":true,"href":"https:\/\/fightingfilms.shop\/de\/wp-json\/wp\/v2\/product_cat?post=14481"},{"taxonomy":"product_tag","embeddable":true,"href":"https:\/\/fightingfilms.shop\/de\/wp-json\/wp\/v2\/product_tag?post=14481"},{"taxonomy":"giftcard-category","embeddable":true,"href":"https:\/\/fightingfilms.shop\/de\/wp-json\/wp\/v2\/giftcard-category?post=14481"}],"curies":[{"name":"wp","href":"https:\/\/api.w.org\/{rel}","templated":true}]}}