{"id":14486,"date":"2023-06-30T16:04:18","date_gmt":"2023-06-30T14:04:18","guid":{"rendered":"https:\/\/www.fightingfilms.shop\/produit\/schnelle-haende-von-darcel-yandzi\/"},"modified":"2024-07-01T19:42:11","modified_gmt":"2024-07-01T17:42:11","slug":"fasthands-darcel-yandzi","status":"publish","type":"product","link":"https:\/\/fightingfilms.shop\/de\/produit\/fasthands-darcel-yandzi\/","title":{"rendered":"Schnelle H\u00e4nde von Darcel Yandzi"},"content":{"rendered":"<p>Das neue Accessoire von Fighting Films, die Fast Hands by <a href=\"https:\/\/www.fightingfilms.shop\/darcel-yandzi-et-fighting-films\/\">Darcel Yandzi<\/a>, sind erh\u00e4ltlich.<\/p>\n<p>Trainieren Sie den ganzen Sommer \u00fcber weiter, ohne Partner, um Ihre Kimono-Greifgeschwindigkeit beizubehalten. Mit den fast hands by Darcel Yandzi stehen Ihnen viele M\u00f6glichkeiten offen. Ultra-robust und speziell von der Judo-Legende entworfen, werden die Fast Hands Sie \u00fcberall hin begleiten. Kein Trainingspartner erforderlich. Befestigen Sie sie direkt an einem Pfosten oder einem Baum und Sie k\u00f6nnen minutenlang \u00fcben.<\/p>\n<p>Der hohe Widerstand der Seile erm\u00f6glicht eine Vielzahl von \u00dcbungen, die Sie auch in der Urlaubszeit k\u00f6rperlich fit halten.<\/p>\n<p>Klein und praktisch zu transportieren, sind Fast Hands ideal, wenn du weit weg von zu Hause trainieren m\u00f6chtest.<\/p>\n<p>Erh\u00e4ltlich in zwei Farben:<\/p>\n<ul>\n<li>Wei\u00df mit Gummib\u00e4ndern und schwarzem Fighting Films Logo<\/li>\n<li>Blau mit roten Gummib\u00e4ndern und goldenem Fighting Films Logo<\/li>\n<\/ul>\n<p>&nbsp;<\/p>\n<p>Entdecken Sie unser weiteres <a href=\"https:\/\/www.fightingfilms.shop\/categorie\/accessoires-de-judo\/\">Judozubeh\u00f6r<\/a>, das sich perfekt f\u00fcr das Training unter allen Bedingungen eignet.<\/p>\n<p>&nbsp;<\/p>\n<p>Besuchen Sie das Judogesch\u00e4ft Nummer 1 in Paris. Sie finden uns in <a href=\"https:\/\/www.google.com\/maps?client=safari&amp;rls=en&amp;q=1+rue+des+Messageries+75010+paris&amp;oe=UTF-8&amp;um=1&amp;ie=UTF-8&amp;sa=X&amp;ved=2ahUKEwi2tL7GlOv_AhXzaqQEHT-JC2sQ_AUoAXoECAMQAw\" rel=\"nofollow noopener\" target=\"_blank\">1 rue des Messageries, 75010 Paris<\/a>, von Montag bis Freitag.<\/p>\n<p>&nbsp;<\/p>\n<p>Um alle aktuellen Nachrichten \u00fcber Fighting Films und das Weltjudo zu erfahren, folgen Sie uns bitte auf unseren sozialen Netzwerken @fightingfilmseu .<\/p>\n<div id=\"kurato_extension_modal\"><\/div>\n","protected":false},"excerpt":{"rendered":"<p>Das neue Judo-Trainingszubeh\u00f6r ist erh\u00e4ltlich. Die Fast Hands by <a href=\"https:\/\/www.fightingfilms.shop\/darcel-yandzi-et-fighting-films\/\">Darcel Yandzi<\/a> wurden von dem Judo-Experten, der 1993 Europameister in der Klasse -78kg wurde, speziell f\u00fcr Sie entworfen.<\/p>\n<p>Trainieren Sie Ihren Griff und Ihre Geschwindigkeit beim Kimonogreifen mit diesen kleineren Uchi Komi Sleeves mit einem Loch zum Einf\u00fchren des Daumens.<\/p>\n<div id=\"kurato_extension_modal\"><\/div>\n","protected":false},"featured_media":22653,"comment_status":"closed","ping_status":"closed","template":"","meta":[],"product_brand":[],"product_cat":[340],"product_tag":[],"giftcard-category":[],"class_list":{"0":"post-14486","1":"product","2":"type-product","3":"status-publish","4":"has-post-thumbnail","6":"product_cat-judo-zubehor","8":"first","9":"instock","10":"taxable","11":"shipping-taxable","12":"purchasable","13":"product-type-variable"},"exclude_global_add_ons":[],"addons":[],"_links":{"self":[{"href":"https:\/\/fightingfilms.shop\/de\/wp-json\/wp\/v2\/product\/14486","targetHints":{"allow":["GET"]}}],"collection":[{"href":"https:\/\/fightingfilms.shop\/de\/wp-json\/wp\/v2\/product"}],"about":[{"href":"https:\/\/fightingfilms.shop\/de\/wp-json\/wp\/v2\/types\/product"}],"replies":[{"embeddable":true,"href":"https:\/\/fightingfilms.shop\/de\/wp-json\/wp\/v2\/comments?post=14486"}],"wp:featuredmedia":[{"embeddable":true,"href":"https:\/\/fightingfilms.shop\/de\/wp-json\/wp\/v2\/media\/22653"}],"wp:attachment":[{"href":"https:\/\/fightingfilms.shop\/de\/wp-json\/wp\/v2\/media?parent=14486"}],"wp:term":[{"taxonomy":"product_brand","embeddable":true,"href":"https:\/\/fightingfilms.shop\/de\/wp-json\/wp\/v2\/product_brand?post=14486"},{"taxonomy":"product_cat","embeddable":true,"href":"https:\/\/fightingfilms.shop\/de\/wp-json\/wp\/v2\/product_cat?post=14486"},{"taxonomy":"product_tag","embeddable":true,"href":"https:\/\/fightingfilms.shop\/de\/wp-json\/wp\/v2\/product_tag?post=14486"},{"taxonomy":"giftcard-category","embeddable":true,"href":"https:\/\/fightingfilms.shop\/de\/wp-json\/wp\/v2\/giftcard-category?post=14486"}],"curies":[{"name":"wp","href":"https:\/\/api.w.org\/{rel}","templated":true}]}}