{"id":14489,"date":"2023-06-01T16:54:30","date_gmt":"2023-06-01T14:54:30","guid":{"rendered":"https:\/\/www.fightingfilms.shop\/produit\/brasilianischer-jiu-jitsu-kimono\/"},"modified":"2026-01-09T02:41:25","modified_gmt":"2026-01-09T01:41:25","slug":"kimono-de-jiu-jitsu-bresilien","status":"publish","type":"product","link":"https:\/\/fightingfilms.shop\/de\/produit\/kimono-de-jiu-jitsu-bresilien\/","title":{"rendered":"Brasilianischer Jiu-Jitsu-Kimono"},"content":{"rendered":"<p>Wenn <strong>Japan und Brasilien aufeinandertreffen<\/strong>. Die beiden Gebiete der Kampfk\u00fcnste, treffen sich, um den <strong>brasilianischen Jiu-Jitsu-Kimono Fighting Films<\/strong> zu bilden. Entstanden aus langen \u00dcberlegungen, um einen qualitativ hochwertigen Kimono anzubieten und gleichzeitig einen angemessenen Preis beizubehalten.<\/p>\n<p>Der <strong>Yokai-Kimono<\/strong>, dessen Name von Kreaturen aus der japanischen Folklore inspiriert ist, ist unser erstes Produkt in unserem Sortiment an brasilianischem Jiu-Jitsu, das noch weiter ausgebaut werden soll.<\/p>\n<p><strong>Warum brasilianisches Jiu-Jitsu?<\/strong> Es ist eine mit Judo verwandte Kampfkunst, die sich auf die Bodenarbeit konzentriert, die im heutigen Judo immer wichtiger geworden ist. Judokas, die h\u00e4ufig trainieren, sehen sich gezwungen, diese Kampfkunst zu \u00fcben, um ihre Bodenbeherrschung zu perfektionieren. Der <a href=\"https:\/\/www.fightingfilms.shop\/categorie\/kimonos\/kimonos-de-judo\/\">Judokimono<\/a> ist jedoch nicht ideal, um unter optimalen Bedingungen zu trainieren.<\/p>\n<h2>Die St\u00e4rken unseres brasilianischen Jiu-Jitsu-Kimonos :<\/h2>\n<p>Also entwarfen wir unseren ersten brasilianischen Jiu-Jitsu-Kimono, indem wir den Anforderungen der Jujitsukas folgten. Mit diesem <strong>leichten (450 Gr) und hochwer<\/strong> tigen Kimono k\u00f6nnen Sie mehrmals pro Woche Jiu-Jitsu \u00fcben und auch an Wettk\u00e4mpfen teilnehmen. Die Jacke ist aus Baumwolle gefertigt und in Reiskornbindung gewebt. Die Hose besteht aus Ripstop, einem Material, das speziell f\u00fcr den Bodenkampf entwickelt wurde. Es ist extrem widerstandsf\u00e4hig und leicht und damit das Material schlechthin f\u00fcr den JJB.<\/p>\n<p>Der Kimono ist <strong>gemischt<\/strong> und in drei Farben erh\u00e4ltlich: <strong>Wei\u00df, Schwarz, Blau und Khaki<\/strong>.<\/p>\n<p>Dieser einfache Kimono wird trotzdem mit den Farben von Fighting Films personalisiert. Das <strong>Logo ist auf das Herz gestickt<\/strong> und direkt darunter in japanischer Schrift geschrieben. Auf dem R\u00fccken befindet sich die Aufschrift &#8222;Fighting Spirit&#8220;. Schlie\u00dflich ist auch die Hose leicht personalisiert, auf der in japanischer Schrift Fighting Films geschrieben steht.<\/p>\n<p>Mit diesem Kimono kannst du trainieren oder in den franz\u00f6sischen und internationalen Wettk\u00e4mpfen der <a href=\"https:\/\/cfjjb.com\" rel=\"nofollow noopener\" target=\"_blank\">CFJJB<\/a> k\u00e4mpfen.<\/p>\n<p>Lesen Sie unseren Artikel \u00fcber <a href=\"https:\/\/www.fightingfilms.shop\/differences-kimono-judo-ou-jjb\/\">die Unterschiede zwischen einem Judo-Kimono und einem brasilianischen Jiu-Jitsu-Kimono<\/a>.<\/p>\n<div id=\"kurato_extension_modal\"><\/div>\n<div id=\"kurato_extension_modal\"><\/div>\n<div id=\"kurato_extension_modal\"><\/div>\n<div id=\"kurato_extension_modal\"><\/div>\n","protected":false},"excerpt":{"rendered":"<p>Fighting Films bringt seinen ersten <a href=\"https:\/\/www.espritjjb.com\/jujitsu-bresilien-cest-quoi\">brasilianischen Jiu-Jitsu-Kimono<\/a> auf den Markt!<\/p>\n<p>Der japanischste aller brasilianischen Jiu-Jitsu-Kimonos ist endlich da! Entdecken Sie unseren Yokai-Kimono. Inspiriert von den Namen der Kreaturen aus der japanischen Folklore wurde er entworfen, um die Erwartungen der Jujitsukas zu erf\u00fcllen. Sein einzigartiges Design und seine Hose aus Ripstop, einem hyperresistenten Stoff, ist f\u00fcr Jiu-Jitsu gemacht.<\/p>\n<p>Der Kimono ist in drei Farben erh\u00e4ltlich und gemischtgeschlechtlich.<\/p>\n<p>Gr\u00f6\u00dfenratgeber:<\/p>\n<p>A1= 160cm<\/p>\n<p>A2=170cm<\/p>\n<p>A3=180cm<\/p>\n<p>A4=190cm<\/p>\n<p>A5=200cm<\/p>\n<h4 id=\"kurato_extension_modal\">Immer noch unsicher bei der Wahl der Judogi-Gr\u00f6\u00dfe? Entdecken Sie unseren <strong><a href=\"http:\/\/tinyurl.com\/2mjwnc4w\">Gr\u00f6\u00dfenberater .<\/a><\/strong><\/h4>\n<div id=\"kurato_extension_modal\"><\/div>\n<div id=\"kurato_extension_modal\"><\/div>\n<div id=\"kurato_extension_modal\"><\/div>\n","protected":false},"featured_media":27263,"comment_status":"closed","ping_status":"closed","template":"","meta":[],"product_brand":[],"product_cat":[347],"product_tag":[],"giftcard-category":[],"class_list":{"0":"post-14489","1":"product","2":"type-product","3":"status-publish","4":"has-post-thumbnail","6":"product_cat-kimonos-jiu-jitsu","7":"product_shipping_class-kimono-black-label-superstar-de","9":"first","10":"instock","11":"taxable","12":"shipping-taxable","13":"purchasable","14":"product-type-variable"},"exclude_global_add_ons":[],"addons":[],"_links":{"self":[{"href":"https:\/\/fightingfilms.shop\/de\/wp-json\/wp\/v2\/product\/14489","targetHints":{"allow":["GET"]}}],"collection":[{"href":"https:\/\/fightingfilms.shop\/de\/wp-json\/wp\/v2\/product"}],"about":[{"href":"https:\/\/fightingfilms.shop\/de\/wp-json\/wp\/v2\/types\/product"}],"replies":[{"embeddable":true,"href":"https:\/\/fightingfilms.shop\/de\/wp-json\/wp\/v2\/comments?post=14489"}],"wp:featuredmedia":[{"embeddable":true,"href":"https:\/\/fightingfilms.shop\/de\/wp-json\/wp\/v2\/media\/27263"}],"wp:attachment":[{"href":"https:\/\/fightingfilms.shop\/de\/wp-json\/wp\/v2\/media?parent=14489"}],"wp:term":[{"taxonomy":"product_brand","embeddable":true,"href":"https:\/\/fightingfilms.shop\/de\/wp-json\/wp\/v2\/product_brand?post=14489"},{"taxonomy":"product_cat","embeddable":true,"href":"https:\/\/fightingfilms.shop\/de\/wp-json\/wp\/v2\/product_cat?post=14489"},{"taxonomy":"product_tag","embeddable":true,"href":"https:\/\/fightingfilms.shop\/de\/wp-json\/wp\/v2\/product_tag?post=14489"},{"taxonomy":"giftcard-category","embeddable":true,"href":"https:\/\/fightingfilms.shop\/de\/wp-json\/wp\/v2\/giftcard-category?post=14489"}],"curies":[{"name":"wp","href":"https:\/\/api.w.org\/{rel}","templated":true}]}}