{"id":14505,"date":"2023-01-27T12:07:30","date_gmt":"2023-01-27T11:07:30","guid":{"rendered":"https:\/\/www.fightingfilms.shop\/produit\/judo-parka-fighting-films\/"},"modified":"2026-01-17T18:04:42","modified_gmt":"2026-01-17T17:04:42","slug":"parka-de-judo-fighting-films","status":"publish","type":"product","link":"https:\/\/fightingfilms.shop\/de\/produit\/parka-de-judo-fighting-films\/","title":{"rendered":"Judo-Parka Fighting Films"},"content":{"rendered":"<p>lUnser hochwertiger <strong>Judo-Parka<\/strong> Fighting Films wurde f\u00fcr Judok\u00e4mpfer aller Leistungsstufen entworfen. Sie ist ideal, um dich \u00fcber deinem <a href=\"https:\/\/www.fightingfilms.shop\/categorie-produit\/kimonos-de-judo\/\">Judokimono<\/a> warm zu halten.<\/p>\n<p>Aus hochwertigen Materialien gefertigt, ist sie verschlei\u00dffest und pflegeleicht, aber dennoch <strong>leicht<\/strong>. Die Kapuze und der Frontrei\u00dfverschluss sorgen f\u00fcr optimalen Schutz vor Wind und Wetter. W\u00e4hrend die Seitentaschen und die Innentasche Platz f\u00fcr Zubeh\u00f6r bieten, das f\u00fcr das <strong>Judo<\/strong> ben\u00f6tigt wird. Der Judo-Parka Fighting Films ist <strong>unisex<\/strong> und in Schwarz von S bis XXL erh\u00e4ltlich. 3\/4-Schnitt.<\/p>\n<p>Das Fighting Films Logo ist<strong> auf das Herz gestickt<\/strong>. Au\u00dferdem ist es m\u00f6glich, den Parka in den Farben deines Vereins zu personalisieren!<\/p>\n<p>Der Zweiwege-Rei\u00dfverschluss sorgt f\u00fcr mehr Beweglichkeit an den Beinen. Ideal f\u00fcr die Montage auf Ihrem Roller oder Fahrrad.<\/p>\n<p>Mit einem modernen Schnitt und einer Vielzahl an verf\u00fcgbaren Gr\u00f6\u00dfen ist unser Judo-Parka die ideale Ausr\u00fcstung f\u00fcr <strong>Judotraining und -wettk\u00e4mpfe<\/strong>. Um zwischen den K\u00e4mpfen im Wettkampf warm zu bleiben, ist unser Judo-Parka Fighting Films ideal.<\/p>\n<p>Bestellen Sie jetzt Ihren hochwertigen Judo-Parka auf unserer Website und profitieren Sie von einer schnellen Lieferung und einem ausgezeichneten Kundenservice. Entdecken Sie unsere anderen <a href=\"https:\/\/www.fightingfilms.shop\/categorie\/accessoires-de-judo\/\">Judo-Accessoires<\/a> und <a href=\"https:\/\/www.fightingfilms.shop\/categorie\/textile-de-judo\/\">Judo-Textilien<\/a>.<\/p>\n<p>Vereine k\u00f6nnen sich gerne per E-Mail an uns wenden. <a href=\"https:\/\/www.fightingfilms.shop\/contact\/\"><br \/>\n  <i>hier<\/i><br \/>\n<\/a> um von Erm\u00e4\u00dfigungen zu profitieren.<\/p>\n<p>&nbsp;<\/p>\n<div id=\"kurato_extension_modal\"><\/div>\n<div id=\"kurato_extension_modal\"><\/div>\n","protected":false},"excerpt":{"rendered":"<p>Entdecken Sie unseren Judo-Parka Fighting Films Unisex. Seine Leichtigkeit und sein Komfort sorgen daf\u00fcr, dass du zwischen den K\u00e4mpfen warm bleibst!<\/p>\n<p>Das Fighting Films Logo ist <strong>auf das Herz<\/strong> dieses 3\/4 Parka gestickt .<\/p>\n<p>Der Zweiwege-Rei\u00dfverschluss sorgt f\u00fcr mehr Beweglichkeit an den Beinen.<\/p>\n<p>Erh\u00e4ltlich in Schwarz von S bis XXL.<\/p>\n<div id=\"kurato_extension_modal\"><\/div>\n<div id=\"kurato_extension_modal\"><\/div>\n","protected":false},"featured_media":25608,"comment_status":"closed","ping_status":"closed","template":"","meta":[],"product_brand":[],"product_cat":[354],"product_tag":[],"giftcard-category":[],"class_list":{"0":"post-14505","1":"product","2":"type-product","3":"status-publish","4":"has-post-thumbnail","6":"product_cat-judo-textilien","7":"product_shipping_class-zubehor","9":"first","10":"instock","11":"taxable","12":"shipping-taxable","13":"purchasable","14":"product-type-variable"},"exclude_global_add_ons":[],"addons":[],"_links":{"self":[{"href":"https:\/\/fightingfilms.shop\/de\/wp-json\/wp\/v2\/product\/14505","targetHints":{"allow":["GET"]}}],"collection":[{"href":"https:\/\/fightingfilms.shop\/de\/wp-json\/wp\/v2\/product"}],"about":[{"href":"https:\/\/fightingfilms.shop\/de\/wp-json\/wp\/v2\/types\/product"}],"replies":[{"embeddable":true,"href":"https:\/\/fightingfilms.shop\/de\/wp-json\/wp\/v2\/comments?post=14505"}],"wp:featuredmedia":[{"embeddable":true,"href":"https:\/\/fightingfilms.shop\/de\/wp-json\/wp\/v2\/media\/25608"}],"wp:attachment":[{"href":"https:\/\/fightingfilms.shop\/de\/wp-json\/wp\/v2\/media?parent=14505"}],"wp:term":[{"taxonomy":"product_brand","embeddable":true,"href":"https:\/\/fightingfilms.shop\/de\/wp-json\/wp\/v2\/product_brand?post=14505"},{"taxonomy":"product_cat","embeddable":true,"href":"https:\/\/fightingfilms.shop\/de\/wp-json\/wp\/v2\/product_cat?post=14505"},{"taxonomy":"product_tag","embeddable":true,"href":"https:\/\/fightingfilms.shop\/de\/wp-json\/wp\/v2\/product_tag?post=14505"},{"taxonomy":"giftcard-category","embeddable":true,"href":"https:\/\/fightingfilms.shop\/de\/wp-json\/wp\/v2\/giftcard-category?post=14505"}],"curies":[{"name":"wp","href":"https:\/\/api.w.org\/{rel}","templated":true}]}}