{"id":14511,"date":"2022-11-25T13:44:25","date_gmt":"2022-11-25T12:44:25","guid":{"rendered":"https:\/\/www.fightingfilms.shop\/produit\/strap-fuer-die-finger\/"},"modified":"2025-01-14T17:48:03","modified_gmt":"2025-01-14T16:48:03","slug":"strap-for-the-fingers","status":"publish","type":"product","link":"https:\/\/fightingfilms.shop\/de\/produit\/strap-for-the-fingers\/","title":{"rendered":"Strap f\u00fcr die Finger"},"content":{"rendered":"<p>Schlechte Finger, die schmerzen, wenn Sie sich am <a href=\"https:\/\/www.fightingfilms.shop\/categorie-produit\/kimonos-de-judo\/\">Kimono<\/a> Ihres Gegners festhalten. Besorgen Sie sich einen Fingerstrap, das unentbehrliche Zubeh\u00f6r f\u00fcr alle Judoka und Jiu-Jitsukas, die h\u00e4ufig trainieren. Wir bieten steife Elastoplast Fingerstraps speziell f\u00fcr die Finger an. Unsere personalisierte Packung enth\u00e4lt 3 Rollen Fingerstrips. 2 kleine (Gr\u00f6\u00dfe 1,5cm x 10m), ideal f\u00fcr die Finger und eine gr\u00f6\u00dfere (3,8cm x 10cm). Die Pappschachtel ist in den Farben von Fighting Films gestaltet und hat ein schlichtes und elegantes Design. Diese Box erm\u00f6glicht es Ihnen, Ihre Straps gesch\u00fctzt aufzubewahren und zu verhindern, dass sie in Ihrer Tasche kleben bleiben und schmutzig werden.<\/p>\n<p>Diese Art von Strap ist ideal f\u00fcr die Kompression der Gelenke. Diese Art von starren Kompressionsbinden eignet sich f\u00fcr Sportler aller Art. Sehr n\u00fctzlich, um jede Form von Verstauchungen und Prellungen der Finger zu vermeiden, die beim Judo sehr h\u00e4ufig vorkommen.<\/p>\n<p>Kann auch zur Fixierung des Handgelenks verwendet werden. Keine Schere erforderlich, dieser Klebestreifen l\u00e4sst sich mit Leichtigkeit von Hand abtrennen.<\/p>\n<p>Die H\u00e4nde sind ein zentrales Werkzeug im Judo. Mit dem Fingerstrap verringern Sie Verdrehungen und Prellungen, die Sie tagelang beeintr\u00e4chtigen k\u00f6nnen.<\/p>\n<p>Entdecken Sie alle unsere Fighting Films-Produkte, um auf der Tatami der Beste zu sein.<\/p>\n<p>Unsere <a href=\"https:\/\/www.fightingfilms.shop\/categorie-produit\/kimonos-de-judo\/\">Judokimonos<\/a>, die von den gr\u00f6\u00dften Athleten der Welt getragen werden, wie z. B. Michael Korrel, Europameister und zweifacher Bronzemedaillengewinner bei den Weltmeisterschaften! Damit Sie im Dojo am besten ausger\u00fcstet sind, um die Tatami zu betreten, schauen Sie sich unsere verschiedenen <a href=\"https:\/\/www.fightingfilms.shop\/categorie\/accessoires-de-judo\/\">Judo-Accessoires<\/a> und <a href=\"https:\/\/www.fightingfilms.shop\/categorie\/textile-de-judo\/\">Textilien<\/a> an, die nur darauf warten, von Ihnen entdeckt zu werden.<\/p>\n<div id=\"kurato_extension_modal\"><\/div>\n<div id=\"kurato_extension_modal\"><\/div>\n<div id=\"kurato_extension_modal\"><\/div>\n<div id=\"kurato_extension_modal\"><\/div>\n<div id=\"kurato_extension_modal\"><\/div>\n<div id=\"kurato_extension_modal\"><\/div>\n<div id=\"kurato_extension_modal\"><\/div>\n","protected":false},"excerpt":{"rendered":"<div id=\"kurato_extension_modal\">Unsere Fingerverbandspackung enth\u00e4lt 3 Rollen Fingerverb\u00e4nde, 2 kleine und 1 gro\u00dfe. Sie sind ideal f\u00fcr Judoka oder Jiu-Jitsukas, die ihre Finger sch\u00fctzen m\u00f6chten. <\/div>\n<div><\/div>\n<div>Diese Straps bieten einen optimalen Halt und verringern das Risiko von Gelenkverletzungen.<\/div>\n<div><\/div>\n<div id=\"kurato_extension_modal\"><\/div>\n<div id=\"kurato_extension_modal\"><\/div>\n<div id=\"kurato_extension_modal\"><\/div>\n<div id=\"kurato_extension_modal\"><\/div>\n<div id=\"kurato_extension_modal\"><\/div>\n<div id=\"kurato_extension_modal\"><\/div>\n","protected":false},"featured_media":27030,"comment_status":"closed","ping_status":"closed","template":"","meta":[],"product_brand":[],"product_cat":[403,340],"product_tag":[],"giftcard-category":[],"class_list":{"0":"post-14511","1":"product","2":"type-product","3":"status-publish","4":"has-post-thumbnail","6":"product_cat-jiu-jitsu-de","7":"product_cat-judo-zubehor","8":"product_shipping_class-kleines-zubehor","10":"first","11":"outofstock","12":"taxable","13":"shipping-taxable","14":"purchasable","15":"product-type-simple"},"exclude_global_add_ons":[],"addons":[],"_links":{"self":[{"href":"https:\/\/fightingfilms.shop\/de\/wp-json\/wp\/v2\/product\/14511","targetHints":{"allow":["GET"]}}],"collection":[{"href":"https:\/\/fightingfilms.shop\/de\/wp-json\/wp\/v2\/product"}],"about":[{"href":"https:\/\/fightingfilms.shop\/de\/wp-json\/wp\/v2\/types\/product"}],"replies":[{"embeddable":true,"href":"https:\/\/fightingfilms.shop\/de\/wp-json\/wp\/v2\/comments?post=14511"}],"wp:featuredmedia":[{"embeddable":true,"href":"https:\/\/fightingfilms.shop\/de\/wp-json\/wp\/v2\/media\/27030"}],"wp:attachment":[{"href":"https:\/\/fightingfilms.shop\/de\/wp-json\/wp\/v2\/media?parent=14511"}],"wp:term":[{"taxonomy":"product_brand","embeddable":true,"href":"https:\/\/fightingfilms.shop\/de\/wp-json\/wp\/v2\/product_brand?post=14511"},{"taxonomy":"product_cat","embeddable":true,"href":"https:\/\/fightingfilms.shop\/de\/wp-json\/wp\/v2\/product_cat?post=14511"},{"taxonomy":"product_tag","embeddable":true,"href":"https:\/\/fightingfilms.shop\/de\/wp-json\/wp\/v2\/product_tag?post=14511"},{"taxonomy":"giftcard-category","embeddable":true,"href":"https:\/\/fightingfilms.shop\/de\/wp-json\/wp\/v2\/giftcard-category?post=14511"}],"curies":[{"name":"wp","href":"https:\/\/api.w.org\/{rel}","templated":true}]}}