{"id":14512,"date":"2022-09-22T15:54:22","date_gmt":"2022-09-22T13:54:22","guid":{"rendered":"https:\/\/www.fightingfilms.shop\/produit\/kimono-superstar-650gr-ijf\/"},"modified":"2026-02-28T21:26:26","modified_gmt":"2026-02-28T20:26:26","slug":"kimono-superstar-650gr-ijf","status":"publish","type":"product","link":"https:\/\/fightingfilms.shop\/de\/produit\/kimono-superstar-650gr-ijf\/","title":{"rendered":"Kimono Superstar 650Gr IJF"},"content":{"rendered":"<p>Unter Einhaltung der gleichen hohen Standards von Fighting Films ist der <strong>Kimono Superstar 650Gr IJF<\/strong> unser leichtester Wettkampf-Judogi. <a href=\"http:\/\/ijf.org\" rel=\"nofollow noopener\" target=\"_blank\"><strong>von der IJF genehmigt<\/strong><\/a>. Dieser Judokimono profitiert von einer sorgf\u00e4ltigen Verarbeitung und hochwertigen Materialien, die ein hervorragendes Produkt gew\u00e4hrleisten. Dieses Modell eignet sich hervorragend f\u00fcr erfahrene Judoka, die mehrmals pro Woche trainieren. Genau wie unser Bestseller, der <a href=\"https:\/\/www.fightingfilms.shop\/produit\/kimonos-de-judo\/kimono-superstar-ijf-750-gr-figthting-films\/\">Superstar 750<\/a>, ist auch dieser Kimono <strong>f\u00fcr alle internationalen Wettk\u00e4mpfe zugelassen<\/strong>.<\/p>\n<p>Erstmals in der Gr\u00f6\u00dfe Super Slim eingef\u00fchrt, um speziell den Anforderungen junger Judoka gerecht zu werden, die gro\u00df und schlank sind.<br \/>\nDieser Judogi wurde speziell f\u00fcr Judoka eingef\u00fchrt, die einen leichteren <a href=\"https:\/\/www.fightingfilms.shop\/categorie-produit\/kimonos-de-judo\/\">Judokimono<\/a> bevorzugen.<br \/>\nDer Superstar 650gr IJF-Kimono ist in <strong>Wei\u00df und bis zu einer Gr\u00f6\u00dfe von 175 cm<\/strong> erh\u00e4ltlich.<\/p>\n<h2>Die St\u00e4rken des Superstar 650 Gr IJF Judo-Kimono:<\/h2>\n<p>Sein <strong>Slim<\/strong> Fit sorgt f\u00fcr einen bequemen Sitz, ohne dem Gegner einen zu gro\u00dfen Vorteil zu verschaffen. Denn mit einem zu weiten Kimono erm\u00f6glichen Sie es Ihrem Gegner, Sie leichter zu erwischen. Denn Falten in den Achselh\u00f6hlen oder an den Armen k\u00f6nnen Sie behindern und den Gegner beg\u00fcnstigen. So bietet Ihnen dieser taillierte Schnitt, der f\u00fcr schmale und lange K\u00f6rperformen geeignet ist, mehr Komfort und eine h\u00f6here Wettbewerbsf\u00e4higkeit.<\/p>\n<p>Der <strong>Super Slim<\/strong> Schnitt ist noch taillierter und eignet sich f\u00fcr sehr schlanke Menschen und solche, die gerne einen sehr eng anliegenden Kimono tragen.<\/p>\n<p>So ist dieser Kimono, genau wie unser Bestseller, der <a href=\"https:\/\/www.fightingfilms.shop\/produit\/kimonos-de-judo\/kimono-superstar-ijf-750-gr-figthting-films\/\">Superstar 750<\/a>, f\u00fcr alle internationalen Wettk\u00e4mpfe zugelassen.<\/p>\n<ul>\n<li><em><strong>3 % Schrumpfung<\/strong><\/em><\/li>\n<li>Taillierter Schnitt<\/li>\n<li>IJF-Standards<\/li>\n<li>gemischter Judogi<\/li>\n<li>von 145 bis 180cm<\/li>\n<\/ul>\n<h2><strong>Wie w\u00e4hle ich die richtige Gr\u00f6\u00dfe f\u00fcr meinen Superstar 650 GR IJF-Kimono? <\/strong><\/h2>\n<p>Wir empfehlen allen unseren Kundinnen und Kunden, einen Kimono <strong>5 cm kleiner als ihre K\u00f6rpergr\u00f6\u00dfe<\/strong> zu w\u00e4hlen. Wenn Sie <strong>1,70 m<\/strong> gro\u00df sind, sollten Sie sich eher f\u00fcr die <strong>165 cm<\/strong> entscheiden. Mit unserer Erfahrung und Kenntnis unserer Kimonos k\u00f6nnen wir Ihnen versichern, dass dies die richtige Methode ist, die Sie anwenden sollten.<\/p>\n<p>Wenn Sie sich nicht sicher sind, lesen Sie bitte den Artikel \u00fcber die <a href=\"https:\/\/www.fightingfilms.shop\/comment-bien-choisir-la-taille-de-son-judogi\/\">Wahl der richtigen Gr\u00f6\u00dfe f\u00fcr Ihren Judokimono<\/a> oder kontaktieren Sie uns direkt per E-Mail oder Telefon.<\/p>\n<p>Au\u00dferdem, wenn Sie sich nicht sicher sind, welche Gr\u00f6\u00dfe Sie w\u00e4hlen sollen, welchen Schnitt Sie brauchen oder wenn Sie die Judogis vor dem Kauf einfach nur anprobieren m\u00f6chten, besuchen Sie unser Pariser Gesch\u00e4ft in 1 rue des messageries, 75010 Paris.<\/p>\n<p>Entdecken Sie unsere Produkte, oder lassen Sie Ihre Judogis und G\u00fcrtel in wenigen Minuten in unserem <a href=\"https:\/\/www.fightingfilms.shop\/le-magasin-de-judo-n1-a-paris\/\">Judogesch\u00e4ft Nr. 1 in Paris<\/a> besticken!<\/p>\n<p>Und schlie\u00dflich entdecken Sie auch unsere anderen Judokimono-Serien. F\u00fcr Gro\u00df und Klein, f\u00fcr Anf\u00e4nger und Champions. Fighting Films ist f\u00fcr Sie da.<\/p>\n<p>Fighting Films bringt seine erste Reihe von <a href=\"https:\/\/www.fightingfilms.shop\/produit\/kimono-de-jiu-jitsu-bresilien\/\">Kimonos f\u00fcr brasilianisches Jiu-Jitsu<\/a> auf den Markt! Das einzigartige Design der Marke kehrt in diesen neuen Kimonos zur\u00fcck, die aus einer Kampfkunst stammen, die mit Judo verwandt ist .<\/p>\n<div id=\"kurato_extension_modal\"><\/div>\n<div id=\"kurato_extension_modal\"><\/div>\n<div id=\"kurato_extension_modal\"><\/div>\n<div id=\"kurato_extension_modal\"><\/div>\n<div id=\"kurato_extension_modal\"><\/div>\n","protected":false},"excerpt":{"rendered":"<p>Unter Einhaltung der gleichen hohen Standards von Fighting Films ist der <strong>Superstar 650Gr IJF-Kimono<\/strong> unser <strong><a href=\"https:\/\/www.fightingfilms.shop\/kimonos-judo-competition\/\">Judo-Wettkampfkimono<\/a><\/strong> der leichteste,<strong>von der IJF zugelassene Judoka<\/strong>.<\/p>\n<p>Erstmals in der Gr\u00f6\u00dfe Super Slim eingef\u00fchrt, um speziell den Anforderungen junger Judoka gerecht zu werden, die gro\u00df und schlank sind.<br \/>\nDieser Judogi wurde speziell f\u00fcr Judoka eingef\u00fchrt, die einen leichteren <a href=\"https:\/\/www.fightingfilms.shop\/categorie-produit\/kimonos-de-judo\/\">Judokimono<\/a> bevorzugen.<br \/>\nErh\u00e4ltlich in Wei\u00df bis zu einer Gr\u00f6\u00dfe von 175 cm.<\/p>\n<p>Der Judogi Superstar 650 Gr IJF ist ein gemischter Judogi.<\/p>\n<p><strong>Wie w\u00e4hle ich die richtige Kimonogr\u00f6\u00dfe Fighting Films? <\/strong><\/p>\n<p>Wir empfehlen allen unseren Kundinnen und Kunden, einen Kimono <strong>5 cm kleiner als ihre K\u00f6rpergr\u00f6\u00dfe<\/strong> zu w\u00e4hlen. Wenn Sie <strong>1,70 m<\/strong> gro\u00df sind, sollten Sie sich eher f\u00fcr die <strong>165 cm<\/strong> entscheiden. Mit unserer Erfahrung und Kenntnis unserer Kimonos k\u00f6nnen wir Ihnen versichern, dass dies die richtige Methode ist, die Sie anwenden sollten.<\/p>\n<h4 id=\"kurato_extension_modal\">Immer noch unsicher bei der Wahl der Judogi-Gr\u00f6\u00dfe? Entdecken Sie unseren <strong><a href=\"http:\/\/tinyurl.com\/2mjwnc4w\">Gr\u00f6\u00dfenberater .<\/a><\/strong><\/h4>\n<div id=\"kurato_extension_modal\"><\/div>\n<div id=\"kurato_extension_modal\"><\/div>\n<div id=\"kurato_extension_modal\"><\/div>\n<div id=\"kurato_extension_modal\"><\/div>\n","protected":false},"featured_media":23086,"comment_status":"closed","ping_status":"closed","template":"","meta":[],"product_brand":[],"product_cat":[993,365],"product_tag":[],"giftcard-category":[],"class_list":{"0":"post-14512","1":"product","2":"type-product","3":"status-publish","4":"has-post-thumbnail","6":"product_cat-ijf-judoanzug","7":"product_cat-judo-kimonos","8":"product_shipping_class-kimono-black-label-superstar-de","10":"first","11":"instock","12":"taxable","13":"shipping-taxable","14":"purchasable","15":"product-type-variable"},"exclude_global_add_ons":[],"addons":[],"_links":{"self":[{"href":"https:\/\/fightingfilms.shop\/de\/wp-json\/wp\/v2\/product\/14512","targetHints":{"allow":["GET"]}}],"collection":[{"href":"https:\/\/fightingfilms.shop\/de\/wp-json\/wp\/v2\/product"}],"about":[{"href":"https:\/\/fightingfilms.shop\/de\/wp-json\/wp\/v2\/types\/product"}],"replies":[{"embeddable":true,"href":"https:\/\/fightingfilms.shop\/de\/wp-json\/wp\/v2\/comments?post=14512"}],"wp:featuredmedia":[{"embeddable":true,"href":"https:\/\/fightingfilms.shop\/de\/wp-json\/wp\/v2\/media\/23086"}],"wp:attachment":[{"href":"https:\/\/fightingfilms.shop\/de\/wp-json\/wp\/v2\/media?parent=14512"}],"wp:term":[{"taxonomy":"product_brand","embeddable":true,"href":"https:\/\/fightingfilms.shop\/de\/wp-json\/wp\/v2\/product_brand?post=14512"},{"taxonomy":"product_cat","embeddable":true,"href":"https:\/\/fightingfilms.shop\/de\/wp-json\/wp\/v2\/product_cat?post=14512"},{"taxonomy":"product_tag","embeddable":true,"href":"https:\/\/fightingfilms.shop\/de\/wp-json\/wp\/v2\/product_tag?post=14512"},{"taxonomy":"giftcard-category","embeddable":true,"href":"https:\/\/fightingfilms.shop\/de\/wp-json\/wp\/v2\/giftcard-category?post=14512"}],"curies":[{"name":"wp","href":"https:\/\/api.w.org\/{rel}","templated":true}]}}