{"id":14532,"date":"2022-06-10T12:00:27","date_gmt":"2022-06-10T10:00:27","guid":{"rendered":"https:\/\/www.fightingfilms.shop\/produit\/judogi-superstar-650-gr-limited-edition\/"},"modified":"2025-07-17T19:02:10","modified_gmt":"2025-07-17T17:02:10","slug":"judogi-superstar-650-gr-limited-edition","status":"publish","type":"product","link":"https:\/\/fightingfilms.shop\/de\/produit\/judogi-superstar-650-gr-limited-edition\/","title":{"rendered":"Judogi Superstar 650 Gr Limited Edition"},"content":{"rendered":"<p>Der Judogi Superstar 650 Gr Limited Edition in den franz\u00f6sischen Nationalfarben ist ein idealer Kimono f\u00fcr <strong>regelm\u00e4\u00dfige<\/strong> Judoka und Wettkampfteilnehmer.<\/p>\n<p>Der <strong>Judo Superstar 650 Fighting Films Kimono <\/strong>ist aus hochwertiger Baumwolle gefertigt. Dadurch f\u00fchlt sich das Material angenehm an und ist gleichzeitig sehr strapazierf\u00e4hig. Neben seiner Robustheit <strong>schrumpft es beim Waschen nur wenig.<\/strong> Wir lieben die Reiskornjacke mit ihren <strong>R\u00fcckenn\u00e4hten<\/strong> und dem<b>strapazierf\u00e4higen<\/b> <strong>Revers <\/strong>, das perfekt f\u00fcr die anspruchsvollsten Judoka ist. Au\u00dferdem ist die Jacke  <strong>weist im Bauchbereich einen ausgestellten Schnitt auf, der es erm\u00f6glicht, den Judogi gut zu kreuzen. Aber taillierter als der Superstar 750.  <\/strong>  Die Hose hingegen ist &#8211; im Gegensatz dazu &#8211; weit geschnitten und im Kniebereich verst\u00e4rkt.<\/p>\n<p>Schlie\u00dflich ist der<strong> Judogi Fighting Films Superstar 650 Gr Limited Edition<\/strong> mit <strong>einem eleganten Hahn in den franz\u00f6sischen Nationalfarben auf der Innenseite der Jacke versehen<\/strong>, was seinen Look einzigartig macht.<\/p>\n<p><strong>Pflegetipps :<\/strong><\/p>\n<ul>\n<li>Maschinenw\u00e4sche &#8211; 30\u00b0 max &#8211; normal<\/li>\n<li>Kein Bleichen<\/li>\n<\/ul>\n<h5><strong>Wie w\u00e4hle ich die richtige Kimonogr\u00f6\u00dfe Fighting Films?  <\/strong><\/h5>\n<p>Wir empfehlen allen unseren Kundinnen und Kunden, einen Kimono <strong>5 cm kleiner als ihre K\u00f6rpergr\u00f6\u00dfe<\/strong> zu w\u00e4hlen. Wenn Sie <strong>1,70 m<\/strong> gro\u00df sind, sollten Sie sich eher f\u00fcr die <strong>165 cm<\/strong> entscheiden. Mit unserer Erfahrung und Kenntnis unserer Kimonos k\u00f6nnen wir Ihnen versichern, dass dies die richtige Methode ist, die Sie anwenden sollten.<\/p>\n<p>Wenn Sie sich nicht sicher sind, lesen Sie bitte den Artikel \u00fcber die <a href=\"https:\/\/www.fightingfilms.shop\/comment-bien-choisir-la-taille-de-son-judogi\/\">Wahl der richtigen Judokimonogr\u00f6\u00dfe<\/a> oder kontaktieren Sie uns direkt <a href=\"https:\/\/www.fightingfilms.shop\/contact\/\">hier<\/a>.<\/p>\n<p>Die genauen Ma\u00dfe kannst du dem Schnittmuster entnehmen, das in der Galerie zu finden ist!<\/p>\n<p>Sie k\u00f6nnen sich auch unsere verschiedenen Artikel zur Auswahl Ihres <a href=\"https:\/\/www.fightingfilms.shop\/categorie-produit\/kimonos-de-judo\/\">Judokimonos<\/a> ansehen oder zu unseren <a href=\"https:\/\/www.fightingfilms.shop\/categorie\/ceintures-de-judo\/\">Judog\u00fcrteln<\/a> gehen, um Ihr Outfit zu vervollst\u00e4ndigen.<\/p>\n<p>Entdecken Sie unsere <a href=\"http:\/\/ijf.org\" rel=\"nofollow noopener\" target=\"_blank\">IJF-zertifizierten<\/a> Kimonos f\u00fcr internationale Wettk\u00e4mpfe.<\/p>\n<p>&nbsp;<\/p>\n<div id=\"kurato_extension_modal\"><\/div>\n<div id=\"kurato_extension_modal\"><\/div>\n<div id=\"kurato_extension_modal\"><\/div>\n<div id=\"kurato_extension_modal\"><\/div>\n<div id=\"kurato_extension_modal\"><\/div>\n<div id=\"kurato_extension_modal\"><\/div>\n","protected":false},"excerpt":{"rendered":"<p><strong>Erh\u00e4ltlich in nur 30 Exemplaren!<\/strong><\/p>\n<p>Der Judogi Superstar 650 Gr ist ein neuer Judogi, der leichter ist und einen taillierteren Schnitt hat als der Superstar 750.<\/p>\n<p>Dieser leichtere Judogi ist perfekt f\u00fcr den Wettkampf geeignet.<\/p>\n<p>Zu diesem leichteren Judogi kommt noch eine weitere Besonderheit hinzu, eine \u00e4sthetische Note, mit einem Hahn in den franz\u00f6sischen Nationalfarben.<\/p>\n<p>Dieser Judokimono ist <strong>gemischtgeschlechtlich<\/strong>.<\/p>\n<p><strong>Wie w\u00e4hle ich die richtige Kimonogr\u00f6\u00dfe Fighting Films?  <\/strong><\/p>\n<p>Wir empfehlen allen unseren Kundinnen und Kunden, einen Kimono <strong>5 cm kleiner als ihre K\u00f6rpergr\u00f6\u00dfe<\/strong> zu w\u00e4hlen. Wenn Sie <strong>1,70 m<\/strong> gro\u00df sind, sollten Sie sich eher f\u00fcr die <strong>165 cm<\/strong> entscheiden. Mit unserer Erfahrung und Kenntnis unserer Kimonos k\u00f6nnen wir Ihnen versichern, dass dies die richtige Methode ist, die Sie anwenden sollten.<\/p>\n<p>&nbsp;<\/p>\n<div id=\"kurato_extension_modal\"><\/div>\n<div id=\"kurato_extension_modal\"><\/div>\n<div id=\"kurato_extension_modal\"><\/div>\n<div id=\"kurato_extension_modal\"><\/div>\n<div id=\"kurato_extension_modal\"><\/div>\n<div id=\"kurato_extension_modal\"><\/div>\n","protected":false},"featured_media":24837,"comment_status":"closed","ping_status":"closed","template":"","meta":[],"product_brand":[],"product_cat":[365],"product_tag":[],"giftcard-category":[],"class_list":{"0":"post-14532","1":"product","2":"type-product","3":"status-publish","4":"has-post-thumbnail","6":"product_cat-judo-kimonos","7":"product_shipping_class-kimono-black-label-superstar-de","9":"first","10":"instock","11":"taxable","12":"shipping-taxable","13":"purchasable","14":"product-type-variable"},"exclude_global_add_ons":[],"addons":[],"_links":{"self":[{"href":"https:\/\/fightingfilms.shop\/de\/wp-json\/wp\/v2\/product\/14532","targetHints":{"allow":["GET"]}}],"collection":[{"href":"https:\/\/fightingfilms.shop\/de\/wp-json\/wp\/v2\/product"}],"about":[{"href":"https:\/\/fightingfilms.shop\/de\/wp-json\/wp\/v2\/types\/product"}],"replies":[{"embeddable":true,"href":"https:\/\/fightingfilms.shop\/de\/wp-json\/wp\/v2\/comments?post=14532"}],"wp:featuredmedia":[{"embeddable":true,"href":"https:\/\/fightingfilms.shop\/de\/wp-json\/wp\/v2\/media\/24837"}],"wp:attachment":[{"href":"https:\/\/fightingfilms.shop\/de\/wp-json\/wp\/v2\/media?parent=14532"}],"wp:term":[{"taxonomy":"product_brand","embeddable":true,"href":"https:\/\/fightingfilms.shop\/de\/wp-json\/wp\/v2\/product_brand?post=14532"},{"taxonomy":"product_cat","embeddable":true,"href":"https:\/\/fightingfilms.shop\/de\/wp-json\/wp\/v2\/product_cat?post=14532"},{"taxonomy":"product_tag","embeddable":true,"href":"https:\/\/fightingfilms.shop\/de\/wp-json\/wp\/v2\/product_tag?post=14532"},{"taxonomy":"giftcard-category","embeddable":true,"href":"https:\/\/fightingfilms.shop\/de\/wp-json\/wp\/v2\/giftcard-category?post=14532"}],"curies":[{"name":"wp","href":"https:\/\/api.w.org\/{rel}","templated":true}]}}