{"id":14543,"date":"2022-04-19T16:25:20","date_gmt":"2022-04-19T14:25:20","guid":{"rendered":"https:\/\/www.fightingfilms.shop\/produit\/mein-erster-kimono\/"},"modified":"2024-02-07T11:55:44","modified_gmt":"2024-02-07T10:55:44","slug":"mein-erster-kimono","status":"publish","type":"product","link":"https:\/\/fightingfilms.shop\/de\/produit\/mein-erster-kimono\/","title":{"rendered":"Mein erster Kimono"},"content":{"rendered":"<p>Mein erster Kimono ist perfekt f\u00fcr Kinder, die schon fr\u00fch mit Judo beginnen. Mit einem Materialgewicht von 185 g ist dieser Judokimono f\u00fcr Kinder eine kosteng\u00fcnstige Option und ideal, um ein Kind w\u00e4hrend seiner ersten Saison zu begleiten.<\/p>\n<p>Hergestellt aus 65% Baumwolle und 35% Polyester.<\/p>\n<p>Leicht mit einer sch\u00f6nen Verarbeitung, jeder Judogi tr\u00e4gt das Fighting Films Logo auf jedem \u00c4rmel. Die Hose hat einen Gummizug in der Taille.<\/p>\n<p>Diese Kimonos sind von 100 bis 150 cm erh\u00e4ltlich. Etwa ab 4 Jahren. Sobald Ihr Kind gr\u00f6\u00dfer als 150 cm ist, k\u00f6nnen Sie sich den Red Label <a href=\"https:\/\/www.fightingfilms.shop\/produit\/kimono-de-judo-red-label-500-gr\/\">Judogi<\/a> zulegen. Dieser kann sowohl f\u00fcr Kinder als auch f\u00fcr Erwachsene geeignet sein, um regelm\u00e4\u00dfig Judo zu \u00fcben.<\/p>\n<p>Dies ist die ideale Ausr\u00fcstung f\u00fcr ein kleines Kind, das mit Judo beginnt. Ausgezeichnetes Preis-Leistungs-Verh\u00e4ltnis.<\/p>\n<p>Ein wei\u00dfer G\u00fcrtel ist im Lieferumfang des Judokimonos f\u00fcr Kinder enthalten. Wenn Ihr Kind bereits einen h\u00f6heren Rang hat, k\u00f6nnen Sie <a href=\"https:\/\/www.fightingfilms.shop\/produit\/ceintures-de-judo\/ceinture-club-de-couleur\/\">Judog\u00fcrtel<\/a> in allen Farben kaufen.<\/p>\n<p>Wenn Ihr Kind sich bereits in der Welt des Judo zurechtgefunden hat, sollten Sie sich f\u00fcr die n\u00e4chsth\u00f6here Preisklasse, die Hajime <a href=\"https:\/\/www.fightingfilms.shop\/categorie\/kimonos\/kimonos-de-judo\/kimonos-enfants\/\">Judo-Kimonos f\u00fcr Kinder<\/a>, entscheiden.<\/p>\n<p>Weitere Produkte speziell f\u00fcr Kinder finden Sie auf der Website <a href=\"https:\/\/fightingfilms.com\/collections\/kids-zone\" rel=\"nofollow noopener\" target=\"_blank\">FightingFilms.com<\/a>.<\/p>\n<p>&nbsp;<\/p>\n<div id=\"kurato_extension_modal\"><\/div>\n","protected":false},"excerpt":{"rendered":"<p>Dies ist der ideale Judokimono f\u00fcr Kinder, um <strong>das Judotraining<\/strong> mit den besten Voraussetzungen zu <strong>beginnen<\/strong>. Dieser Judokimono f\u00fcr Kinder ist aus Leinen und sehr leicht, so dass Sie Judo mit vollem Komfort entdecken k\u00f6nnen.<\/p>\n<div id=\"kurato_extension_modal\"><\/div>\n","protected":false},"featured_media":19673,"comment_status":"closed","ping_status":"closed","template":"","meta":[],"product_brand":[],"product_cat":[365,374],"product_tag":[],"giftcard-category":[],"class_list":{"0":"post-14543","1":"product","2":"type-product","3":"status-publish","4":"has-post-thumbnail","6":"product_cat-judo-kimonos","7":"product_cat-kimonos-kinder","8":"product_shipping_class-kimono-kinderred-label","10":"first","11":"instock","12":"taxable","13":"shipping-taxable","14":"purchasable","15":"product-type-variable"},"exclude_global_add_ons":[],"addons":[],"_links":{"self":[{"href":"https:\/\/fightingfilms.shop\/de\/wp-json\/wp\/v2\/product\/14543","targetHints":{"allow":["GET"]}}],"collection":[{"href":"https:\/\/fightingfilms.shop\/de\/wp-json\/wp\/v2\/product"}],"about":[{"href":"https:\/\/fightingfilms.shop\/de\/wp-json\/wp\/v2\/types\/product"}],"replies":[{"embeddable":true,"href":"https:\/\/fightingfilms.shop\/de\/wp-json\/wp\/v2\/comments?post=14543"}],"wp:featuredmedia":[{"embeddable":true,"href":"https:\/\/fightingfilms.shop\/de\/wp-json\/wp\/v2\/media\/19673"}],"wp:attachment":[{"href":"https:\/\/fightingfilms.shop\/de\/wp-json\/wp\/v2\/media?parent=14543"}],"wp:term":[{"taxonomy":"product_brand","embeddable":true,"href":"https:\/\/fightingfilms.shop\/de\/wp-json\/wp\/v2\/product_brand?post=14543"},{"taxonomy":"product_cat","embeddable":true,"href":"https:\/\/fightingfilms.shop\/de\/wp-json\/wp\/v2\/product_cat?post=14543"},{"taxonomy":"product_tag","embeddable":true,"href":"https:\/\/fightingfilms.shop\/de\/wp-json\/wp\/v2\/product_tag?post=14543"},{"taxonomy":"giftcard-category","embeddable":true,"href":"https:\/\/fightingfilms.shop\/de\/wp-json\/wp\/v2\/giftcard-category?post=14543"}],"curies":[{"name":"wp","href":"https:\/\/api.w.org\/{rel}","templated":true}]}}