{"id":14551,"date":"2022-04-15T15:27:49","date_gmt":"2022-04-15T13:27:49","guid":{"rendered":"https:\/\/www.fightingfilms.shop\/produit\/tasse-fighting-films\/"},"modified":"2023-12-06T00:58:28","modified_gmt":"2023-12-05T23:58:28","slug":"mug-fighting-films","status":"publish","type":"product","link":"https:\/\/fightingfilms.shop\/de\/produit\/mug-fighting-films\/","title":{"rendered":"Tasse Fighting Films"},"content":{"rendered":"<p>Unsere neue Tasse in den Farben von Fighting Films ist endlich da! Genie\u00dfen Sie Ihre hei\u00dfen oder kalten Getr\u00e4nke aus dieser Tasse mit dem Logo von Fighting Films.<\/p>\n<p>Wenn Sie eine personalisierte Tasse w\u00fcnschen, bieten wir Ihnen auch <a href=\"https:\/\/www.fightingfilms.shop\/produit\/mug-ceinture-judo-fighting-films\/\">Tassen<\/a> an, die mit Ihrem Vornamen <a href=\"https:\/\/www.fightingfilms.shop\/produit\/mug-ceinture-judo-fighting-films\/\">personalisiert werden k\u00f6nnen<\/a>.<\/p>\n<p>&nbsp;<\/p>\n<p>Besuchen Sie unsere <a href=\"https:\/\/www.instagram.com\/fightingfilmseu\/\" rel=\"nofollow noopener\" target=\"_blank\">sozialen Netzwerke<\/a>, um keine Neuigkeiten zu verpassen!<\/p>\n<p>&nbsp;<\/p>\n<div id=\"kurato_extension_modal\"><\/div>\n<div id=\"kurato_extension_modal\"><\/div>\n","protected":false},"excerpt":{"rendered":"<p>Die mit dem roten Logo verzierte Tasse Fighting Films wartet nur auf Sie!<\/p>\n<div id=\"kurato_extension_modal\"><\/div>\n<div id=\"kurato_extension_modal\"><\/div>\n","protected":false},"featured_media":12545,"comment_status":"closed","ping_status":"closed","template":"","meta":[],"product_brand":[],"product_cat":[340],"product_tag":[],"giftcard-category":[],"class_list":{"0":"post-14551","1":"product","2":"type-product","3":"status-publish","4":"has-post-thumbnail","6":"product_cat-judo-zubehor","8":"first","9":"instock","10":"taxable","11":"shipping-taxable","12":"purchasable","13":"product-type-simple"},"exclude_global_add_ons":[],"addons":[],"_links":{"self":[{"href":"https:\/\/fightingfilms.shop\/de\/wp-json\/wp\/v2\/product\/14551","targetHints":{"allow":["GET"]}}],"collection":[{"href":"https:\/\/fightingfilms.shop\/de\/wp-json\/wp\/v2\/product"}],"about":[{"href":"https:\/\/fightingfilms.shop\/de\/wp-json\/wp\/v2\/types\/product"}],"replies":[{"embeddable":true,"href":"https:\/\/fightingfilms.shop\/de\/wp-json\/wp\/v2\/comments?post=14551"}],"wp:featuredmedia":[{"embeddable":true,"href":"https:\/\/fightingfilms.shop\/de\/wp-json\/wp\/v2\/media\/12545"}],"wp:attachment":[{"href":"https:\/\/fightingfilms.shop\/de\/wp-json\/wp\/v2\/media?parent=14551"}],"wp:term":[{"taxonomy":"product_brand","embeddable":true,"href":"https:\/\/fightingfilms.shop\/de\/wp-json\/wp\/v2\/product_brand?post=14551"},{"taxonomy":"product_cat","embeddable":true,"href":"https:\/\/fightingfilms.shop\/de\/wp-json\/wp\/v2\/product_cat?post=14551"},{"taxonomy":"product_tag","embeddable":true,"href":"https:\/\/fightingfilms.shop\/de\/wp-json\/wp\/v2\/product_tag?post=14551"},{"taxonomy":"giftcard-category","embeddable":true,"href":"https:\/\/fightingfilms.shop\/de\/wp-json\/wp\/v2\/giftcard-category?post=14551"}],"curies":[{"name":"wp","href":"https:\/\/api.w.org\/{rel}","templated":true}]}}