{"id":14552,"date":"2022-03-28T16:08:26","date_gmt":"2022-03-28T14:08:26","guid":{"rendered":"https:\/\/www.fightingfilms.shop\/produit\/computertasche-aus-judogi-leinwand\/"},"modified":"2023-12-18T12:41:06","modified_gmt":"2023-12-18T11:41:06","slug":"tasche-ordinator-in-judogi-tasche","status":"publish","type":"product","link":"https:\/\/fightingfilms.shop\/de\/produit\/tasche-ordinator-in-judogi-tasche\/","title":{"rendered":"Computertasche aus Judogi-Leinwand"},"content":{"rendered":"<p>Die Computertasche aus Judogi-Leinwand ist unser einzigartigstes Produkt. Es ist das ideale Produkt, um Ihren Computer zu sch\u00fctzen und gleichzeitig durch seinen Stil aufzufallen.<\/p>\n<p>Die blaue Farbe und ihr <strong>Stoff, der von Judokimonos stammt<\/strong>, machen die Computertasche aus Judogi-Stoff zu einem passenden Accessoire f\u00fcr Judobegeisterte.<\/p>\n<p>Die Qualit\u00e4t des Judogi-Gewebes bietet einen verst\u00e4rkten und hochwertigen Schutz sowie ein angenehmes Gef\u00fchl.<\/p>\n<p>Die Tasche ist auf der einen Seite einfarbig, bestickt mit einem <strong>Kanji<\/strong> f\u00fcr <strong>Judo<\/strong> in Schwarz und einem roten <strong>FightingFilms Logo<\/strong> auf der anderen Seite.<\/p>\n<p>Die Tasche bietet Schutz f\u00fcr Computer <strong>bis zu einer Gr\u00f6\u00dfe von 13,5 Zoll<\/strong>.<\/p>\n<p>Weitere <a href=\"https:\/\/www.fightingfilms.shop\/categorie\/accessoires-de-judo\/\">Judo-Accessoires<\/a> sind auf unserer Website erh\u00e4ltlich.<\/p>\n<p>Die Tasche ist perfekt f\u00fcr alle Ihre Computer geeignet, insbesondere f\u00fcr <a href=\"https:\/\/www.apple.com\/fr\/mac\/\" rel=\"nofollow noopener\" target=\"_blank\">Apple<\/a> Macbooks.<\/p>\n<div id=\"kurato_extension_modal\"><\/div>\n<div id=\"kurato_extension_modal\"><\/div>\n<div id=\"kurato_extension_modal\"><\/div>\n","protected":false},"excerpt":{"rendered":"<p>Die Computertasche aus Judogi-Leinwand Fighting Films ist erh\u00e4ltlich. Sein einzigartiges Design mit einem gestickten schwarzen <strong>Kanji<\/strong>, das Judo bedeutet, sowie dem gestickten Fighting Films Logo in Rot. Das alles auf einem Judogi-Stoff in der Farbe Blau, die auch die Judokimonos haben.<\/p>\n<p>Die Computertasche ist f\u00fcr Computer mit einer Bildschirmdiagonale von <strong>13,5 Zoll<\/strong> und kleiner erh\u00e4ltlich.<\/p>\n<p>Da das <strong>Material<\/strong> das gleiche wie bei <strong>Kimonos<\/strong> ist, ist die Tasche sehr widerstandsf\u00e4hig, sodass Ihr Computer gut gesch\u00fctzt ist.<\/p>\n<div id=\"kurato_extension_modal\"><\/div>\n<div id=\"kurato_extension_modal\"><\/div>\n<div id=\"kurato_extension_modal\"><\/div>\n","protected":false},"featured_media":27117,"comment_status":"closed","ping_status":"closed","template":"","meta":[],"product_brand":[],"product_cat":[340],"product_tag":[],"giftcard-category":[],"class_list":{"0":"post-14552","1":"product","2":"type-product","3":"status-publish","4":"has-post-thumbnail","6":"product_cat-judo-zubehor","8":"first","9":"outofstock","10":"taxable","11":"shipping-taxable","12":"purchasable","13":"product-type-simple"},"exclude_global_add_ons":[],"addons":[],"_links":{"self":[{"href":"https:\/\/fightingfilms.shop\/de\/wp-json\/wp\/v2\/product\/14552","targetHints":{"allow":["GET"]}}],"collection":[{"href":"https:\/\/fightingfilms.shop\/de\/wp-json\/wp\/v2\/product"}],"about":[{"href":"https:\/\/fightingfilms.shop\/de\/wp-json\/wp\/v2\/types\/product"}],"replies":[{"embeddable":true,"href":"https:\/\/fightingfilms.shop\/de\/wp-json\/wp\/v2\/comments?post=14552"}],"wp:featuredmedia":[{"embeddable":true,"href":"https:\/\/fightingfilms.shop\/de\/wp-json\/wp\/v2\/media\/27117"}],"wp:attachment":[{"href":"https:\/\/fightingfilms.shop\/de\/wp-json\/wp\/v2\/media?parent=14552"}],"wp:term":[{"taxonomy":"product_brand","embeddable":true,"href":"https:\/\/fightingfilms.shop\/de\/wp-json\/wp\/v2\/product_brand?post=14552"},{"taxonomy":"product_cat","embeddable":true,"href":"https:\/\/fightingfilms.shop\/de\/wp-json\/wp\/v2\/product_cat?post=14552"},{"taxonomy":"product_tag","embeddable":true,"href":"https:\/\/fightingfilms.shop\/de\/wp-json\/wp\/v2\/product_tag?post=14552"},{"taxonomy":"giftcard-category","embeddable":true,"href":"https:\/\/fightingfilms.shop\/de\/wp-json\/wp\/v2\/giftcard-category?post=14552"}],"curies":[{"name":"wp","href":"https:\/\/api.w.org\/{rel}","templated":true}]}}