{"id":14553,"date":"2022-03-09T16:50:55","date_gmt":"2022-03-09T15:50:55","guid":{"rendered":"https:\/\/www.fightingfilms.shop\/produit\/joggingjacke\/"},"modified":"2024-04-02T14:28:14","modified_gmt":"2024-04-02T12:28:14","slug":"joggingjacke","status":"publish","type":"product","link":"https:\/\/fightingfilms.shop\/de\/produit\/joggingjacke\/","title":{"rendered":"Joggingjacke"},"content":{"rendered":"<p>Die Fighting Films Joggingjacke ist jetzt erh\u00e4ltlich. Sie ist ideal, um zum Training zu gehen und zwischen den K\u00e4mpfen warm zu bleiben.<\/p>\n<p>Diese eher schlichte Jacke erm\u00f6glicht es ihr, auch im Alltag getragen zu werden. Das Fighting Films Logo ist dezent auf das Herz gestickt und macht die Jacke f\u00fcr jeden zug\u00e4nglich.<\/p>\n<p>Die Joggingjacke ist in Schwarz mit dem roten FF-Logo erh\u00e4ltlich.<\/p>\n<p>Es handelt sich um ein Unisex-Produkt, das in den Gr\u00f6\u00dfen S bis XL erh\u00e4ltlich ist.<\/p>\n<p>Z\u00f6gern Sie nicht, sich auch unsere anderen <a href=\"https:\/\/www.fightingfilms.shop\/categorie\/textile-de-judo\/\">Textil-<\/a> oder Spezialprodukte f\u00fcr <a href=\"https:\/\/www.fightingfilms.shop\/categorie-produit\/kimonos-de-judo\/\">Judo<\/a> anzusehen!<\/p>\n<p>Textilien aus Kimono-Stoff sind auch bei unserem Partner <a href=\"https:\/\/www.keiko-gi.com\/\" rel=\"nofollow noopener\" target=\"_blank\">Keiko-gi<\/a> erh\u00e4ltlich.<\/p>\n<div id=\"kurato_extension_modal\"><\/div>\n<div id=\"kurato_extension_modal\"><\/div>\n","protected":false},"excerpt":{"rendered":"<p>Die Fighting Films Joggingjacke ist jetzt nicht nur f\u00fcr Judofans erh\u00e4ltlich. Diese Jacke beh\u00e4lt den Geist der Marke mit dem Fighting Films-Logo auf dem Herzen bei und ist f\u00fcr Sportbegeisterte aller Art geeignet.<\/p>\n<p>F\u00fcr Judopraktizierende ist diese Jacke ideal, um zum Training zu gehen oder zwischen zwei K\u00e4mpfen warm zu bleiben.<\/p>\n<p>Dieses Unisex-Modell ist in Schwarz mit dem Fighting Films-Logo erh\u00e4ltlich, das in Rot auf das Herz gestickt ist.<\/p>\n<p>&nbsp;<\/p>\n<div id=\"kurato_extension_modal\"><\/div>\n<div id=\"kurato_extension_modal\"><\/div>\n","protected":false},"featured_media":12202,"comment_status":"closed","ping_status":"closed","template":"","meta":[],"product_brand":[],"product_cat":[354],"product_tag":[],"giftcard-category":[],"class_list":{"0":"post-14553","1":"product","2":"type-product","3":"status-publish","4":"has-post-thumbnail","6":"product_cat-judo-textilien","7":"product_shipping_class-textilien","9":"first","10":"instock","11":"taxable","12":"shipping-taxable","13":"purchasable","14":"product-type-variable"},"exclude_global_add_ons":[],"addons":[],"_links":{"self":[{"href":"https:\/\/fightingfilms.shop\/de\/wp-json\/wp\/v2\/product\/14553","targetHints":{"allow":["GET"]}}],"collection":[{"href":"https:\/\/fightingfilms.shop\/de\/wp-json\/wp\/v2\/product"}],"about":[{"href":"https:\/\/fightingfilms.shop\/de\/wp-json\/wp\/v2\/types\/product"}],"replies":[{"embeddable":true,"href":"https:\/\/fightingfilms.shop\/de\/wp-json\/wp\/v2\/comments?post=14553"}],"wp:featuredmedia":[{"embeddable":true,"href":"https:\/\/fightingfilms.shop\/de\/wp-json\/wp\/v2\/media\/12202"}],"wp:attachment":[{"href":"https:\/\/fightingfilms.shop\/de\/wp-json\/wp\/v2\/media?parent=14553"}],"wp:term":[{"taxonomy":"product_brand","embeddable":true,"href":"https:\/\/fightingfilms.shop\/de\/wp-json\/wp\/v2\/product_brand?post=14553"},{"taxonomy":"product_cat","embeddable":true,"href":"https:\/\/fightingfilms.shop\/de\/wp-json\/wp\/v2\/product_cat?post=14553"},{"taxonomy":"product_tag","embeddable":true,"href":"https:\/\/fightingfilms.shop\/de\/wp-json\/wp\/v2\/product_tag?post=14553"},{"taxonomy":"giftcard-category","embeddable":true,"href":"https:\/\/fightingfilms.shop\/de\/wp-json\/wp\/v2\/giftcard-category?post=14553"}],"curies":[{"name":"wp","href":"https:\/\/api.w.org\/{rel}","templated":true}]}}