{"id":14562,"date":"2020-03-03T12:48:23","date_gmt":"2020-03-03T11:48:23","guid":{"rendered":"https:\/\/www.fightingfilms.shop\/produit\/erstellen-des-stickprogramms\/"},"modified":"2024-01-25T12:37:22","modified_gmt":"2024-01-25T11:37:22","slug":"creation-programm-broderie-logo","status":"publish","type":"product","link":"https:\/\/fightingfilms.shop\/de\/produit\/creation-programm-broderie-logo\/","title":{"rendered":"Erstellen des Stickprogramms"},"content":{"rendered":"<p>Es ist unerl\u00e4sslich, dass Sie die Erstellung des Stickprogramms in Ihren Warenkorb legen, wenn Sie zum <strong>ersten Mal eine personalisierte Bestellung<\/strong> aufgeben.<\/p>\n<p>Wir ben\u00f6tigen das Logo, das Sie auf Ihre Kimonos sticken m\u00f6chten, damit unser Sticker eine <strong>Referenzvorlage<\/strong> hat. Sobald die Erstellung des Stickprogramms zu Ihrem Warenkorb hinzugef\u00fcgt wurde, ist die <a href=\"https:\/\/www.fightingfilms.shop\/produit\/kimonos-de-judo\/personnalisation-logo-club-kimono-fightingfilms\/\">Kimono-Clublogo-Anpassung<\/a> verf\u00fcgbar.<\/p>\n<p>Die Erstellung des Stickprogramms muss <strong>nur<\/strong> einmal hinzugef\u00fcgt werden, bevor Sie Ihre Bestellung aufgeben.<\/p>\n<p>Jetzt k\u00f6nnen Sie Ihre Judokimonos mit dem <strong>Logo Ihres Judovereins<\/strong> versehen. Die Vereinslogos werden in der N\u00e4he von Paris gestickt. Die Lieferzeit f\u00fcr Ihre personalisierten Judokimonos betr\u00e4gt etwa 2 Wochen.<\/p>\n<p>Sie k\u00f6nnen sich auch unsere <strong>anderen Artikel<\/strong> ansehen, um Ihre Judoausr\u00fcstung Fighting Films zu vervollst\u00e4ndigen.<\/p>\n<div id=\"kurato_extension_modal\"><\/div>\n<div id=\"kurato_extension_modal\"><\/div>\n","protected":false},"excerpt":{"rendered":"<p>Wenn Sie Ihr Vereinslogo zum <strong>ersten Mal<\/strong> auf Ihre Judo-Kimonos sticken lassen m\u00f6chten, m\u00fcssen Sie die <strong>Erstellung des Stickprogramms einmalig in Ihren Warenkorb<\/strong> legen, um die <a href=\"https:\/\/www.fightingfilms.shop\/produit\/kimonos-de-judo\/personnalisation-logo-club-kimono-fightingfilms\/\">Personalisierung des Judo-Club-Logos<\/a> auf Ihren zuk\u00fcnftigen Kimonos nutzen zu k\u00f6nnen.<\/p>\n<p>Die Erstellung des Stickprogramms muss <strong>nur<\/strong> einmal hinzugef\u00fcgt werden, bevor Sie Ihre Bestellung aufgeben.<\/p>\n<div id=\"kurato_extension_modal\"><\/div>\n<div id=\"kurato_extension_modal\"><\/div>\n","protected":false},"featured_media":13208,"comment_status":"closed","ping_status":"closed","template":"","meta":[],"product_brand":[],"product_cat":[306,365,374],"product_tag":[],"giftcard-category":[],"class_list":{"0":"post-14562","1":"product","2":"type-product","3":"status-publish","4":"has-post-thumbnail","6":"product_cat-pour-les-clubs-de","7":"product_cat-judo-kimonos","8":"product_cat-kimonos-kinder","10":"first","11":"instock","12":"taxable","13":"shipping-taxable","14":"purchasable","15":"product-type-simple"},"exclude_global_add_ons":[],"addons":[],"_links":{"self":[{"href":"https:\/\/fightingfilms.shop\/de\/wp-json\/wp\/v2\/product\/14562","targetHints":{"allow":["GET"]}}],"collection":[{"href":"https:\/\/fightingfilms.shop\/de\/wp-json\/wp\/v2\/product"}],"about":[{"href":"https:\/\/fightingfilms.shop\/de\/wp-json\/wp\/v2\/types\/product"}],"replies":[{"embeddable":true,"href":"https:\/\/fightingfilms.shop\/de\/wp-json\/wp\/v2\/comments?post=14562"}],"wp:featuredmedia":[{"embeddable":true,"href":"https:\/\/fightingfilms.shop\/de\/wp-json\/wp\/v2\/media\/13208"}],"wp:attachment":[{"href":"https:\/\/fightingfilms.shop\/de\/wp-json\/wp\/v2\/media?parent=14562"}],"wp:term":[{"taxonomy":"product_brand","embeddable":true,"href":"https:\/\/fightingfilms.shop\/de\/wp-json\/wp\/v2\/product_brand?post=14562"},{"taxonomy":"product_cat","embeddable":true,"href":"https:\/\/fightingfilms.shop\/de\/wp-json\/wp\/v2\/product_cat?post=14562"},{"taxonomy":"product_tag","embeddable":true,"href":"https:\/\/fightingfilms.shop\/de\/wp-json\/wp\/v2\/product_tag?post=14562"},{"taxonomy":"giftcard-category","embeddable":true,"href":"https:\/\/fightingfilms.shop\/de\/wp-json\/wp\/v2\/giftcard-category?post=14562"}],"curies":[{"name":"wp","href":"https:\/\/api.w.org\/{rel}","templated":true}]}}