{"id":14563,"date":"2020-03-02T16:38:10","date_gmt":"2020-03-02T15:38:10","guid":{"rendered":"https:\/\/www.fightingfilms.shop\/produit\/personalisierung-des-vereinslogos\/"},"modified":"2024-01-25T12:45:40","modified_gmt":"2024-01-25T11:45:40","slug":"personalisierung-logo-club-kimono-fightingfilme","status":"publish","type":"product","link":"https:\/\/fightingfilms.shop\/de\/produit\/personalisierung-logo-club-kimono-fightingfilme\/","title":{"rendered":"Personalisierung des Vereinslogos"},"content":{"rendered":"<p>Gestalte ab sofort alle deine n\u00e4chsten Kimonos, die du auf der Seite bestellst! Das Angebot wird nur Judovereinen zur Verf\u00fcgung stehen, die sich mit einem Vereinskonto angemeldet haben.<\/p>\n<p>Alle zum Verkauf stehenden Kimonos kommen f\u00fcr eine individuelle Gestaltung in Frage:<\/p>\n<ul>\n<li>der <a href=\"https:\/\/www.fightingfilms.shop\/produit\/kimono-judo-pour-enfant-hajime\/\"><strong>Hajime Kinder-Judogi<\/strong><\/a>: Er ist ein echter Judogi, um mit Judo <strong>anzufangen<\/strong>, wird mit einem <strong>wei\u00dfen G\u00fcrtel<\/strong> geliefert und hat einen <strong>Gummizug<\/strong> an der Hose.<\/li>\n<\/ul>\n<ul>\n<li>der Judogi <strong><a href=\"https:\/\/www.fightingfilms.shop\/produit\/kimono-de-judo-red-label-500-gr\/\">Red Label<\/a><\/strong> : Dies ist ein Judogi f\u00fcr die <strong>Mittelstufe<\/strong>, er ist <strong>tailliert<\/strong> und <strong>enganliegend<\/strong> geschnitten, wird mit einem <strong>wei\u00dfen G\u00fcrtel<\/strong> geliefert und besteht aus echtem <strong>Judogi-Stoff<\/strong>.<\/li>\n<\/ul>\n<ul>\n<li>der Judogi <strong><a href=\"https:\/\/www.fightingfilms.shop\/produit\/kimonos\/kimono-black-label-820-gr-fighting-films\/\">Black Label<\/a><\/strong> : Er ist sehr gut f\u00fcr diejenigen, die <strong>regelm\u00e4\u00dfig trainieren<\/strong>, er hat ein sehr gutes <strong>Preis-Leistungs-Verh\u00e4ltnis<\/strong> und ist ideal f\u00fcr Kadetten, Junioren oder Senioren.<\/li>\n<\/ul>\n<ul>\n<li>der <a href=\"https:\/\/www.fightingfilms.shop\/produit\/kimonos\/kimono-superstar-original-920-gr-fighting-films\/\"><strong>Superstar Original<\/strong><\/a> Judogi: Er ist der Judogi, der von <strong>Sportlern auf der ganzen Welt<\/strong> getragen wird, und hat einen <strong>taillierten<\/strong>, <strong>eng anliegenden<\/strong> <strong>Schnitt<\/strong>. Dies ist der High-End-Judogi der Marke.<\/li>\n<\/ul>\n<ul>\n<li>der Judogi<strong><a href=\"https:\/\/www.fightingfilms.shop\/produit\/kimonos\/kimono-superstar-ijf-750-gr-figthting-films\/\">Superstar 750 IJF-gepr\u00fcft<\/a><\/strong> : Er ist ideal f\u00fcr den <strong>Wettkampf<\/strong>. Es wird auch f\u00fcr die <strong><a href=\"https:\/\/www.youtube.com\/watch?v=m5Zmpvs7S4E\" rel=\"nofollow noopener\" target=\"_blank\">neue IJF-Standards<\/a><\/strong>. Er ist <strong>leicht<\/strong> und <strong>robust<\/strong> und hat einen <strong>taillierten Schnitt<\/strong>.<\/li>\n<\/ul>\n<p>R\u00fcsten Sie alle Ihre Lizenznehmer mit personalisierten Judokimonos aus, die sie bei ihren <strong>n\u00e4chsten Wettk\u00e4mpfen <\/strong> tragen werden.<\/p>\n<p>Die Stickerei ist \u00e4hnlich wie die des <strong>Fighting Films<\/strong> Logos auf den Schultern, also von <strong>sehr guter Qualit\u00e4t <\/strong>und<strong> strapazierf\u00e4hig<\/strong>. Die Stickerei wird in Frankreich, in der N\u00e4he von Paris, hergestellt.<\/p>\n<p>Sie k\u00f6nnen sich auch unsere <strong>anderen Artikel<\/strong> ansehen, um Ihre Judoausr\u00fcstung Fighting Films zu vervollst\u00e4ndigen.<\/p>\n<p>&nbsp;<\/p>\n<div id=\"kurato_extension_modal\"><\/div>\n","protected":false},"excerpt":{"rendered":"<p>Fighting Films erm\u00f6glicht es Ihnen nun, Ihre Kimonos zu personalisieren, indem Sie das <strong>Logo Ihres Vereins auf das Herz <\/strong> sticken!<\/p>\n<p>Sobald Sie die <strong>Menge und die Art der Kimonos<\/strong> in den Warenkorb gelegt haben, <strong>teilen Sie uns als Kommentar<\/strong> zur Bestellung mit, welches Logo Sie auf Ihre Kimonos sticken m\u00f6chten. Wenn Ihr Antrag best\u00e4tigt wurde, m\u00fcssen Sie <strong>2 Wochen<\/strong> warten, um Ihre bestickten Kimonos zu erhalten. W\u00e4hlen Sie die <strong>Anzahl der Anpassungen<\/strong> entsprechend der <strong>Anzahl der Kimonos<\/strong>, die Sie haben m\u00f6chten.<\/p>\n<p><em>z.B.: Sie haben 3 Red Label Kimonos, 3 Black Label Kimonos und 3 Superstar Kimonos bestellt, also m\u00fcssen Sie 9 Kimono-Anpassungen in Ihrer Bestellung ausw\u00e4hlen. <\/em><\/p>\n<p><strong>Wenn es das erste Mal<\/strong> ist, dass wir Ihr Logo auf Kimonos sticken, m\u00fcssen Sie die <strong>Logoerstellung<\/strong> durchlaufen, die es Ihnen anschlie\u00dfend erm\u00f6glicht, so viele Kimonos wie Sie wollen mit Ihrem Vereinslogo zu bedrucken.<\/p>\n<p>Dieses Angebot ist <strong>Judoclubs<\/strong> vorbehalten. Die Personalisierung ist f\u00fcr <strong>alle unsere<\/strong> Kimonos f\u00fcr Kinder und Erwachsene verf\u00fcgbar.<\/p>\n<div id=\"kurato_extension_modal\"><\/div>\n","protected":false},"featured_media":13211,"comment_status":"closed","ping_status":"closed","template":"","meta":[],"product_brand":[],"product_cat":[306,365,374],"product_tag":[],"giftcard-category":[],"class_list":{"0":"post-14563","1":"product","2":"type-product","3":"status-publish","4":"has-post-thumbnail","6":"product_cat-pour-les-clubs-de","7":"product_cat-judo-kimonos","8":"product_cat-kimonos-kinder","10":"first","11":"instock","12":"taxable","13":"shipping-taxable","14":"purchasable","15":"product-type-simple"},"exclude_global_add_ons":[],"addons":[],"_links":{"self":[{"href":"https:\/\/fightingfilms.shop\/de\/wp-json\/wp\/v2\/product\/14563","targetHints":{"allow":["GET"]}}],"collection":[{"href":"https:\/\/fightingfilms.shop\/de\/wp-json\/wp\/v2\/product"}],"about":[{"href":"https:\/\/fightingfilms.shop\/de\/wp-json\/wp\/v2\/types\/product"}],"replies":[{"embeddable":true,"href":"https:\/\/fightingfilms.shop\/de\/wp-json\/wp\/v2\/comments?post=14563"}],"wp:featuredmedia":[{"embeddable":true,"href":"https:\/\/fightingfilms.shop\/de\/wp-json\/wp\/v2\/media\/13211"}],"wp:attachment":[{"href":"https:\/\/fightingfilms.shop\/de\/wp-json\/wp\/v2\/media?parent=14563"}],"wp:term":[{"taxonomy":"product_brand","embeddable":true,"href":"https:\/\/fightingfilms.shop\/de\/wp-json\/wp\/v2\/product_brand?post=14563"},{"taxonomy":"product_cat","embeddable":true,"href":"https:\/\/fightingfilms.shop\/de\/wp-json\/wp\/v2\/product_cat?post=14563"},{"taxonomy":"product_tag","embeddable":true,"href":"https:\/\/fightingfilms.shop\/de\/wp-json\/wp\/v2\/product_tag?post=14563"},{"taxonomy":"giftcard-category","embeddable":true,"href":"https:\/\/fightingfilms.shop\/de\/wp-json\/wp\/v2\/giftcard-category?post=14563"}],"curies":[{"name":"wp","href":"https:\/\/api.w.org\/{rel}","templated":true}]}}