{"id":14565,"date":"2021-12-17T17:05:01","date_gmt":"2021-12-17T16:05:01","guid":{"rendered":"https:\/\/www.fightingfilms.shop\/produit\/judogi-leinwandjacke\/"},"modified":"2024-05-22T15:33:08","modified_gmt":"2024-05-22T13:33:08","slug":"judogi-jacke","status":"publish","type":"product","link":"https:\/\/fightingfilms.shop\/de\/produit\/judogi-jacke\/","title":{"rendered":"Kimonojacke"},"content":{"rendered":"<p>Entdecken Sie unsere <strong>Kimonojacke<\/strong>, ein Muss f\u00fcr alle Kampfsport- und <strong>Modebegeisterten<\/strong>. Diese Jacke wurde mit viel Liebe zum Detail entworfen und verbindet Tradition und Moderne, um optimalen Komfort und einen eleganten Stil zu bieten.<\/p>\n<p>Diese Jacke ist aus hochwertigem Baumwollgewebe mit der japanischen <strong> Sashiko-Sticktechnik<\/strong> hergestellt und ist strapazierf\u00e4hig und weich im Griff. Kimono-Leinwand ist bekannt f\u00fcr ihre Haltbarkeit und St\u00e4rke, was sie zu einer perfekten Wahl f\u00fcr den t\u00e4glichen Gebrauch und eine <strong>lange<\/strong> Lebensdauer macht.<\/p>\n<p>Inspiriert von den traditionellen <a href=\"https:\/\/www.fightingfilms.shop\/categorie\/kimonos\/kimonos-de-judo\/\">Judo-Kimonojacken<\/a> bietet unsere Kimono-Leinwandjacke einen bequemen, weiten Schnitt mit einer weiten \u00d6ffnung an den \u00c4rmeln. Die <strong>Nahtdetails<\/strong> und die applizierten Finishes erinnern an die Akribie von Judo-Kimonos.<\/p>\n<p>Ob f\u00fcr einen legeren Ausflug mit Freunden im Fr\u00fchling oder einen eleganten Abend im Sommer, seine Leichtigkeit und sein Komfort machen dieses St\u00fcck zu einer au\u00dfergew\u00f6hnlichen <strong>Jacke f\u00fcr die \u00dcbergangszeit<\/strong>. Die beiden Taschen auf der Innenseite sind ideal f\u00fcr Ihre Sonnenbrille, wenn es dunkel wird.<\/p>\n<p>Die <strong>maschinenwaschbare<\/strong> Jacke aus Kimonostoff ist sehr strapazierf\u00e4hig und verliert auch nach h\u00e4ufigem Waschen weder ihre Farbe noch ihre Form.<\/p>\n<p>F\u00fcgen Sie Ihrer Kollektion einen Hauch von <strong>Tradition und Raffinesse<\/strong> mit unserer Kimonojacke hinzu. Ob Sie nun Kampfsportler sind oder einfach nur nach einem stilvollen Einzelst\u00fcck suchen, diese Jacke wird Ihre Erwartungen erf\u00fcllen.<\/p>\n<p><strong>Eigenschaften :<\/strong><\/p>\n<ul>\n<li>Material: Kimono-Leinwand, 100% Reiskorn-Baumwolle<\/li>\n<li>Pflege: maximal 30\u00b0.<\/li>\n<li>Erh\u00e4ltlich in Schwarz und Blau<\/li>\n<li>Made in China<\/li>\n<\/ul>\n<div id=\"kurato_extension_modal\"><\/div>\n<div id=\"kurato_extension_modal\"><\/div>\n<div id=\"kurato_extension_modal\"><\/div>\n<div id=\"kurato_extension_modal\"><\/div>\n","protected":false},"excerpt":{"rendered":"<p>Die Jacke aus Kimonostoff von unserem Partner Keiko-Gi kann leicht zu einem unverzichtbaren Teil Ihrer Garderobe werden.<\/p>\n<p>Hergestellt aus <strong>100% Reiskorn-Baumwolle<\/strong>, hat es einen geraden Schnitt, der es ziemlich schick, aber auch sehr l\u00e4ssig aussehen l\u00e4sst. Der doppelte Kragen, der goldene Rei\u00dfverschluss, die Taschen sowie der<strong><em>Kimono-Effekt<\/em><\/strong>Der Kimono-Druck verleiht dem Kleidungsst\u00fcck einen einzigartigen und andersartigen Stil.<\/p>\n<p>Diese <strong><em>bequeme<\/em> und sehr <em>strapazierf\u00e4hige<\/em><\/strong> Jacke mit langen \u00c4rmeln ist perfekt f\u00fcr die Zwischensaison, f\u00fcr deine Tage oder f\u00fcr einen n\u00e4chtlichen Ausflug. Sie wird Sie <strong>zu jeder Gelegenheit<\/strong> begleiten!<\/p>\n<div id=\"kurato_extension_modal\"><\/div>\n<div id=\"kurato_extension_modal\"><\/div>\n<div id=\"kurato_extension_modal\"><\/div>\n<div id=\"kurato_extension_modal\"><\/div>\n","protected":false},"featured_media":31718,"comment_status":"closed","ping_status":"closed","template":"","meta":[],"product_brand":[],"product_cat":[354,997],"product_tag":[],"giftcard-category":[],"class_list":{"0":"post-14565","1":"product","2":"type-product","3":"status-publish","4":"has-post-thumbnail","6":"product_cat-judo-textilien","7":"product_cat-kimonostoff","8":"product_shipping_class-textilien","10":"first","11":"instock","12":"taxable","13":"shipping-taxable","14":"purchasable","15":"product-type-variable"},"exclude_global_add_ons":[],"addons":[],"_links":{"self":[{"href":"https:\/\/fightingfilms.shop\/de\/wp-json\/wp\/v2\/product\/14565","targetHints":{"allow":["GET"]}}],"collection":[{"href":"https:\/\/fightingfilms.shop\/de\/wp-json\/wp\/v2\/product"}],"about":[{"href":"https:\/\/fightingfilms.shop\/de\/wp-json\/wp\/v2\/types\/product"}],"replies":[{"embeddable":true,"href":"https:\/\/fightingfilms.shop\/de\/wp-json\/wp\/v2\/comments?post=14565"}],"wp:featuredmedia":[{"embeddable":true,"href":"https:\/\/fightingfilms.shop\/de\/wp-json\/wp\/v2\/media\/31718"}],"wp:attachment":[{"href":"https:\/\/fightingfilms.shop\/de\/wp-json\/wp\/v2\/media?parent=14565"}],"wp:term":[{"taxonomy":"product_brand","embeddable":true,"href":"https:\/\/fightingfilms.shop\/de\/wp-json\/wp\/v2\/product_brand?post=14565"},{"taxonomy":"product_cat","embeddable":true,"href":"https:\/\/fightingfilms.shop\/de\/wp-json\/wp\/v2\/product_cat?post=14565"},{"taxonomy":"product_tag","embeddable":true,"href":"https:\/\/fightingfilms.shop\/de\/wp-json\/wp\/v2\/product_tag?post=14565"},{"taxonomy":"giftcard-category","embeddable":true,"href":"https:\/\/fightingfilms.shop\/de\/wp-json\/wp\/v2\/giftcard-category?post=14565"}],"curies":[{"name":"wp","href":"https:\/\/api.w.org\/{rel}","templated":true}]}}