{"id":14652,"date":"2021-06-10T18:53:19","date_gmt":"2021-06-10T16:53:19","guid":{"rendered":"https:\/\/www.fightingfilms.shop\/produit\/judo-kimono-superstar-750-ijf-frankreich\/"},"modified":"2024-03-15T11:07:23","modified_gmt":"2024-03-15T10:07:23","slug":"kimono-superstar-750-ijf-deutschland","status":"publish","type":"product","link":"https:\/\/fightingfilms.shop\/de\/produit\/kimono-superstar-750-ijf-deutschland\/","title":{"rendered":"Judo-Kimono Superstar 750 IJF Frankreich"},"content":{"rendered":"<p>Der Superstar 750 IJF France Judo Kimono ist wieder da!<\/p>\n<p>Kimono Superstar 750 g. <strong>IJF-zugelassen<\/strong> f\u00fcr internationale und nationale Wettk\u00e4mpfe, von der<a href=\"https:\/\/www.sportpolice.fr\/ligues-regionales\/equipes-de-france-police\/sports-individuels\/judo\/\" rel=\"nofollow noopener\" target=\"_blank\">franz\u00f6sischen Polizeimannschaft<\/a> &#8211; erfolgreich &#8211; bei den <a href=\"https:\/\/www.sportpolice.fr\/actualites\/les-bleus-ajoutent-le-bronze-par-equipe\/\" rel=\"nofollow noopener\" target=\"_blank\">Europameisterschaften 2019 <\/a> getragen.  <\/p>\n<p>Es besteht die M\u00f6glichkeit, die franz\u00f6sische Flagge auf der Herzseite f\u00fcr 20\u20ac mehr hinzuzuf\u00fcgen.<\/p>\n<h2><strong>Die Highlights des Superstar 750 Judo-Kimono IJF Frankreich:<\/strong><\/h2>\n<ul>\n<li>Logo in den Farben Frankreichs<\/li>\n<li>M\u00f6glichkeit, die Flagge Frankreichs zu sticken<\/li>\n<li>Genehmigt neue IJF-Standards<\/li>\n<li>Leicht und robust<\/li>\n<li>Taillierter Schnitt<\/li>\n<li>3 % Schrumpfung<\/li>\n<li>Verkauft mit Tragetasche Fighting Films<\/li>\n<li>70% Baumwolle 30% Polyester<\/li>\n<\/ul>\n<p><strong>Pflegetipps :<\/strong><\/p>\n<ul>\n<li>Maschinenw\u00e4sche &#8211; 30\u00b0 max &#8211; normal<\/li>\n<li>Kein Bleichen<\/li>\n<\/ul>\n<h2><strong>Wie w\u00e4hlt man die richtige Gr\u00f6\u00dfe f\u00fcr den Judokimono Superstar 750 IJF France Fighting Films? <\/strong><\/h2>\n<p>Wir empfehlen allen unseren Kundinnen und Kunden, einen Kimono <strong>5 cm kleiner als ihre K\u00f6rpergr\u00f6\u00dfe<\/strong> zu w\u00e4hlen. Wenn Sie <strong>1,70 m<\/strong> gro\u00df sind, sollten Sie sich eher f\u00fcr die <strong>165 cm<\/strong> entscheiden. Mit unserer Erfahrung und Kenntnis unserer Kimonos k\u00f6nnen wir Ihnen versichern, dass dies die richtige Methode ist, die Sie anwenden sollten.<\/p>\n<p>Wenn Sie sich nicht sicher sind, lesen Sie bitte den Artikel \u00fcber die <a href=\"https:\/\/www.fightingfilms.shop\/comment-bien-choisir-la-taille-de-son-judogi\/\">Wahl der richtigen Judokimonogr\u00f6\u00dfe<\/a> oder kontaktieren Sie uns direkt <a href=\"https:\/\/www.fightingfilms.shop\/contact\/\">hier<\/a>.<\/p>\n<p>Die genauen Ma\u00dfe kannst du dem Schnittmuster entnehmen, das in der Galerie zu finden ist!<\/p>\n<p>Sie k\u00f6nnen auch unsere<a href=\"https:\/\/www.fightingfilms.shop\/blog\/\"> verschiedenen Artikel<\/a> \u00fcber die Wahl Ihres <a href=\"https:\/\/www.fightingfilms.shop\/categorie\/kimonos\/kimonos-de-judo\/\">Judokimonos <\/a>lesen oder sich unsere <a href=\"https:\/\/www.fightingfilms.shop\/categorie\/ceintures-de-judo\/\">G\u00fcrtel<\/a> ansehen, um Ihr Outfit zu vervollst\u00e4ndigen.<\/p>\n<div id=\"kurato_extension_modal\"><\/div>\n<div id=\"kurato_extension_modal\"><\/div>\n<div id=\"kurato_extension_modal\"><\/div>\n","protected":false},"excerpt":{"rendered":"<p>Der <strong>Judo-Kimono Superstar 750 IJF France<\/strong> ist der ideale Judogi f\u00fcr jeden anspruchsvollen Wettk\u00e4mpfer, sowohl f\u00fcr Wettk\u00e4mpfe als auch f\u00fcr intensives Training. Dieser <strong>Unisex-Kimono<\/strong>, der auf jeder Schulter mit einer eleganten Tricolore-Flagge versehen ist, bietet dank seines taillierten Schnitts einen <strong>au\u00dfergew\u00f6hnlichen Tragekomfort<\/strong>. Seine weit geschnittene Hose, die an den Knien verst\u00e4rkt ist, erm\u00f6glicht <strong>maximale Mobilit\u00e4t<\/strong>. Dieser Kimono ist perfekt f\u00fcr Veteranen.<\/p>\n<p>Es besteht die M\u00f6glichkeit, die auf das Herz gestickte Trikolore f\u00fcr 15\u20ac hinzuzuf\u00fcgen. Dieser Judogi ist <strong>gemischtgeschlechtlich<\/strong>.<\/p>\n<p><em>Offizieller Kimono der F\u00e9d\u00e9ration Sportive de la Police Nationale (FSPN) f\u00fcr die Judo-Europameisterschaften 2019.<\/em><\/p>\n<p><strong>Wie w\u00e4hle ich die richtige Kimonogr\u00f6\u00dfe Fighting Films? <\/strong><\/p>\n<p>Wir empfehlen allen unseren Kundinnen und Kunden, einen Kimono <strong>5 cm kleiner als ihre K\u00f6rpergr\u00f6\u00dfe<\/strong> zu w\u00e4hlen. Wenn Sie <strong>1,70 m<\/strong> gro\u00df sind, sollten Sie sich eher f\u00fcr die <strong>165 cm<\/strong> entscheiden. Mit unserer Erfahrung und Kenntnis unserer Kimonos k\u00f6nnen wir Ihnen versichern, dass dies die richtige Methode ist, die Sie anwenden sollten.<\/p>\n<h4 id=\"kurato_extension_modal\">Immer noch unsicher bei der Wahl der Judogi-Gr\u00f6\u00dfe? Entdecken Sie unseren <strong><a href=\"http:\/\/tinyurl.com\/2mjwnc4w\">Gr\u00f6\u00dfenberater .<\/a><\/strong><\/h4>\n<div id=\"kurato_extension_modal\"><\/div>\n<div id=\"kurato_extension_modal\"><\/div>\n","protected":false},"featured_media":23081,"comment_status":"closed","ping_status":"closed","template":"","meta":[],"product_brand":[],"product_cat":[993,365],"product_tag":[],"giftcard-category":[],"class_list":{"0":"post-14652","1":"product","2":"type-product","3":"status-publish","4":"has-post-thumbnail","6":"product_cat-ijf-judoanzug","7":"product_cat-judo-kimonos","8":"product_shipping_class-kimono-black-label-superstar-de","10":"first","11":"instock","12":"taxable","13":"shipping-taxable","14":"purchasable","15":"product-type-variable"},"exclude_global_add_ons":[],"addons":[],"_links":{"self":[{"href":"https:\/\/fightingfilms.shop\/de\/wp-json\/wp\/v2\/product\/14652","targetHints":{"allow":["GET"]}}],"collection":[{"href":"https:\/\/fightingfilms.shop\/de\/wp-json\/wp\/v2\/product"}],"about":[{"href":"https:\/\/fightingfilms.shop\/de\/wp-json\/wp\/v2\/types\/product"}],"replies":[{"embeddable":true,"href":"https:\/\/fightingfilms.shop\/de\/wp-json\/wp\/v2\/comments?post=14652"}],"wp:featuredmedia":[{"embeddable":true,"href":"https:\/\/fightingfilms.shop\/de\/wp-json\/wp\/v2\/media\/23081"}],"wp:attachment":[{"href":"https:\/\/fightingfilms.shop\/de\/wp-json\/wp\/v2\/media?parent=14652"}],"wp:term":[{"taxonomy":"product_brand","embeddable":true,"href":"https:\/\/fightingfilms.shop\/de\/wp-json\/wp\/v2\/product_brand?post=14652"},{"taxonomy":"product_cat","embeddable":true,"href":"https:\/\/fightingfilms.shop\/de\/wp-json\/wp\/v2\/product_cat?post=14652"},{"taxonomy":"product_tag","embeddable":true,"href":"https:\/\/fightingfilms.shop\/de\/wp-json\/wp\/v2\/product_tag?post=14652"},{"taxonomy":"giftcard-category","embeddable":true,"href":"https:\/\/fightingfilms.shop\/de\/wp-json\/wp\/v2\/giftcard-category?post=14652"}],"curies":[{"name":"wp","href":"https:\/\/api.w.org\/{rel}","templated":true}]}}