{"id":14662,"date":"2021-06-10T18:53:18","date_gmt":"2021-06-10T16:53:18","guid":{"rendered":"https:\/\/www.fightingfilms.shop\/produit\/uchi-komi-trainingsseil-speziell-fuer-judo\/"},"modified":"2025-12-18T16:07:31","modified_gmt":"2025-12-18T15:07:31","slug":"seil-training-uchi-komi-special-judo","status":"publish","type":"product","link":"https:\/\/fightingfilms.shop\/de\/produit\/seil-training-uchi-komi-special-judo\/","title":{"rendered":"Uchi-Komi-Trainingsseil speziell f\u00fcr Judo"},"content":{"rendered":"<p dir=\"ltr\" data-placeholder=\"Traduction\">Fighting Films wirft seine Seile zu Uchi-Komi! Strapazierf\u00e4hig und perfekt f\u00fcr das Training!<\/p>\n<div>\n<p id=\"tw-target-text\" class=\"tw-data-text tw-ta tw-text-small\" dir=\"ltr\" data-placeholder=\"Traduction\"><span lang=\"fr\">Die Seile in Uchi-Komi werden aus<strong> 100% Baumwolle<\/strong> hergestellt. Dadurch soll dem Athleten das Gef\u00fchl eines echten Gegners vermittelt werden. Es hilft nicht nur <strong>Anf\u00e4ngern<\/strong>, sondern auch <strong>Fortgeschrittenen<\/strong>, es verbessert die Koordination, den Rhythmus, die Ausdauer, das Gleichgewicht, die Geschwindigkeit, das Muskelged\u00e4chtnis und die Grundlagen des Judo.<\/span><\/p>\n<\/div>\n<p><strong>Uchi-Komi<\/strong> besteht darin, die <strong>ersten beiden Phasen der Technik<\/strong> (Ungleichgewicht und Platzierung) auszuf\u00fchren, ohne den Wurf auszuf\u00fchren.Es ist ein serielles Training, das die Technik und die Ausf\u00fchrungsgeschwindigkeit verbessert.<\/p>\n<p>Da die Seile die St\u00e4rke 1 haben, sind sie perfekt f\u00fcr Judoka aller Leistungsstufen geeignet.<\/p>\n<p><strong>Eigenschaften :<\/strong><\/p>\n<ul>\n<li>100% Baumwolle<\/li>\n<li>Echte Kimono\u00e4rmel<\/li>\n<li>Erh\u00e4ltlich in Wei\u00df, Schwarz und Blau<\/li>\n<li>Fighting Films Logo auf den \u00c4rmeln gestickt<\/li>\n<li>Clubpreis verf\u00fcgbar f\u00fcr +10 Saiten<\/li>\n<li>Schutz in der Mitte f\u00fcr mehr Haltbarkeit<\/li>\n<\/ul>\n<p>&nbsp;<\/p>\n<div id=\"kurato_extension_modal\"><\/div>\n","protected":false},"excerpt":{"rendered":"<p>Fighting Films bringt seine Uchi-Komi-Seile auf den Markt. Sie sind strapazierf\u00e4hig und perfekt f\u00fcr das Training!<\/p>\n<p>Ziel ist es, dem Athleten das Gef\u00fchl eines echten Gegners zu vermitteln. Es hilft nicht nur <strong>Anf\u00e4ngern<\/strong>, sondern auch <strong>Fortgeschrittenen<\/strong>, es verbessert die Koordination, den Rhythmus, die Ausdauer, das Gleichgewicht, die Geschwindigkeit, das Muskelged\u00e4chtnis und die Grundlagen des Judo.<\/p>\n<p><strong>Uchi-Komi<\/strong> besteht darin, die <strong>ersten beiden Phasen der Technik<\/strong> (Ungleichgewicht und Platzierung) auszuf\u00fchren, ohne den Wurf auszuf\u00fchren.Es ist ein serielles Training, das die Technik und die Ausf\u00fchrungsgeschwindigkeit verbessert.<\/p>\n<div id=\"kurato_extension_modal\"><\/div>\n","protected":false},"featured_media":12176,"comment_status":"closed","ping_status":"closed","template":"","meta":[],"product_brand":[],"product_cat":[340],"product_tag":[],"giftcard-category":[],"class_list":{"0":"post-14662","1":"product","2":"type-product","3":"status-publish","4":"has-post-thumbnail","6":"product_cat-judo-zubehor","8":"first","9":"instock","10":"taxable","11":"shipping-taxable","12":"purchasable","13":"product-type-variable"},"exclude_global_add_ons":[],"addons":[],"_links":{"self":[{"href":"https:\/\/fightingfilms.shop\/de\/wp-json\/wp\/v2\/product\/14662","targetHints":{"allow":["GET"]}}],"collection":[{"href":"https:\/\/fightingfilms.shop\/de\/wp-json\/wp\/v2\/product"}],"about":[{"href":"https:\/\/fightingfilms.shop\/de\/wp-json\/wp\/v2\/types\/product"}],"replies":[{"embeddable":true,"href":"https:\/\/fightingfilms.shop\/de\/wp-json\/wp\/v2\/comments?post=14662"}],"wp:featuredmedia":[{"embeddable":true,"href":"https:\/\/fightingfilms.shop\/de\/wp-json\/wp\/v2\/media\/12176"}],"wp:attachment":[{"href":"https:\/\/fightingfilms.shop\/de\/wp-json\/wp\/v2\/media?parent=14662"}],"wp:term":[{"taxonomy":"product_brand","embeddable":true,"href":"https:\/\/fightingfilms.shop\/de\/wp-json\/wp\/v2\/product_brand?post=14662"},{"taxonomy":"product_cat","embeddable":true,"href":"https:\/\/fightingfilms.shop\/de\/wp-json\/wp\/v2\/product_cat?post=14662"},{"taxonomy":"product_tag","embeddable":true,"href":"https:\/\/fightingfilms.shop\/de\/wp-json\/wp\/v2\/product_tag?post=14662"},{"taxonomy":"giftcard-category","embeddable":true,"href":"https:\/\/fightingfilms.shop\/de\/wp-json\/wp\/v2\/giftcard-category?post=14662"}],"curies":[{"name":"wp","href":"https:\/\/api.w.org\/{rel}","templated":true}]}}