{"id":14666,"date":"2021-06-10T18:53:17","date_gmt":"2021-06-10T16:53:17","guid":{"rendered":"https:\/\/www.fightingfilms.shop\/produit\/schluesselanhaenger-judo-fighting-films\/"},"modified":"2025-08-07T08:43:59","modified_gmt":"2025-08-07T06:43:59","slug":"keyholder-judo-fighting-films","status":"publish","type":"product","link":"https:\/\/fightingfilms.shop\/de\/produit\/keyholder-judo-fighting-films\/","title":{"rendered":"Schl\u00fcsselanh\u00e4nger Judo Fighting Films"},"content":{"rendered":"<h4>Verlieren Sie Ihre Schl\u00fcssel nicht mehr!<\/h4>\n<p>Dieser Judo-Schl\u00fcsselanh\u00e4nger ist ein echtes St\u00fcck des wei\u00dfen G\u00fcrtels Fighting Films!<\/p>\n<p>Das perfekte Geschenk f\u00fcr einen Freund, der Judoka ist!<\/p>\n<p>Sie haben die M\u00f6glichkeit, einzeln oder in Packungen von 5, 10 oder 20 St\u00fcck f\u00fcr Ihren Verein zu kaufen!<\/p>\n<p>Schl\u00fcsselanh\u00e4nger aus echtem <a href=\"https:\/\/www.fightingfilms.shop\/produit\/ceintures-de-judo\/ceinture-noire-de-judo-approuve-ijf\/\">Judog\u00fcrtelstoff<\/a> und dem japanisch geschriebenen Wort Judo \u67d4\u9053!<\/p>\n<p>100 % Judo<\/p>\n<div id=\"kurato_extension_modal\"><\/div>\n<div id=\"kurato_extension_modal\"><\/div>\n","protected":false},"excerpt":{"rendered":"<p>Schl\u00fcsselanh\u00e4nger aus wei\u00dfem G\u00fcrtel, ein sch\u00f6nes Symbol f\u00fcr Ihre Leidenschaft f\u00fcr Judo. Widerstandsf\u00e4hig, ideal f\u00fcr Ihre Haus-, Auto- und Rollerschl\u00fcssel. Es ist auch ein sch\u00f6nes Geschenk.<\/p>\n<div id=\"kurato_extension_modal\"><\/div>\n<div id=\"kurato_extension_modal\"><\/div>\n","protected":false},"featured_media":27221,"comment_status":"closed","ping_status":"closed","template":"","meta":[],"product_brand":[],"product_cat":[340],"product_tag":[],"giftcard-category":[],"class_list":{"0":"post-14666","1":"product","2":"type-product","3":"status-publish","4":"has-post-thumbnail","6":"product_cat-judo-zubehor","7":"product_shipping_class-kleines-zubehor","9":"first","10":"instock","11":"taxable","12":"shipping-taxable","13":"purchasable","14":"product-type-variable"},"exclude_global_add_ons":[],"addons":[],"_links":{"self":[{"href":"https:\/\/fightingfilms.shop\/de\/wp-json\/wp\/v2\/product\/14666","targetHints":{"allow":["GET"]}}],"collection":[{"href":"https:\/\/fightingfilms.shop\/de\/wp-json\/wp\/v2\/product"}],"about":[{"href":"https:\/\/fightingfilms.shop\/de\/wp-json\/wp\/v2\/types\/product"}],"replies":[{"embeddable":true,"href":"https:\/\/fightingfilms.shop\/de\/wp-json\/wp\/v2\/comments?post=14666"}],"wp:featuredmedia":[{"embeddable":true,"href":"https:\/\/fightingfilms.shop\/de\/wp-json\/wp\/v2\/media\/27221"}],"wp:attachment":[{"href":"https:\/\/fightingfilms.shop\/de\/wp-json\/wp\/v2\/media?parent=14666"}],"wp:term":[{"taxonomy":"product_brand","embeddable":true,"href":"https:\/\/fightingfilms.shop\/de\/wp-json\/wp\/v2\/product_brand?post=14666"},{"taxonomy":"product_cat","embeddable":true,"href":"https:\/\/fightingfilms.shop\/de\/wp-json\/wp\/v2\/product_cat?post=14666"},{"taxonomy":"product_tag","embeddable":true,"href":"https:\/\/fightingfilms.shop\/de\/wp-json\/wp\/v2\/product_tag?post=14666"},{"taxonomy":"giftcard-category","embeddable":true,"href":"https:\/\/fightingfilms.shop\/de\/wp-json\/wp\/v2\/giftcard-category?post=14666"}],"curies":[{"name":"wp","href":"https:\/\/api.w.org\/{rel}","templated":true}]}}