{"id":14669,"date":"2021-06-10T18:53:17","date_gmt":"2021-06-10T16:53:17","guid":{"rendered":"https:\/\/www.fightingfilms.shop\/produit\/judotasche-bakku-pakku-fighting-films\/"},"modified":"2026-04-09T10:09:59","modified_gmt":"2026-04-09T08:09:59","slug":"tasche-von-judo-bakku-pakku-fighting-films","status":"publish","type":"product","link":"https:\/\/fightingfilms.shop\/de\/produit\/tasche-von-judo-bakku-pakku-fighting-films\/","title":{"rendered":"Judotasche Bakku Pakku"},"content":{"rendered":"<p>Entdecken Sie unsere Judotasche Bakku Pakku. Ihr Name leitet sich vom englischen Wort &#8222;back pack&#8220; ab und gibt ihr einen japanischen Klang.<\/p>\n<p>Diese Judotasche ist in grau erh\u00e4ltlich und kann Sie sowohl beim Training als auch im Urlaub am anderen Ende der Welt begleiten! Mit einem Fassungsverm\u00f6gen von 50L k\u00f6nnen Sie bis zu zwei <a href=\"https:\/\/www.fightingfilms.shop\/categorie\/kimonos\/kimonos-de-judo\/\">Judokimonos<\/a> f\u00fcr Erwachsene aufbewahren. Dar\u00fcber hinaus k\u00f6nnen Sie Ihre <a href=\"https:\/\/www.fightingfilms.shop\/categorie\/ceintures-de-judo\/\">Judog\u00fcrtel<\/a>, Steppschuhe und andere Trainingsutensilien hinzuf\u00fcgen.<\/p>\n<p>Mit seinen 50 Litern ist es kein Problem, mit dieser Judotasche in der Kabine zu reisen!<\/p>\n<p>Sie k\u00f6nnen ihn in der Hand oder als Rucksack tragen, da er mit verschiedenen, bequemen Riemen versehen ist. Die Tasche ist regenfest.<\/p>\n<p>Finden Sie das legend\u00e4re Fighting Films Logo auf der Unterseite der Bakku Pakku Judotasche. Und die dezenten Verzierungen, die Ihrer Judotasche einen einzigartigen Stil verleihen! <\/p>\n<p><strong>Gr\u00f6\u00dfe: 32,5 X 53 X 32,5 Cm<\/strong><\/p>\n<dl class=\"pdp-specifications-list\">\n<dt class=\"pdp-specifications-list-name\"><strong>Volumen: 50 Liter<\/strong><\/dt>\n<\/dl>\n<p><strong>Farben:<\/strong> Grau und schwarze Logos \/ Schwarz und rote Logos<\/p>\n<h2>Aufbewahrung der Judotasche Bakku Pakku:<\/h2>\n<ul>\n<li>Ein gro\u00dfes Hauptfach f\u00fcr 2 Kimonos f\u00fcr Erwachsene und einige Accessoires<\/li>\n<li>Die Tasche verf\u00fcgt \u00fcber eine Netztasche mit Rei\u00dfverschluss im Hauptfach.<\/li>\n<li>Rei\u00dfverschlusstasche am Ende der Tasche.<\/li>\n<\/ul>\n<div id=\"kurato_extension_modal\"><\/div>\n<div id=\"kurato_extension_modal\"><\/div>\n<div id=\"kurato_extension_modal\"><\/div>\n<div id=\"kurato_extension_modal\"><\/div>\n<div id=\"kurato_extension_modal\"><\/div>\n<div id=\"kurato_extension_modal\"><\/div>\n<div id=\"kurato_extension_modal\"><\/div>\n<div id=\"kurato_extension_modal\"><\/div>\n<div id=\"kurato_extension_modal\"><\/div>\n<div id=\"kurato_extension_modal\"><\/div>\n<div id=\"kurato_extension_modal\"><\/div>\n<div id=\"kurato_extension_modal\"><\/div>\n<div id=\"kurato_extension_modal\"><\/div>\n<div id=\"kurato_extension_modal\"><\/div>\n<div id=\"kurato_extension_modal\"><\/div>\n<div id=\"kurato_extension_modal\"><\/div>\n<div id=\"kurato_extension_modal\"><\/div>\n<div id=\"kurato_extension_modal\"><\/div>\n","protected":false},"excerpt":{"rendered":"<p>Entdecken Sie die neue Bakku Pakku Judotasche. Robust, ger\u00e4umig und in den Farben von Fighting Films!<\/p>\n<p>Erh\u00e4ltlich in grau und schwarz, damit Sie im Dojo am besten aussehen. Sie haben die M\u00f6glichkeit, zwei <a href=\"https:\/\/www.fightingfilms.shop\/categorie\/kimonos\/kimonos-de-judo\/\">Judogis<\/a> ohne Bedenken darin unterzubringen. Die Tasche ist perfekt f\u00fcr die Reise, da sie von den meisten Fluggesellschaften in der Kabine akzeptiert wird.<\/p>\n<p>Die Bakku Pakku Tasche ist mit einem strapazierf\u00e4higen Gewebe ausgestattet und sch\u00fctzt Ihre Sachen vor Regen, da sie wasserabweisend ist.<\/p>\n<p>&nbsp;<\/p>\n<p>&nbsp;<\/p>\n<p>&nbsp;<\/p>\n<div id=\"kurato_extension_modal\"><\/div>\n<div id=\"kurato_extension_modal\"><\/div>\n<div id=\"kurato_extension_modal\"><\/div>\n<div id=\"kurato_extension_modal\"><\/div>\n<div id=\"kurato_extension_modal\"><\/div>\n<div id=\"kurato_extension_modal\"><\/div>\n<div id=\"kurato_extension_modal\"><\/div>\n<div id=\"kurato_extension_modal\"><\/div>\n<div id=\"kurato_extension_modal\"><\/div>\n<div id=\"kurato_extension_modal\"><\/div>\n<div id=\"kurato_extension_modal\"><\/div>\n<div id=\"kurato_extension_modal\"><\/div>\n<div id=\"kurato_extension_modal\"><\/div>\n<div id=\"kurato_extension_modal\"><\/div>\n<div id=\"kurato_extension_modal\"><\/div>\n<div id=\"kurato_extension_modal\"><\/div>\n<div id=\"kurato_extension_modal\"><\/div>\n<div id=\"kurato_extension_modal\"><\/div>\n","protected":false},"featured_media":26081,"comment_status":"closed","ping_status":"closed","template":"","meta":[],"product_brand":[],"product_cat":[340,1052],"product_tag":[],"giftcard-category":[],"class_list":{"0":"post-14669","1":"product","2":"type-product","3":"status-publish","4":"has-post-thumbnail","6":"product_cat-judo-zubehor","7":"product_cat-judotasche","8":"product_shipping_class-zubehor","10":"first","11":"instock","12":"taxable","13":"shipping-taxable","14":"purchasable","15":"product-type-variable"},"exclude_global_add_ons":[],"addons":[],"_links":{"self":[{"href":"https:\/\/fightingfilms.shop\/de\/wp-json\/wp\/v2\/product\/14669","targetHints":{"allow":["GET"]}}],"collection":[{"href":"https:\/\/fightingfilms.shop\/de\/wp-json\/wp\/v2\/product"}],"about":[{"href":"https:\/\/fightingfilms.shop\/de\/wp-json\/wp\/v2\/types\/product"}],"replies":[{"embeddable":true,"href":"https:\/\/fightingfilms.shop\/de\/wp-json\/wp\/v2\/comments?post=14669"}],"wp:featuredmedia":[{"embeddable":true,"href":"https:\/\/fightingfilms.shop\/de\/wp-json\/wp\/v2\/media\/26081"}],"wp:attachment":[{"href":"https:\/\/fightingfilms.shop\/de\/wp-json\/wp\/v2\/media?parent=14669"}],"wp:term":[{"taxonomy":"product_brand","embeddable":true,"href":"https:\/\/fightingfilms.shop\/de\/wp-json\/wp\/v2\/product_brand?post=14669"},{"taxonomy":"product_cat","embeddable":true,"href":"https:\/\/fightingfilms.shop\/de\/wp-json\/wp\/v2\/product_cat?post=14669"},{"taxonomy":"product_tag","embeddable":true,"href":"https:\/\/fightingfilms.shop\/de\/wp-json\/wp\/v2\/product_tag?post=14669"},{"taxonomy":"giftcard-category","embeddable":true,"href":"https:\/\/fightingfilms.shop\/de\/wp-json\/wp\/v2\/giftcard-category?post=14669"}],"curies":[{"name":"wp","href":"https:\/\/api.w.org\/{rel}","templated":true}]}}