{"id":14674,"date":"2021-06-10T18:53:16","date_gmt":"2021-06-10T16:53:16","guid":{"rendered":"https:\/\/www.fightingfilms.shop\/produit\/judo-guertel-tasse\/"},"modified":"2024-01-23T17:06:43","modified_gmt":"2024-01-23T16:06:43","slug":"tasse-gurtel-judo-fighting-filme","status":"publish","type":"product","link":"https:\/\/fightingfilms.shop\/de\/produit\/tasse-gurtel-judo-fighting-filme\/","title":{"rendered":"Judo-G\u00fcrtel-Tasse"},"content":{"rendered":"<p dir=\"ltr\" data-placeholder=\"Traduction\">Lassen Sie Judo in Ihren Alltag einziehen, die anpassbare Judog\u00fcrtel-Tasse Fighting Films sind da. <strong>In Ihrem Briefkasten innerhalb von 5 Werktagen<\/strong>.<\/p>\n<p id=\"tw-target-text\" class=\"tw-data-text tw-text-large XcVN5d tw-ta\" dir=\"ltr\" data-placeholder=\"Traduction\"><span lang=\"fr\">Diese Judog\u00fcrtel-Tasse ist robust und eignet sich hervorragend als Geschenkidee. Sie ist auch perfekt f\u00fcr Ihren Morgenkaffee, Ihren Nachmittagstee oder jedes andere Hei\u00dfgetr\u00e4nk, das Sie gerne trinken.<\/span><\/p>\n<p class=\"tw-data-text tw-text-large XcVN5d tw-ta\" dir=\"ltr\" data-placeholder=\"Traduction\"><span lang=\"fr\">Die Tasse fighting films ist ein Produkt mit lebendigen Aufdrucken, die auch in der Sp\u00fclmaschine und in der Mikrowelle ihre Qualit\u00e4t behalten.<\/span><\/p>\n<p dir=\"ltr\" data-placeholder=\"Traduction\">Wenn Sie <a href=\"https:\/\/www.fightingfilms.shop\/produit\/accessoires-de-judo\/mug-fighting-films\/\">eine Tasse<\/a> in den Farben von Fighting Films haben m\u00f6chten, ist diese ebenfalls auf unserer Website erh\u00e4ltlich.<\/p>\n<p dir=\"ltr\" data-placeholder=\"Traduction\">Degressiver Preis ab 30 Tassen , kontaktieren Sie uns = joseph@fightingfilms.fr<\/p>\n<p dir=\"ltr\" data-placeholder=\"Traduction\">Besuchen Sie unsere <a href=\"https:\/\/www.instagram.com\/fightingfilmseu\/\" rel=\"nofollow noopener\" target=\"_blank\">Sozialen Netzwerke<\/a>, um keine Neuigkeiten zu verpassen!<\/p>\n","protected":false},"excerpt":{"rendered":"<p>Entdecken Sie unsere Judog\u00fcrtel-Tassen Fighting Films, ideal f\u00fcr alle Ihre Hei\u00dfgetr\u00e4nke!<\/p>\n<p>Die G\u00fcrtel k\u00f6nnen individuell gestaltet werden, sowohl was die Farbe als auch was den darauf geschriebenen Namen betrifft.<\/p>\n","protected":false},"featured_media":12160,"comment_status":"closed","ping_status":"closed","template":"","meta":[],"product_brand":[],"product_cat":[1145,340],"product_tag":[],"giftcard-category":[],"class_list":{"0":"post-14674","1":"product","2":"type-product","3":"status-publish","4":"has-post-thumbnail","6":"product_cat-judo-goodies-kollektion","7":"product_cat-judo-zubehor","8":"product_shipping_class-gurtel-oder-tasse","10":"first","11":"instock","12":"taxable","13":"shipping-taxable","14":"purchasable","15":"product-type-variable"},"exclude_global_add_ons":[],"addons":[],"_links":{"self":[{"href":"https:\/\/fightingfilms.shop\/de\/wp-json\/wp\/v2\/product\/14674","targetHints":{"allow":["GET"]}}],"collection":[{"href":"https:\/\/fightingfilms.shop\/de\/wp-json\/wp\/v2\/product"}],"about":[{"href":"https:\/\/fightingfilms.shop\/de\/wp-json\/wp\/v2\/types\/product"}],"replies":[{"embeddable":true,"href":"https:\/\/fightingfilms.shop\/de\/wp-json\/wp\/v2\/comments?post=14674"}],"wp:featuredmedia":[{"embeddable":true,"href":"https:\/\/fightingfilms.shop\/de\/wp-json\/wp\/v2\/media\/12160"}],"wp:attachment":[{"href":"https:\/\/fightingfilms.shop\/de\/wp-json\/wp\/v2\/media?parent=14674"}],"wp:term":[{"taxonomy":"product_brand","embeddable":true,"href":"https:\/\/fightingfilms.shop\/de\/wp-json\/wp\/v2\/product_brand?post=14674"},{"taxonomy":"product_cat","embeddable":true,"href":"https:\/\/fightingfilms.shop\/de\/wp-json\/wp\/v2\/product_cat?post=14674"},{"taxonomy":"product_tag","embeddable":true,"href":"https:\/\/fightingfilms.shop\/de\/wp-json\/wp\/v2\/product_tag?post=14674"},{"taxonomy":"giftcard-category","embeddable":true,"href":"https:\/\/fightingfilms.shop\/de\/wp-json\/wp\/v2\/giftcard-category?post=14674"}],"curies":[{"name":"wp","href":"https:\/\/api.w.org\/{rel}","templated":true}]}}