{"id":14684,"date":"2021-06-10T18:53:15","date_gmt":"2021-06-10T16:53:15","guid":{"rendered":"https:\/\/www.fightingfilms.shop\/produit\/antriebszugband\/"},"modified":"2024-10-21T15:38:23","modified_gmt":"2024-10-21T13:38:23","slug":"zugband-training","status":"publish","type":"product","link":"https:\/\/fightingfilms.shop\/de\/produit\/zugband-training\/","title":{"rendered":"Antriebszugband"},"content":{"rendered":"<p dir=\"ltr\" data-placeholder=\"Traduction\">Fighting Films erg\u00e4nzt sein Angebot an Judo-Trainingsprodukten! Wir haben unser <strong>Traktionsband<\/strong> entwickelt, das Sie <strong>allein oder mit einem Partner<\/strong> verwenden k\u00f6nnen.<\/p>\n<div>\n<p id=\"tw-target-text\" class=\"tw-data-text tw-ta tw-text-small\" dir=\"ltr\" data-placeholder=\"Traduction\"><span lang=\"fr\">Die Trainings-Zugb\u00e4nder werden aus<strong> 100% Baumwolle<\/strong> hergestellt. Dadurch soll dem Athleten das Gef\u00fchl des &#8222;Kragens&#8220; eines Judo- oder JJB-Kimonos vermittelt werden. Es hilft nicht nur <strong>Anf\u00e4ngern<\/strong>, sondern auch <strong>Fortgeschrittenen <\/strong>.  <\/span><\/p>\n<\/div>\n<p>Ideal f\u00fcr den Aufbau von Grippe und Kraft.<\/p>\n<p><strong>Eigenschaften :<\/strong><\/p>\n<ul>\n<li>100% Baumwolle<\/li>\n<li>Erh\u00e4ltlich in Blau<\/li>\n<li>Fighting Films Logo auf den \u00c4rmeln gestickt<\/li>\n<li>Clubpreis verf\u00fcgbar f\u00fcr + 10 B\u00e4nder<\/li>\n<li>Leicht zu waschen<\/li>\n<li>Ma\u00dfe: 2 m x 20 cm<\/li>\n<\/ul>\n<div id=\"kurato_extension_modal\"><\/div>\n<div id=\"kurato_extension_modal\"><\/div>\n","protected":false},"excerpt":{"rendered":"<p dir=\"ltr\" data-placeholder=\"Traduction\">Fighting Films erg\u00e4nzt sein Angebot an Judo-Trainingsprodukten! Wir haben unser Traktionsband entwickelt, das Sie allein oder mit einem Partner verwenden k\u00f6nnen.<\/p>\n<div>\n<p id=\"tw-target-text\" class=\"tw-data-text tw-ta tw-text-small\" dir=\"ltr\" data-placeholder=\"Traduction\"><span lang=\"fr\">Die Trainings-Zugb\u00e4nder werden aus<strong> 100% Baumwolle<\/strong> hergestellt. Dadurch soll dem Athleten das Gef\u00fchl des &#8222;Kragens&#8220; eines Judo- oder JJB-Kimonos vermittelt werden. Es hilft nicht nur <strong>Anf\u00e4ngern<\/strong>, sondern auch <strong>Fortgeschrittenen <\/strong>.  <\/span><\/p>\n<\/div>\n<p>Ideal f\u00fcr den Aufbau von Grippe und Kraft.<\/p>\n<div id=\"kurato_extension_modal\"><\/div>\n<div id=\"kurato_extension_modal\"><\/div>\n","protected":false},"featured_media":25825,"comment_status":"closed","ping_status":"closed","template":"","meta":[],"product_brand":[],"product_cat":[340],"product_tag":[],"giftcard-category":[],"class_list":{"0":"post-14684","1":"product","2":"type-product","3":"status-publish","4":"has-post-thumbnail","6":"product_cat-judo-zubehor","7":"product_shipping_class-zubehor","9":"first","10":"instock","11":"taxable","12":"shipping-taxable","13":"purchasable","14":"product-type-simple"},"exclude_global_add_ons":[],"addons":[],"_links":{"self":[{"href":"https:\/\/fightingfilms.shop\/de\/wp-json\/wp\/v2\/product\/14684","targetHints":{"allow":["GET"]}}],"collection":[{"href":"https:\/\/fightingfilms.shop\/de\/wp-json\/wp\/v2\/product"}],"about":[{"href":"https:\/\/fightingfilms.shop\/de\/wp-json\/wp\/v2\/types\/product"}],"replies":[{"embeddable":true,"href":"https:\/\/fightingfilms.shop\/de\/wp-json\/wp\/v2\/comments?post=14684"}],"wp:featuredmedia":[{"embeddable":true,"href":"https:\/\/fightingfilms.shop\/de\/wp-json\/wp\/v2\/media\/25825"}],"wp:attachment":[{"href":"https:\/\/fightingfilms.shop\/de\/wp-json\/wp\/v2\/media?parent=14684"}],"wp:term":[{"taxonomy":"product_brand","embeddable":true,"href":"https:\/\/fightingfilms.shop\/de\/wp-json\/wp\/v2\/product_brand?post=14684"},{"taxonomy":"product_cat","embeddable":true,"href":"https:\/\/fightingfilms.shop\/de\/wp-json\/wp\/v2\/product_cat?post=14684"},{"taxonomy":"product_tag","embeddable":true,"href":"https:\/\/fightingfilms.shop\/de\/wp-json\/wp\/v2\/product_tag?post=14684"},{"taxonomy":"giftcard-category","embeddable":true,"href":"https:\/\/fightingfilms.shop\/de\/wp-json\/wp\/v2\/giftcard-category?post=14684"}],"curies":[{"name":"wp","href":"https:\/\/api.w.org\/{rel}","templated":true}]}}