{"id":14685,"date":"2021-06-10T18:53:12","date_gmt":"2021-06-10T16:53:12","guid":{"rendered":"https:\/\/www.fightingfilms.shop\/produit\/bananentasche-aus-judogi-leinwand\/"},"modified":"2024-07-01T19:42:12","modified_gmt":"2024-07-01T17:42:12","slug":"bananen-tasche-judogi-fighting-films","status":"publish","type":"product","link":"https:\/\/fightingfilms.shop\/de\/produit\/bananen-tasche-judogi-fighting-films\/","title":{"rendered":"Bananentasche aus Judogi-Leinwand"},"content":{"rendered":"<p>Unsere G\u00fcrteltasche aus Judogi-Leinwand ist endlich erh\u00e4ltlich! Das modische Accessoire, das Ihnen noch in Ihrer Garderobe gefehlt hat. Erh\u00e4ltlich in 4 Farben: wei\u00df, blau, schwarz, rot.<\/p>\n<p>Dies ist das ideale<a href=\"https:\/\/www.fightingfilms.shop\/categorie\/accessoires-de-judo\/\">Judozubeh\u00f6r<\/a> Fighting Films, um zu einem Wettkampf zu gehen!<\/p>\n<p>Diese Judogi-Leinwand-G\u00fcrteltasche ist, wie der Name schon sagt, aus Judogi-Leinwand gefertigt. Wie alle unsere Kimonos ist die Tasche aufgrund der Qualit\u00e4t des verwendeten Stoffes sehr strapazierf\u00e4hig. Er wird dich viele Monate\/Jahre lang im Sommer und im Winter begleiten!<\/p>\n<p><strong>Zus\u00e4tzliche Infos :  <\/strong><\/p>\n<div class=\"description__desc\">\n<p>Echter Judo-Kimono-Leinwand<br \/>\n&#8211; An der Taille oder \u00fcber der Schulter getragen<br \/>\n&#8211; Eine Au\u00dfentasche, 1 Innentasche mit Rei\u00dfverschluss und ein Hauptfach mit Rei\u00dfverschluss<br \/>\n&#8211; Hauptfach mit Rei\u00dfverschluss und zwei Innenf\u00e4chern<br \/>\n&#8211; Au\u00dfentasche mit Rei\u00dfverschluss f\u00fcr kleine Wertsachen<br \/>\n&#8211; Mittleres Gewicht 155 g<\/p>\n<p><strong>Zusammensetzung :<\/strong><\/p>\n<p>&#8211; JudoGi-Tuch, 100% Baumwolle.<\/p>\n<\/div>\n<p>Haben Sie Lust, Ihre Sammlung von Fighting Films-Produkten zu vervollst\u00e4ndigen? Entscheiden Sie sich f\u00fcr das Dojo f\u00fcr unsere <a href=\"https:\/\/www.fightingfilms.shop\/categorie\/kimonos\/kimonos-de-judo\/\">Judokimonos<\/a>, die <a href=\"http:\/\/www.ijf.org\" rel=\"nofollow noopener\" target=\"_blank\">IJF-gepr\u00fcft<\/a> sind oder nicht. Auch abseits der Tatami warten unsere <a href=\"https:\/\/www.fightingfilms.shop\/categorie\/textile-de-judo\/\">Judotextilien<\/a> auf Sie .<\/p>\n<div id=\"kurato_extension_modal\"><\/div>\n<div id=\"kurato_extension_modal\"><\/div>\n","protected":false},"excerpt":{"rendered":"<p>Unser neues Produkt ist da, die<strong> G\u00fcrteltasche aus Judo-Kimono-Leinen von Fighting Films.<\/strong><\/p>\n<p>4 Farben erh\u00e4ltlich, damit Ihr allt\u00e4glicher Stil zu jeder Situation passt.<\/p>\n<div id=\"kurato_extension_modal\"><\/div>\n<div id=\"kurato_extension_modal\"><\/div>\n","protected":false},"featured_media":22684,"comment_status":"closed","ping_status":"closed","template":"","meta":[],"product_brand":[],"product_cat":[340],"product_tag":[],"giftcard-category":[],"class_list":{"0":"post-14685","1":"product","2":"type-product","3":"status-publish","4":"has-post-thumbnail","6":"product_cat-judo-zubehor","7":"product_shipping_class-zubehor","9":"first","10":"outofstock","11":"taxable","12":"shipping-taxable","13":"purchasable","14":"product-type-variable"},"exclude_global_add_ons":[],"addons":[],"_links":{"self":[{"href":"https:\/\/fightingfilms.shop\/de\/wp-json\/wp\/v2\/product\/14685","targetHints":{"allow":["GET"]}}],"collection":[{"href":"https:\/\/fightingfilms.shop\/de\/wp-json\/wp\/v2\/product"}],"about":[{"href":"https:\/\/fightingfilms.shop\/de\/wp-json\/wp\/v2\/types\/product"}],"replies":[{"embeddable":true,"href":"https:\/\/fightingfilms.shop\/de\/wp-json\/wp\/v2\/comments?post=14685"}],"wp:featuredmedia":[{"embeddable":true,"href":"https:\/\/fightingfilms.shop\/de\/wp-json\/wp\/v2\/media\/22684"}],"wp:attachment":[{"href":"https:\/\/fightingfilms.shop\/de\/wp-json\/wp\/v2\/media?parent=14685"}],"wp:term":[{"taxonomy":"product_brand","embeddable":true,"href":"https:\/\/fightingfilms.shop\/de\/wp-json\/wp\/v2\/product_brand?post=14685"},{"taxonomy":"product_cat","embeddable":true,"href":"https:\/\/fightingfilms.shop\/de\/wp-json\/wp\/v2\/product_cat?post=14685"},{"taxonomy":"product_tag","embeddable":true,"href":"https:\/\/fightingfilms.shop\/de\/wp-json\/wp\/v2\/product_tag?post=14685"},{"taxonomy":"giftcard-category","embeddable":true,"href":"https:\/\/fightingfilms.shop\/de\/wp-json\/wp\/v2\/giftcard-category?post=14685"}],"curies":[{"name":"wp","href":"https:\/\/api.w.org\/{rel}","templated":true}]}}