{"id":14689,"date":"2021-06-10T18:53:11","date_gmt":"2021-06-10T16:53:11","guid":{"rendered":"https:\/\/www.fightingfilms.shop\/produit\/judotasche-fuer-kinder-fighting-films\/"},"modified":"2025-09-12T13:14:23","modified_gmt":"2025-09-12T11:14:23","slug":"kinder-judotasche-fighting-films","status":"publish","type":"product","link":"https:\/\/fightingfilms.shop\/de\/produit\/kinder-judotasche-fighting-films\/","title":{"rendered":"Judotasche f\u00fcr Kinder Fighting Films"},"content":{"rendered":"<p>Die Judotasche f\u00fcr Kinder Fighting Films wird der ideale Begleiter f\u00fcr junge Judoka sein. Sie eignet sich perfekt zur Aufbewahrung der Kimonos Hajime und <a href=\"https:\/\/www.fightingfilms.shop\/produit\/kimono-de-judo-red-label-500-gr\/\">Red Label<\/a>. Sehr widerstandsf\u00e4hig und leicht, aus Kimono-Leinwand, wird er perfekt f\u00fcr kleine Kinder vom Baby-Judo bis zu den J\u00fcngsten geeignet sein!<\/p>\n<ul>\n<li>Blaues Reiskorn<\/li>\n<li>Ma\u00dfe: 45 x 19 x 24 cm<\/li>\n<li>Fighting Films Logo auf einer Seite<\/li>\n<li>Affe ( \u00e4hnlich dem auf den Hajime-Kimonos) auf der anderen Seite<\/li>\n<\/ul>\n<p>Wir bieten auch andere Textilien f\u00fcr Kinder ( T-Shirts, Sweatshirts &#8230;) sowie <a href=\"https:\/\/www.fightingfilms.shop\/produit\/accessoires-de-judo\/sac-de-judo-bakku-pakku-fighting-films\/\">Judotaschen<\/a> f\u00fcr Jugendliche <a href=\"https:\/\/www.eju.net\/\" rel=\"nofollow noopener\" target=\"_blank\">.<\/a> Erwachsene!<\/p>\n","protected":false},"excerpt":{"rendered":"<p>Die leicht zu transportierende Judotasche Fighting Films ist ideal f\u00fcr die Aufbewahrung der Hajime- und Red Label-Kimonos. Es ist sehr robust und eignet sich perfekt f\u00fcr Kinder, selbst f\u00fcr die unordentlichsten!<\/p>\n","protected":false},"featured_media":12398,"comment_status":"closed","ping_status":"closed","template":"","meta":[],"product_brand":[],"product_cat":[340,1052],"product_tag":[],"giftcard-category":[],"class_list":{"0":"post-14689","1":"product","2":"type-product","3":"status-publish","4":"has-post-thumbnail","6":"product_cat-judo-zubehor","7":"product_cat-judotasche","8":"product_shipping_class-zubehor","10":"first","11":"instock","12":"taxable","13":"shipping-taxable","14":"purchasable","15":"product-type-simple"},"exclude_global_add_ons":[],"addons":[],"_links":{"self":[{"href":"https:\/\/fightingfilms.shop\/de\/wp-json\/wp\/v2\/product\/14689","targetHints":{"allow":["GET"]}}],"collection":[{"href":"https:\/\/fightingfilms.shop\/de\/wp-json\/wp\/v2\/product"}],"about":[{"href":"https:\/\/fightingfilms.shop\/de\/wp-json\/wp\/v2\/types\/product"}],"replies":[{"embeddable":true,"href":"https:\/\/fightingfilms.shop\/de\/wp-json\/wp\/v2\/comments?post=14689"}],"wp:featuredmedia":[{"embeddable":true,"href":"https:\/\/fightingfilms.shop\/de\/wp-json\/wp\/v2\/media\/12398"}],"wp:attachment":[{"href":"https:\/\/fightingfilms.shop\/de\/wp-json\/wp\/v2\/media?parent=14689"}],"wp:term":[{"taxonomy":"product_brand","embeddable":true,"href":"https:\/\/fightingfilms.shop\/de\/wp-json\/wp\/v2\/product_brand?post=14689"},{"taxonomy":"product_cat","embeddable":true,"href":"https:\/\/fightingfilms.shop\/de\/wp-json\/wp\/v2\/product_cat?post=14689"},{"taxonomy":"product_tag","embeddable":true,"href":"https:\/\/fightingfilms.shop\/de\/wp-json\/wp\/v2\/product_tag?post=14689"},{"taxonomy":"giftcard-category","embeddable":true,"href":"https:\/\/fightingfilms.shop\/de\/wp-json\/wp\/v2\/giftcard-category?post=14689"}],"curies":[{"name":"wp","href":"https:\/\/api.w.org\/{rel}","templated":true}]}}