{"id":14690,"date":"2021-06-10T18:53:11","date_gmt":"2021-06-10T16:53:11","guid":{"rendered":"https:\/\/www.fightingfilms.shop\/produit\/judo-trainingspaket\/"},"modified":"2023-12-18T17:01:40","modified_gmt":"2023-12-18T16:01:40","slug":"pack-training-judo","status":"publish","type":"product","link":"https:\/\/fightingfilms.shop\/de\/produit\/pack-training-judo\/","title":{"rendered":"Judo-Trainingspaket"},"content":{"rendered":"<h4><strong>Eigenschaften des Judo-Trainingspakets :<\/strong><\/h4>\n<p class=\"_04xlpA direction-ltr align-start para-style-body\"><em><strong><span class=\"JsGRdQ\"><a href=\"https:\/\/www.fightingfilms.shop\/produit\/accessoires\/corde-dentrainement-uchi-komi-special-judo\/\">Uchi-Komi-Trainingsseil<\/a> speziell f\u00fcr Judo.<\/span><span class=\"JsGRdQ\"> : <\/span> <\/strong><\/em><\/p>\n<ul>\n<li>100% Baumwolle<\/li>\n<li>Echte Kimono\u00e4rmel<\/li>\n<li>Erh\u00e4ltlich in Wei\u00df, Schwarz und Blau<\/li>\n<li>Fighting Films Logo auf den \u00c4rmeln gestickt<\/li>\n<li>Clubpreis verf\u00fcgbar f\u00fcr +10 Saiten<\/li>\n<li>Schutz in der Mitte f\u00fcr mehr Haltbarkeit<\/li>\n<\/ul>\n<p class=\"_04xlpA direction-ltr align-start para-style-body\"><em><br \/>\n  <strong><br \/>\n    <span class=\"JsGRdQ\"><a href=\"https:\/\/www.fightingfilms.shop\/produit\/bande-de-traction-dentrainement\/\">Zugband<\/a> Fighting Films<\/span><br \/>\n  <\/strong><br \/>\n<\/em><span class=\"JsGRdQ\"><em><strong> :<\/strong><\/em> <\/span> <\/p>\n<ul>\n<li>100% Baumwolle<\/li>\n<li>Erh\u00e4ltlich in Blau<\/li>\n<li>Fighting Films Logo auf den \u00c4rmeln gestickt<\/li>\n<li>Clubpreis verf\u00fcgbar f\u00fcr + 10 B\u00e4nder<\/li>\n<li>Leicht zu waschen<\/li>\n<li>Ma\u00dfe: 2 m x 20 cm<\/li>\n<\/ul>\n","protected":false},"excerpt":{"rendered":"<p>Das Judo-Trainingspaket enth\u00e4lt 2 Zubeh\u00f6rteile, die perfekt f\u00fcr Ihr Sporttraining im Freien geeignet sind!<\/p>\n<p>Dieses Paket besteht aus :<\/p>\n<p><strong>Uchi-Komi-Trainingsseil speziell f\u00fcr Judo<\/strong>:<\/p>\n<p>Die Seile in Uchi-Komi werden aus<strong> 100% Baumwolle<\/strong> hergestellt. Dadurch soll dem Athleten das Gef\u00fchl eines echten Gegners vermittelt werden. Es hilft nicht nur <strong>Anf\u00e4ngern<\/strong>, sondern auch <strong>Fortgeschrittenen<\/strong>, es verbessert die Koordination, den Rhythmus, die Ausdauer, das Gleichgewicht, die Geschwindigkeit, das Muskelged\u00e4chtnis und die Grundlagen des Judos.<\/p>\n<p><strong>Zugband Fighting Films<\/strong>:<\/p>\n<p>Wir haben unser Traktionsband entwickelt, das Sie allein oder mit einem Partner verwenden k\u00f6nnen. Die Zugb\u00e4nder werden aus<strong> 100% Baumwolle<\/strong> hergestellt. Dadurch soll dem Athleten das Gef\u00fchl des &#8222;Kragens&#8220; eines Judo- oder JJB-Kimonos vermittelt werden.<\/p>\n","protected":false},"featured_media":26032,"comment_status":"closed","ping_status":"closed","template":"","meta":[],"product_brand":[],"product_cat":[340],"product_tag":[],"giftcard-category":[],"class_list":{"0":"post-14690","1":"product","2":"type-product","3":"status-publish","4":"has-post-thumbnail","6":"product_cat-judo-zubehor","7":"product_shipping_class-zubehor","9":"first","10":"instock","11":"taxable","12":"shipping-taxable","13":"purchasable","14":"product-type-variable"},"exclude_global_add_ons":[],"addons":[],"_links":{"self":[{"href":"https:\/\/fightingfilms.shop\/de\/wp-json\/wp\/v2\/product\/14690","targetHints":{"allow":["GET"]}}],"collection":[{"href":"https:\/\/fightingfilms.shop\/de\/wp-json\/wp\/v2\/product"}],"about":[{"href":"https:\/\/fightingfilms.shop\/de\/wp-json\/wp\/v2\/types\/product"}],"replies":[{"embeddable":true,"href":"https:\/\/fightingfilms.shop\/de\/wp-json\/wp\/v2\/comments?post=14690"}],"wp:featuredmedia":[{"embeddable":true,"href":"https:\/\/fightingfilms.shop\/de\/wp-json\/wp\/v2\/media\/26032"}],"wp:attachment":[{"href":"https:\/\/fightingfilms.shop\/de\/wp-json\/wp\/v2\/media?parent=14690"}],"wp:term":[{"taxonomy":"product_brand","embeddable":true,"href":"https:\/\/fightingfilms.shop\/de\/wp-json\/wp\/v2\/product_brand?post=14690"},{"taxonomy":"product_cat","embeddable":true,"href":"https:\/\/fightingfilms.shop\/de\/wp-json\/wp\/v2\/product_cat?post=14690"},{"taxonomy":"product_tag","embeddable":true,"href":"https:\/\/fightingfilms.shop\/de\/wp-json\/wp\/v2\/product_tag?post=14690"},{"taxonomy":"giftcard-category","embeddable":true,"href":"https:\/\/fightingfilms.shop\/de\/wp-json\/wp\/v2\/giftcard-category?post=14690"}],"curies":[{"name":"wp","href":"https:\/\/api.w.org\/{rel}","templated":true}]}}