{"id":14691,"date":"2021-06-10T18:53:10","date_gmt":"2021-06-10T16:53:10","guid":{"rendered":"https:\/\/www.fightingfilms.shop\/produit\/schwarzer-guertel-in-judo-ijf-geprueft\/"},"modified":"2026-01-17T18:04:42","modified_gmt":"2026-01-17T17:04:42","slug":"gurtel-schwarzer-judo-gepruft-ijf","status":"publish","type":"product","link":"https:\/\/fightingfilms.shop\/de\/produit\/gurtel-schwarzer-judo-gepruft-ijf\/","title":{"rendered":"Schwarzer G\u00fcrtel in Judo IJF-gepr\u00fcft"},"content":{"rendered":"<p>Sie haben noch nicht Ihren Judog\u00fcrtel gefunden? Entscheiden Sie sich f\u00fcr den <strong>Judo Fighting Films Black Belt &#8211; IJF Approved<\/strong>, eine Marke, die bereits viele Athleten auf der ganzen Welt begeistert hat.<\/p>\n<p>Alle unsere Judog\u00fcrtel <strong>entsprechen den offiziellen Standards der IJF<\/strong> (International Judo Federation). Wie alle Judog\u00fcrtelmodelle besteht auch dieses aus einem halbsteifen Baumwollkern mit zahlreichen  <strong>gut ausgerichtete Steppn\u00e4hte<\/strong>  Verst\u00e4rkt wird das Ganze durch eine  <strong>Au\u00dfenschicht mit einer Mischung aus Baumwolle und Seide.<\/strong>  Im Gegensatz zu den d\u00fcnnen Judog\u00fcrteln vom Typ Stoffrolle ist unser schwarzer Judog\u00fcrtel also dick und steif. Schlie\u00dflich haben die Fighting Films-G\u00fcrtel ein h\u00fcbsches, <strong>rot gesticktes Logo<\/strong>. Es ist diese Stickerei, die unseren Judog\u00fcrtel einzigartig macht.<\/p>\n<h2>Der schwarze G\u00fcrtel des Judo IJF Fighting Films<\/h2>\n<p>Was schlie\u00dflich die Wahl der Gr\u00f6\u00dfe betrifft, so haben M\u00e4nner und Frauen die gleichen <strong>G\u00fcrtelmodelle<\/strong>. Au\u00dferdem sollten Sie bei der Wahl Ihres G\u00fcrtels Ihre Gr\u00f6\u00dfe bestimmen. Denn Sie m\u00fcssen Ihren G\u00fcrtel messen und dabei ber\u00fccksichtigen, wie Sie ihn binden werden.<\/p>\n<p>Dieser <strong>gemischte Judog\u00fcrtel<\/strong> ist eine ausgezeichnete Wahl f\u00fcr Lehrer und Praktizierende, die ihren G\u00fcrtel \u00fcber die Jahre hinweg behalten m\u00f6chten. Wenn Sie einen G\u00fcrtel f\u00fcr <strong>den Einsatz bei Wettk\u00e4mpfen<\/strong> suchen, ist der <strong>Judo Fighting Films<\/strong> G\u00fcrtel eine sehr gute Wahl.<\/p>\n<p><strong>St\u00e4rken des schwarzen Judog\u00fcrtels :<\/strong><\/p>\n<ul>\n<li>Strapazierf\u00e4hig, hergestellt aus Baumwolle und Seide mit gesticktem Logo<\/li>\n<li>Farbe: schwarz<\/li>\n<li>Entsprechende Grade:<sup>1<\/sup>. Dan bis <sup>5<\/sup>.<\/li>\n<li>IJF-gepr\u00fcft<\/li>\n<li>Erh\u00e4ltlich in 240cm, 260cm, 280cm, 300cm, 320cm ,340cm.<\/li>\n<\/ul>\n<p>Noch kein schwarzer G\u00fcrtel?<\/p>\n<p>Entdecken Sie unsere <a href=\"https:\/\/www.fightingfilms.shop\/categorie\/ceintures-de-judo\/\">Judog\u00fcrtel<\/a> in allen Farben. Der <a href=\"https:\/\/www.fightingfilms.shop\/produit\/ceinture-marron-de-judo-approuve-ijf\/\">braune Judog\u00fcrtel<\/a> ist auch nach den IJF-Normen f\u00fcr internationale Wettk\u00e4mpfe zugelassen.<\/p>\n","protected":false},"excerpt":{"rendered":"<p>Der <strong>schwarze G\u00fcrtel von Judo Fighting Films &#8211; <a href=\"http:\/\/www.ijf.org\">IJF<\/a>-gepr\u00fcft<\/strong>, ist ein Qualit\u00e4tsmerkmal und ein unverzichtbares Accessoire f\u00fcr die Aus\u00fcbung von Judo. Dieser G\u00fcrtel hat schon viele Athleten auf der ganzen Welt begeistert.<\/p>\n<p>Alle unsere Judog\u00fcrtel <strong>entsprechen den offiziellen Standards der IJF (International Judo Federation)<\/strong>.<\/p>\n","protected":false},"featured_media":25348,"comment_status":"closed","ping_status":"closed","template":"","meta":[],"product_brand":[],"product_cat":[386],"product_tag":[],"giftcard-category":[],"class_list":{"0":"post-14691","1":"product","2":"type-product","3":"status-publish","4":"has-post-thumbnail","6":"product_cat-judogurtel","7":"product_shipping_class-gurtel-oder-tasse","9":"first","10":"instock","11":"taxable","12":"shipping-taxable","13":"purchasable","14":"product-type-variable"},"exclude_global_add_ons":[],"addons":[],"_links":{"self":[{"href":"https:\/\/fightingfilms.shop\/de\/wp-json\/wp\/v2\/product\/14691","targetHints":{"allow":["GET"]}}],"collection":[{"href":"https:\/\/fightingfilms.shop\/de\/wp-json\/wp\/v2\/product"}],"about":[{"href":"https:\/\/fightingfilms.shop\/de\/wp-json\/wp\/v2\/types\/product"}],"replies":[{"embeddable":true,"href":"https:\/\/fightingfilms.shop\/de\/wp-json\/wp\/v2\/comments?post=14691"}],"wp:featuredmedia":[{"embeddable":true,"href":"https:\/\/fightingfilms.shop\/de\/wp-json\/wp\/v2\/media\/25348"}],"wp:attachment":[{"href":"https:\/\/fightingfilms.shop\/de\/wp-json\/wp\/v2\/media?parent=14691"}],"wp:term":[{"taxonomy":"product_brand","embeddable":true,"href":"https:\/\/fightingfilms.shop\/de\/wp-json\/wp\/v2\/product_brand?post=14691"},{"taxonomy":"product_cat","embeddable":true,"href":"https:\/\/fightingfilms.shop\/de\/wp-json\/wp\/v2\/product_cat?post=14691"},{"taxonomy":"product_tag","embeddable":true,"href":"https:\/\/fightingfilms.shop\/de\/wp-json\/wp\/v2\/product_tag?post=14691"},{"taxonomy":"giftcard-category","embeddable":true,"href":"https:\/\/fightingfilms.shop\/de\/wp-json\/wp\/v2\/giftcard-category?post=14691"}],"curies":[{"name":"wp","href":"https:\/\/api.w.org\/{rel}","templated":true}]}}