{"id":14702,"date":"2021-06-10T18:53:09","date_gmt":"2021-06-10T16:53:09","guid":{"rendered":"https:\/\/www.fightingfilms.shop\/produit\/brauner-gurtel-des-ijf-gepruften-judo\/"},"modified":"2026-02-25T20:32:06","modified_gmt":"2026-02-25T19:32:06","slug":"brauner-judo-gurtel-approbiert-ijf","status":"publish","type":"product","link":"https:\/\/fightingfilms.shop\/de\/produit\/brauner-judo-gurtel-approbiert-ijf\/","title":{"rendered":"Brauner G\u00fcrtel des IJF-gepr\u00fcften Judo"},"content":{"rendered":"<p>Sie haben noch nicht Ihren Judog\u00fcrtel gefunden? Entscheiden Sie sich f\u00fcr den <strong>braunen G\u00fcrtel von Judo Fighting Films &#8211; IJF-gepr\u00fcft <\/strong>!<\/p>\n<p>Alle unsere Judog\u00fcrtel sind  <strong>den offiziellen Standards der IJF (International Judo Federation) entsprechen.<\/strong>  Wie alle Judog\u00fcrtelmodelle besteht auch dieser G\u00fcrtel aus einem halbsteifen Baumwollkern mit zahlreichen  <strong>gut ausgerichtete Steppn\u00e4hte<\/strong>  Verst\u00e4rkt wird das Ganze durch eine  <strong>Au\u00dfenschicht mit einer Mischung aus Baumwolle und Seide.<\/strong>  Im Gegensatz zu d\u00fcnnen Judog\u00fcrteln vom Typ Stoffrolle ist unser G\u00fcrtel dick und steif. Schlie\u00dflich verleiht <strong>ein elegantes, gesticktes Logo in Rot <\/strong>diesem G\u00fcrtel seinen einzigartigen Stil.<\/p>\n<p>Was die Wahl der Gr\u00f6\u00dfe betrifft, so haben M\u00e4nner und Frauen die gleichen <strong>G\u00fcrtelmodelle<\/strong>. Au\u00dferdem sollten Sie bei der Wahl Ihres G\u00fcrtels Ihre Gr\u00f6\u00dfe bestimmen. Denn Sie m\u00fcssen Ihren G\u00fcrtel messen und dabei ber\u00fccksichtigen, wie Sie ihn binden werden.<\/p>\n<p>Dieser <strong>gemischte Judog\u00fcrtel<\/strong> ist eine ausgezeichnete Wahl f\u00fcr Praktizierende, die kurz vor ihrem schwarzen G\u00fcrtel stehen. Wenn Sie einen G\u00fcrtel f\u00fcr <strong>den Einsatz bei Wettk\u00e4mpfen<\/strong> suchen, ist der <strong>Judo Fighting Films<\/strong> G\u00fcrtel eine sehr gute Wahl.<\/p>\n<p><strong>Highlights des braunen Judog\u00fcrtels :<\/strong><\/p>\n<ul>\n<li>Strapazierf\u00e4hig, hergestellt aus Baumwolle und Seide mit gesticktem Logo<\/li>\n<li>Farbe: braun<\/li>\n<li>IJF-gepr\u00fcft<\/li>\n<li>Erh\u00e4ltlich in 240cm, 260cm, 280cm, 300cm, 320cm.<\/li>\n<\/ul>\n","protected":false},"excerpt":{"rendered":"<p>Sie haben noch nicht Ihren Judog\u00fcrtel gefunden? Entscheiden Sie sich f\u00fcr den <strong>braunen G\u00fcrtel von Judo Fighting Films &#8211; IJF-gepr\u00fcft <\/strong>!<\/p>\n<p>Alle unsere Judog\u00fcrtel sind  <strong>den offiziellen Standards der IJF (International Judo Federation) entsprechen.<\/strong>  Wie alle Judog\u00fcrtelmodelle besteht auch dieser G\u00fcrtel aus einem halbsteifen Baumwollkern mit zahlreichen  <strong>gut ausgerichtete Steppn\u00e4hte<\/strong>  Verst\u00e4rkt wird das Ganze durch eine  <strong>Au\u00dfenschicht mit einer Mischung aus Baumwolle und Seide.<\/strong>  Im Gegensatz zu d\u00fcnnen Judog\u00fcrteln vom Typ Stoffrolle ist unser G\u00fcrtel dick und steif. Schlie\u00dflich verleiht <strong>ein elegantes, gesticktes Logo in Rot <\/strong>diesem G\u00fcrtel seinen einzigartigen Stil.<\/p>\n","protected":false},"featured_media":25358,"comment_status":"","ping_status":"closed","template":"","meta":[],"product_brand":[],"product_cat":[386],"product_tag":[],"giftcard-category":[],"class_list":{"0":"post-14702","1":"product","2":"type-product","3":"status-publish","4":"has-post-thumbnail","6":"product_cat-judogurtel","7":"product_shipping_class-gurtel-oder-tasse","9":"first","10":"instock","11":"taxable","12":"shipping-taxable","13":"purchasable","14":"product-type-variable"},"exclude_global_add_ons":[],"addons":[],"_links":{"self":[{"href":"https:\/\/fightingfilms.shop\/de\/wp-json\/wp\/v2\/product\/14702","targetHints":{"allow":["GET"]}}],"collection":[{"href":"https:\/\/fightingfilms.shop\/de\/wp-json\/wp\/v2\/product"}],"about":[{"href":"https:\/\/fightingfilms.shop\/de\/wp-json\/wp\/v2\/types\/product"}],"replies":[{"embeddable":true,"href":"https:\/\/fightingfilms.shop\/de\/wp-json\/wp\/v2\/comments?post=14702"}],"wp:featuredmedia":[{"embeddable":true,"href":"https:\/\/fightingfilms.shop\/de\/wp-json\/wp\/v2\/media\/25358"}],"wp:attachment":[{"href":"https:\/\/fightingfilms.shop\/de\/wp-json\/wp\/v2\/media?parent=14702"}],"wp:term":[{"taxonomy":"product_brand","embeddable":true,"href":"https:\/\/fightingfilms.shop\/de\/wp-json\/wp\/v2\/product_brand?post=14702"},{"taxonomy":"product_cat","embeddable":true,"href":"https:\/\/fightingfilms.shop\/de\/wp-json\/wp\/v2\/product_cat?post=14702"},{"taxonomy":"product_tag","embeddable":true,"href":"https:\/\/fightingfilms.shop\/de\/wp-json\/wp\/v2\/product_tag?post=14702"},{"taxonomy":"giftcard-category","embeddable":true,"href":"https:\/\/fightingfilms.shop\/de\/wp-json\/wp\/v2\/giftcard-category?post=14702"}],"curies":[{"name":"wp","href":"https:\/\/api.w.org\/{rel}","templated":true}]}}