{"id":14708,"date":"2021-06-10T18:53:08","date_gmt":"2021-06-10T16:53:08","guid":{"rendered":"https:\/\/www.fightingfilms.shop\/produit\/roter-gurtel-fur-den-wettbewerb-fighting-films\/"},"modified":"2024-08-27T19:50:42","modified_gmt":"2024-08-27T17:50:42","slug":"roter-gurtel-fur-den-wettbewerb-fighting-films","status":"publish","type":"product","link":"https:\/\/fightingfilms.shop\/de\/produit\/roter-gurtel-fur-den-wettbewerb-fighting-films\/","title":{"rendered":"Roter G\u00fcrtel f\u00fcr den Wettbewerb Fighting Films"},"content":{"rendered":"<p>Sie \u00fcben Wettk\u00e4mpfe aus, haben aber keinen roten G\u00fcrtel? Entscheiden Sie sich f\u00fcr <strong>den Roten G\u00fcrtel f\u00fcr den Wettbewerb &#8211; Fighting Films<\/strong>.<\/p>\n<p>Wie alle Judog\u00fcrtelmodelle besteht auch dieses aus einem halbsteifen Baumwollkern mit zahlreichen  <strong>gut ausgerichtete Steppn\u00e4hte<\/strong>  Verst\u00e4rkt wird das Ganze durch eine  <strong>Au\u00dfenschicht mit einer Mischung aus Baumwolle und Seide.<\/strong>  Im Gegensatz zu d\u00fcnnen Judog\u00fcrteln vom Typ Stoffrolle ist unser Judog\u00fcrtel dick und steif. Schlie\u00dflich rundet eine feine Goldstickerei das Ganze ab, die unseren Judog\u00fcrtel einzigartig macht.<\/p>\n<p>Was die Wahl der Gr\u00f6\u00dfe betrifft, so haben M\u00e4nner und Frauen die gleichen <strong>G\u00fcrtelmodelle<\/strong>. Au\u00dferdem sollten Sie bei der Wahl Ihres G\u00fcrtels Ihre Gr\u00f6\u00dfe bestimmen. Denn Sie m\u00fcssen Ihren G\u00fcrtel messen und dabei ber\u00fccksichtigen, wie Sie ihn binden werden.<\/p>\n<p>Dieser <strong>gemischte Judog\u00fcrtel<\/strong> ist eine ausgezeichnete Wahl f\u00fcr Praktizierende, die einen G\u00fcrtel f\u00fcr <strong>den Einsatz bei Wettk\u00e4mpfen<\/strong> suchen.<\/p>\n<p>Roter G\u00fcrtel f\u00fcr den Wettbewerb unerl\u00e4sslich. Bringen Sie Ihre eigene mit!<\/p>\n<p><strong>St\u00e4rken des roten Judog\u00fcrtels:<\/strong><\/p>\n<ul>\n<li>Strapazierf\u00e4hig, hergestellt aus Baumwolle und Seide mit gesticktem Logo<\/li>\n<li>Farbe: rot<\/li>\n<li>Entsprechende Grade: <sup>9 <\/sup>. und <sup>10<\/sup>. Dan<\/li>\n<li>Unverzichtbar f\u00fcr Wettbewerbe<\/li>\n<li>IJF-gepr\u00fcft<\/li>\n<li>Erh\u00e4ltlich in 240cm, 260cm, 280cm, 300cm, 320cm.<\/li>\n<\/ul>\n<p>Sie k\u00f6nnen sich auch unsere<a href=\"https:\/\/www.fightingfilms.shop\/blog\/\"> verschiedenen Artikel<\/a> \u00fcber die Wahl des richtigen <a href=\"https:\/\/www.fightingfilms.shop\/categorie-produit\/kimonos-de-judo\/\">Kimonos<\/a> ansehen, bevor Sie sich in einen unserer Judogis verlieben!<\/p>\n","protected":false},"excerpt":{"rendered":"<p>Sie \u00fcben Wettk\u00e4mpfe aus, haben aber keinen roten G\u00fcrtel? Entscheiden Sie sich f\u00fcr <strong>den Roten G\u00fcrtel f\u00fcr den Wettbewerb &#8211; Fighting Films<\/strong>.<\/p>\n<p>Wie alle Judog\u00fcrtelmodelle besteht auch dieses aus einem halbsteifen Baumwollkern mit zahlreichen  <strong>gut ausgerichtete Steppn\u00e4hte<\/strong>  Verst\u00e4rkt wird das Ganze durch eine  <strong>Au\u00dfenschicht mit einer Mischung aus Baumwolle und Seide.<\/strong>  Im Gegensatz zu d\u00fcnnen Judog\u00fcrteln vom Typ Stoffrolle ist unser Judog\u00fcrtel dick und steif. Schlie\u00dflich rundet eine feine Goldstickerei das Ganze ab, die unseren Judog\u00fcrtel einzigartig macht.<\/p>\n","protected":false},"featured_media":12362,"comment_status":"","ping_status":"closed","template":"","meta":[],"product_brand":[],"product_cat":[386],"product_tag":[],"giftcard-category":[],"class_list":{"0":"post-14708","1":"product","2":"type-product","3":"status-publish","4":"has-post-thumbnail","6":"product_cat-judogurtel","7":"product_shipping_class-gurtel-oder-tasse","9":"first","10":"instock","11":"taxable","12":"shipping-taxable","13":"purchasable","14":"product-type-variable"},"exclude_global_add_ons":[],"addons":[],"_links":{"self":[{"href":"https:\/\/fightingfilms.shop\/de\/wp-json\/wp\/v2\/product\/14708","targetHints":{"allow":["GET"]}}],"collection":[{"href":"https:\/\/fightingfilms.shop\/de\/wp-json\/wp\/v2\/product"}],"about":[{"href":"https:\/\/fightingfilms.shop\/de\/wp-json\/wp\/v2\/types\/product"}],"replies":[{"embeddable":true,"href":"https:\/\/fightingfilms.shop\/de\/wp-json\/wp\/v2\/comments?post=14708"}],"wp:featuredmedia":[{"embeddable":true,"href":"https:\/\/fightingfilms.shop\/de\/wp-json\/wp\/v2\/media\/12362"}],"wp:attachment":[{"href":"https:\/\/fightingfilms.shop\/de\/wp-json\/wp\/v2\/media?parent=14708"}],"wp:term":[{"taxonomy":"product_brand","embeddable":true,"href":"https:\/\/fightingfilms.shop\/de\/wp-json\/wp\/v2\/product_brand?post=14708"},{"taxonomy":"product_cat","embeddable":true,"href":"https:\/\/fightingfilms.shop\/de\/wp-json\/wp\/v2\/product_cat?post=14708"},{"taxonomy":"product_tag","embeddable":true,"href":"https:\/\/fightingfilms.shop\/de\/wp-json\/wp\/v2\/product_tag?post=14708"},{"taxonomy":"giftcard-category","embeddable":true,"href":"https:\/\/fightingfilms.shop\/de\/wp-json\/wp\/v2\/giftcard-category?post=14708"}],"curies":[{"name":"wp","href":"https:\/\/api.w.org\/{rel}","templated":true}]}}