{"id":14714,"date":"2021-06-10T18:53:07","date_gmt":"2021-06-10T16:53:07","guid":{"rendered":"https:\/\/www.fightingfilms.shop\/produit\/judo-gurtelrollen\/"},"modified":"2024-04-10T12:10:38","modified_gmt":"2024-04-10T10:10:38","slug":"gurtelrolle-von-judo-fighting-films","status":"publish","type":"product","link":"https:\/\/fightingfilms.shop\/de\/produit\/gurtelrolle-von-judo-fighting-films\/","title":{"rendered":"Judo-G\u00fcrtelrolle"},"content":{"rendered":"<h2>Die Bedeutung der Judog\u00fcrtelrolle bei jungen Judokas<\/h2>\n<p>Bieten Sie Ihren Mitgliedern <strong>hochwertige<\/strong> G\u00fcrtel mit unserer Judog\u00fcrtelrolle von <strong>Wei\u00df bis Braun<\/strong> an.<\/p>\n<p>Die Judog\u00fcrtelrollen sind jeweils 50 Meter lang und 4 Zentimeter breit. Mit dieser 50 m langen G\u00fcrtelrolle k\u00f6nnen Sie mehr als 20 G\u00fcrtel f\u00fcr Ihre jungen Judokas zuschneiden.<\/p>\n<p>Verf\u00fcgbare Farben sind Wei\u00df, Wei\u00df 1-Streifen, Wei\u00df 2-Streifen, Wei\u00df\/Gelb, Gelb, Gelb\/Orange, Orange, Orange\/Gr\u00fcn, Gr\u00fcn, Gr\u00fcn\/Blau, Blau, Rot , Braun.<\/p>\n<p>Die V<strong>ielfalt der<\/strong> zum Verkauf stehenden Farben erm\u00f6glicht es Ihnen, jedem Mitglied Ihres Vereins den passenden G\u00fcrtel zu besorgen.<\/p>\n<p>Um Ihnen <strong>qualitativ hochwertige G\u00fcrtel<\/strong> zu garantieren, bestehen diese zu 100% aus Baumwolle.<\/p>\n<p>Machen Sie die Rolle des Judog\u00fcrtels zu einem Symbol f\u00fcr die<strong>Entwicklung jedes Judoka<\/strong> auf seinem Weg nach oben. Das Gef\u00fchl von Stolz und Leistung bei den jungen Judokas treibt sie an, sich weiterzuentwickeln und h\u00e4rter zu trainieren, um die Grade zu erklimmen und den Gral, den <a href=\"https:\/\/www.fightingfilms.shop\/produit\/ceinture-noire-de-judo-approuve-ijf\/\">schwarzen G\u00fcrtel im Judo<\/a>, zu erreichen!<\/p>\n<p>Diese G\u00fcrtel werden in Frankreich hergestellt und passen perfekt zu Ihren Mitgliedern.<\/p>\n<ul>\n<li>Material: 100% Baumwolle<\/li>\n<li>L\u00e4nge: 50 Meter<\/li>\n<li>Breite: 4 Zentimeter<\/li>\n<li>Franz\u00f6sische Herstellung<\/li>\n<li>12 verf\u00fcgbare Farben<\/li>\n<\/ul>\n<p>Sie k\u00f6nnen sich auch unsere anderen <a href=\"http:\/\/www.ijf.org\" rel=\"nofollow noopener\" target=\"_blank\">IJF<\/a> <a href=\"https:\/\/www.fightingfilms.shop\/produit\/ceintures-de-judo\/ceinture-club-de-couleur\/\">Judog\u00fcrtel<\/a> und <a href=\"https:\/\/www.fightingfilms.shop\/categorie\/kimonos\/kimonos-de-judo\/\">Judokimonos<\/a> ansehen, um Ihr Outfit zu vervollst\u00e4ndigen.<\/p>\n","protected":false},"excerpt":{"rendered":"<p>Sind Sie auf der Suche nach neuen Judog\u00fcrteln f\u00fcr Ihre Mitglieder?<\/p>\n<p>Hier ist die richtige Judog\u00fcrtelrolle f\u00fcr Sie. Franz\u00f6sische Herstellung, 100% Baumwolle, garantierte Qualit\u00e4t, diese werden perfekt zu Ihren Mitgliedern passen, selbst zu den anspruchsvollsten. Mit einer L\u00e4nge von 50 m sind die Fighting Films G\u00fcrtelrollen von wei\u00df bis braun erh\u00e4ltlich.<\/p>\n<p><strong>Rolle Made in France \ud83c\uddeb\ud83c\uddf7<\/strong><\/p>\n","protected":false},"featured_media":12511,"comment_status":"closed","ping_status":"closed","template":"","meta":[],"product_brand":[],"product_cat":[386],"product_tag":[],"giftcard-category":[],"class_list":{"0":"post-14714","1":"product","2":"type-product","3":"status-publish","4":"has-post-thumbnail","6":"product_cat-judogurtel","7":"product_shipping_class-gurtel-oder-tasse","9":"first","10":"instock","11":"taxable","12":"shipping-taxable","13":"purchasable","14":"product-type-variable"},"exclude_global_add_ons":[],"addons":[],"_links":{"self":[{"href":"https:\/\/fightingfilms.shop\/de\/wp-json\/wp\/v2\/product\/14714","targetHints":{"allow":["GET"]}}],"collection":[{"href":"https:\/\/fightingfilms.shop\/de\/wp-json\/wp\/v2\/product"}],"about":[{"href":"https:\/\/fightingfilms.shop\/de\/wp-json\/wp\/v2\/types\/product"}],"replies":[{"embeddable":true,"href":"https:\/\/fightingfilms.shop\/de\/wp-json\/wp\/v2\/comments?post=14714"}],"wp:featuredmedia":[{"embeddable":true,"href":"https:\/\/fightingfilms.shop\/de\/wp-json\/wp\/v2\/media\/12511"}],"wp:attachment":[{"href":"https:\/\/fightingfilms.shop\/de\/wp-json\/wp\/v2\/media?parent=14714"}],"wp:term":[{"taxonomy":"product_brand","embeddable":true,"href":"https:\/\/fightingfilms.shop\/de\/wp-json\/wp\/v2\/product_brand?post=14714"},{"taxonomy":"product_cat","embeddable":true,"href":"https:\/\/fightingfilms.shop\/de\/wp-json\/wp\/v2\/product_cat?post=14714"},{"taxonomy":"product_tag","embeddable":true,"href":"https:\/\/fightingfilms.shop\/de\/wp-json\/wp\/v2\/product_tag?post=14714"},{"taxonomy":"giftcard-category","embeddable":true,"href":"https:\/\/fightingfilms.shop\/de\/wp-json\/wp\/v2\/giftcard-category?post=14714"}],"curies":[{"name":"wp","href":"https:\/\/api.w.org\/{rel}","templated":true}]}}