{"id":14727,"date":"2021-06-10T18:53:06","date_gmt":"2021-06-10T16:53:06","guid":{"rendered":"https:\/\/www.fightingfilms.shop\/produit\/sommershorts-aus-judogi-leinen\/"},"modified":"2026-04-10T21:37:02","modified_gmt":"2026-04-10T19:37:02","slug":"short-en-toile-de-judogi-fighting-films","status":"publish","type":"product","link":"https:\/\/fightingfilms.shop\/de\/produit\/short-en-toile-de-judogi-fighting-films\/","title":{"rendered":"Sommershorts aus Judogi-Leinen"},"content":{"rendered":"<p><strong>Die St\u00e4rken der Judogi-Leinwand-Sommershorts :<\/strong><\/p>\n<ul>\n<li>Judogi-Leinwand von guter Qualit\u00e4t<\/li>\n<li>Gesticktes Fighting Films Logo auf dem Saum der Shorts<\/li>\n<li>Maschinenwaschbar 30 Grad<\/li>\n<li>Verstellbare Taille durch Kordelzug<\/li>\n<li>Judogi-Tuch blau oder schwarz<\/li>\n<li>Perfekt f\u00fcr den Sommer, da es leicht und angenehm zu tragen ist.<\/li>\n<\/ul>\n<p>Kommen Sie leichtf\u00fc\u00dfig durch den Sommer und behalten Sie dabei Ihren Lieblingssport im Auge!<\/p>\n<p>Die Fighting Films Judogi-Leinwand-Sommershorts sind f\u00fcr alle Gr\u00f6\u00dfen von S bis XXL erh\u00e4ltlich.<\/p>\n<p>F\u00fcr die Gr\u00f6\u00dfe z\u00f6gern Sie nicht, uns eine E-Mail an <a href=\"mailto:joseph@fightingfilms.fr\">contact@fightingfilms.fr<\/a> zu schicken, wenn Sie sich nicht sicher sind.<\/p>\n<p>Entdecken Sie <a href=\"https:\/\/www.fightingfilms.shop\/categorie\/textile-de-judo\/\">hier<\/a> unsere anderen Textilprodukte aus Judogi-Leinwand.<\/p>\n<p>Weitere Lifestyle-Kleidung aus Judogi-Leinen finden Sie auf der Website unseres Partners <a href=\"https:\/\/www.keiko-gi.com\/\" rel=\"nofollow noopener\" target=\"_blank\">Keiko-gi<\/a>.<\/p>\n","protected":false},"excerpt":{"rendered":"<p>Sommershorts aus Judogi-Leinen. Die Shorts sind aus echtem <strong>Judogi-Stoff<\/strong> gefertigt und werden mit dem gleichen System wie der Judogi-Strumpf verwendet.<\/p>\n<p>Mit zwei Taschen und dem gestickten Fighting Films Logo sind diese leichten Shorts <strong>perfekt, um den Sommer<\/strong> k\u00fchl zu verbringen, ohne Ihren Lieblingssport zu vergessen.<\/p>\n","protected":false},"featured_media":12118,"comment_status":"closed","ping_status":"closed","template":"","meta":[],"product_brand":[],"product_cat":[354],"product_tag":[],"giftcard-category":[],"class_list":{"0":"post-14727","1":"product","2":"type-product","3":"status-publish","4":"has-post-thumbnail","6":"product_cat-judo-textilien","7":"product_shipping_class-textilien","9":"first","10":"instock","11":"taxable","12":"shipping-taxable","13":"purchasable","14":"product-type-variable"},"exclude_global_add_ons":[],"addons":[],"_links":{"self":[{"href":"https:\/\/fightingfilms.shop\/de\/wp-json\/wp\/v2\/product\/14727","targetHints":{"allow":["GET"]}}],"collection":[{"href":"https:\/\/fightingfilms.shop\/de\/wp-json\/wp\/v2\/product"}],"about":[{"href":"https:\/\/fightingfilms.shop\/de\/wp-json\/wp\/v2\/types\/product"}],"replies":[{"embeddable":true,"href":"https:\/\/fightingfilms.shop\/de\/wp-json\/wp\/v2\/comments?post=14727"}],"wp:featuredmedia":[{"embeddable":true,"href":"https:\/\/fightingfilms.shop\/de\/wp-json\/wp\/v2\/media\/12118"}],"wp:attachment":[{"href":"https:\/\/fightingfilms.shop\/de\/wp-json\/wp\/v2\/media?parent=14727"}],"wp:term":[{"taxonomy":"product_brand","embeddable":true,"href":"https:\/\/fightingfilms.shop\/de\/wp-json\/wp\/v2\/product_brand?post=14727"},{"taxonomy":"product_cat","embeddable":true,"href":"https:\/\/fightingfilms.shop\/de\/wp-json\/wp\/v2\/product_cat?post=14727"},{"taxonomy":"product_tag","embeddable":true,"href":"https:\/\/fightingfilms.shop\/de\/wp-json\/wp\/v2\/product_tag?post=14727"},{"taxonomy":"giftcard-category","embeddable":true,"href":"https:\/\/fightingfilms.shop\/de\/wp-json\/wp\/v2\/giftcard-category?post=14727"}],"curies":[{"name":"wp","href":"https:\/\/api.w.org\/{rel}","templated":true}]}}