{"id":14736,"date":"2021-06-10T18:53:02","date_gmt":"2021-06-10T16:53:02","guid":{"rendered":"https:\/\/www.fightingfilms.shop\/produit\/judo-anzug-fur-kinder-hajime\/"},"modified":"2024-09-20T01:16:18","modified_gmt":"2024-09-19T23:16:18","slug":"kimono-de-judo-fur-kinder-hajime","status":"publish","type":"product","link":"https:\/\/fightingfilms.shop\/de\/produit\/kimono-de-judo-fur-kinder-hajime\/","title":{"rendered":"Judo-Anzug f\u00fcr Kinder Hajime"},"content":{"rendered":"<p>Entdecken Sie den leichten und robusten Hajime Judo-Anzug f\u00fcr Kinder, um unter optimalen Bedingungen zu lernen.<\/p>\n<p>F\u00fchren Sie Ihr Kind mit dem Hajime Judo-Kimono f\u00fcr Kinder zu Spitzenleistungen an. Dieser Kimono wurde mit einem perfekten Gleichgewicht zwischen Komfort, Haltbarkeit und Leistung entworfen und verk\u00f6rpert den Geist des Judo vom ersten<a href=\"https:\/\/fr.wiktionary.org\/wiki\/hajime\" rel=\"nofollow noopener\" target=\"_blank\">&#8222;Hajime<\/a>&#8220; an.<\/p>\n<p>Zweifel bei der Wahl des Judokimonos f\u00fcr Ihr Kind? Entdecken Sie unseren <a href=\"https:\/\/www.fightingfilms.shop\/guide-kimono-judo-enfant-parfait\/\">ultimativen Leitfaden f\u00fcr die Wahl des Judokimonos f\u00fcr Kinder<\/a> gleich hier.<\/p>\n<h2>Eigenschaften des Hajime Judo-Kimonos f\u00fcr Kinder :<\/h2>\n<p>1. \u00dcberlegener Komfort: Hergestellt aus hochwertigen Materialien, f\u00fchlt sich unser Kimono weich auf der Haut Ihres Kindes an, verhindert R\u00f6tungen und erm\u00f6glicht optimale Bewegungsfreiheit w\u00e4hrend des Trainings oder Wettkampfs.<\/p>\n<p>2. Au\u00dfergew\u00f6hnliche Haltbarkeit: Der Hajime-Kimono wurde entworfen, um den Test der Zeit und die H\u00e4rten des intensiven Trainings junger Judokas zu \u00fcberstehen. Die verst\u00e4rkten N\u00e4hte und die hochwertigen Materialien sorgen f\u00fcr eine lange Lebensdauer.<\/p>\n<p>3. Individuelle Passform: Mit seinem speziell auf junge Judoka zugeschnittenen Schnitt bietet der Kimono eine optimale Passform, ohne die Bewegungsfreiheit einzuschr\u00e4nken. Verst\u00e4rkungen im Schulterbereich und am Kragen sorgen f\u00fcr einen sicheren Halt beim Fangen und Werfen.<\/p>\n<p>4. Elegantes Design : Der Hajime Kimono verbindet Tradition und Moderne mit seinem klaren Design, das die Sch\u00f6nheit des Judogi hervorhebt. Die sorgf\u00e4ltig bestickten Aufn\u00e4her verleihen dem Kleidungsst\u00fcck eine unverwechselbare Note und halten sich gleichzeitig an die \u00e4sthetischen Codes des Judo.<\/p>\n<p>5. Aktuelle Leistung: Dank seines geringen Gewichts und des eng anliegenden Schnitts kann sich Ihr Kind mit dem Hajime Judo-Kimono auf der Tatami beweglich bewegen. Angehende Judoka k\u00f6nnen ihre technischen F\u00e4higkeiten vertrauensvoll weiterentwickeln.<\/p>\n<p>Entscheiden Sie sich f\u00fcr Qualit\u00e4t und Leistung mit dem Hajime Kinder Judo Kimono, der exklusiv bei uns im FightingFilms.shop erh\u00e4ltlich ist. Bieten Sie Ihrem jungen Judoka das n\u00f6tige R\u00fcstzeug, um im Judo Fortschritte zu machen und dabei die traditionellen Werte dieser edlen Kampfkunst zu respektieren.<\/p>\n<p>&nbsp;<\/p>\n<p>Ihr Kind f\u00e4ngt gerade mit Judo an und Sie m\u00f6chten, dass es die Werte dieser traditionellen japanischen Kampfkunst kennenlernt und dabei Spa\u00df hat? Entdecken Sie unsere <a href=\"https:\/\/www.fightingfilms.shop\/produit\/livre-de-judo-pour-enfant\/\">Judob\u00fccher f\u00fcr Kinder<\/a>, um auch au\u00dferhalb der Tatami mit dem Judo in Kontakt zu bleiben &#8211; und das auf spielerische Weise!<\/p>\n<p>&nbsp;<\/p>\n<h2><b>Wie w\u00e4hle ich die richtige Gr\u00f6\u00dfe f\u00fcr den Judo-Kimono f\u00fcr Kinder Fighting Films?  <\/b><\/h2>\n<p>Im Gegensatz zu Kimonos f\u00fcr Erwachsene empfehlen wir Ihnen, die Gr\u00f6\u00dfe zu w\u00e4hlen, die der Gr\u00f6\u00dfe Ihres Kindes entspricht. Dadurch werden die schnellen Gr\u00f6\u00dfenver\u00e4nderungen, die Ihre Kinder m\u00f6glicherweise erleben, ausgeglichen. Wenn Ihr Kind 118 cm gro\u00df ist, sollten Sie ein 120 cm und nicht ein 110 cm gro\u00dfes Modell w\u00e4hlen. Durch unsere Erfahrung und unser Wissen \u00fcber unsere Kimonos k\u00f6nnen wir Ihnen versichern, dass dies die richtige Methode ist, die Sie anwenden sollten<\/p>\n<p>Wenn Sie Zweifel haben, z\u00f6gern Sie nicht, uns <a href=\"https:\/\/www.fightingfilms.shop\/contact\/\">hier<\/a> direkt zu kontaktieren oder den Kimono in unserem Gesch\u00e4ft in 1 rue des Messageries, 75010 Paris, anzuprobieren. Wir freuen uns auf Ihren Besuch und darauf, mit Ihnen \u00fcber Ihre m\u00f6glichen Fragen zu sprechen.<\/p>\n<p>Die genauen Ma\u00dfe kannst du dem Schnittmuster entnehmen, das in der Galerie zu finden ist!<\/p>\n<p>Sie k\u00f6nnen sich auch unsere verschiedenen Artikel zur Auswahl Ihres <a href=\"https:\/\/www.fightingfilms.shop\/categorie\/kimonos\/kimonos-de-judo\/\">Judokimonos<\/a> ansehen oder zu unseren <a href=\"https:\/\/www.fightingfilms.shop\/categorie\/ceintures-de-judo\/\">Judog\u00fcrteln<\/a> gehen, um Ihr Outfit zu vervollst\u00e4ndigen.<\/p>\n","protected":false},"excerpt":{"rendered":"<p>Der Hajime Judo-Kimono f\u00fcr Kinder <strong>aus Reiskorn<\/strong> in sehr guter Qualit\u00e4t. Angenehm zu tragen f\u00fcr Kinder, <strong>leicht und robust<\/strong> zugleich. Der Kimono Hajime wird auch mit einem wei\u00dfen G\u00fcrtel geliefert. So ist er der ideale Judogi, um mit den besten Voraussetzungen in <strong>das Judotraining zu starten<\/strong>. Mit einem Fl\u00e4chengewicht von <strong>320 g\/m2<\/strong> ist dieser Qualit\u00e4ts-Judogi <strong>st\u00e4rker<\/strong> und <strong>haltbarer<\/strong> als die meisten anderen <a href=\"https:\/\/www.fightingfilms.shop\/les-kimonos-de-judo-pour-enfant\/\">Judo-Kimonos<\/a> f\u00fcr Kinder.<\/p>\n<p>&nbsp;<\/p>\n<p>55% Baumwolle 45% Polyester<\/p>\n<p>Erh\u00e4ltlich von 100 bis 160cm<\/p>\n","protected":false},"featured_media":24717,"comment_status":"","ping_status":"closed","template":"","meta":[],"product_brand":[],"product_cat":[365,374],"product_tag":[],"giftcard-category":[],"class_list":{"0":"post-14736","1":"product","2":"type-product","3":"status-publish","4":"has-post-thumbnail","6":"product_cat-judo-kimonos","7":"product_cat-kimonos-kinder","8":"product_shipping_class-kimono-kinderred-label","10":"first","11":"instock","12":"taxable","13":"shipping-taxable","14":"purchasable","15":"product-type-variable"},"exclude_global_add_ons":[],"addons":[],"_links":{"self":[{"href":"https:\/\/fightingfilms.shop\/de\/wp-json\/wp\/v2\/product\/14736","targetHints":{"allow":["GET"]}}],"collection":[{"href":"https:\/\/fightingfilms.shop\/de\/wp-json\/wp\/v2\/product"}],"about":[{"href":"https:\/\/fightingfilms.shop\/de\/wp-json\/wp\/v2\/types\/product"}],"replies":[{"embeddable":true,"href":"https:\/\/fightingfilms.shop\/de\/wp-json\/wp\/v2\/comments?post=14736"}],"wp:featuredmedia":[{"embeddable":true,"href":"https:\/\/fightingfilms.shop\/de\/wp-json\/wp\/v2\/media\/24717"}],"wp:attachment":[{"href":"https:\/\/fightingfilms.shop\/de\/wp-json\/wp\/v2\/media?parent=14736"}],"wp:term":[{"taxonomy":"product_brand","embeddable":true,"href":"https:\/\/fightingfilms.shop\/de\/wp-json\/wp\/v2\/product_brand?post=14736"},{"taxonomy":"product_cat","embeddable":true,"href":"https:\/\/fightingfilms.shop\/de\/wp-json\/wp\/v2\/product_cat?post=14736"},{"taxonomy":"product_tag","embeddable":true,"href":"https:\/\/fightingfilms.shop\/de\/wp-json\/wp\/v2\/product_tag?post=14736"},{"taxonomy":"giftcard-category","embeddable":true,"href":"https:\/\/fightingfilms.shop\/de\/wp-json\/wp\/v2\/giftcard-category?post=14736"}],"curies":[{"name":"wp","href":"https:\/\/api.w.org\/{rel}","templated":true}]}}