{"id":14745,"date":"2021-06-10T18:53:00","date_gmt":"2021-06-10T16:53:00","guid":{"rendered":"https:\/\/www.fightingfilms.shop\/produit\/japanisches-torii-kapuzensweatshirt\/"},"modified":"2023-11-28T11:14:29","modified_gmt":"2023-11-28T10:14:29","slug":"torii-japanischer-kapuzenpullover","status":"publish","type":"product","link":"https:\/\/fightingfilms.shop\/de\/produit\/torii-japanischer-kapuzenpullover\/","title":{"rendered":"Japanisches Torii Kapuzensweatshirt"},"content":{"rendered":"<p>Der Torii Fighting Films Hoodie ist ein schwarzer Hoodie mit einer Tasche auf der Vorderseite. Das gro\u00dfe rote Tor ist auf der <strong>Vorderseite<\/strong> mit FIGHTING FILMS bestickt, SUPERSTAR JUDO ist auf dem <strong>unteren R\u00fccken<\/strong> in Gold und Silber gestickt.<\/p>\n<p>So ist es sehr praktisch, es vor einem Wettkampf \u00fcber den Kimono zu ziehen, um nach dem Aufw\u00e4rmen oder zwischen den K\u00e4mpfen warm zu bleiben.<\/p>\n<h5>Eigenschaften :<\/h5>\n<ul>\n<li>Torii Judo Kapuzen-Sweatshirt<\/li>\n<li>75% Baumwolle 25% Polyester<\/li>\n<li>Gr\u00f6\u00dfe S &#8211; M &#8211; L &#8211; XL &#8211; XXL<\/li>\n<li>H\u00f6chste Qualit\u00e4t<\/li>\n<\/ul>\n<p>Schauen Sie sich auch unsere anderen <a href=\"https:\/\/www.fightingfilms.shop\/categorie\/textile-de-judo\/\">Textilien<\/a> und <a href=\"https:\/\/www.fightingfilms.shop\/categorie-produit\/kimonos-de-judo\/\">Judo-Kimonos <\/a> an!<\/p>\n","protected":false},"excerpt":{"rendered":"<p>Der Torii Fighting Films Hoodie ist ein schwarzer Hoodie mit einer Tasche auf der Vorderseite. Das gro\u00dfe rote Tor ist auf der <strong>Vorderseite<\/strong> mit FIGHTING FILMS bestickt, SUPERSTAR JUDO ist auf dem <strong>unteren R\u00fccken<\/strong> in Gold und Silber gestickt.<\/p>\n<p>So ist es sehr praktisch, es vor einem Wettkampf \u00fcber den <a href=\"https:\/\/www.fightingfilms.shop\/categorie-produit\/kimonos-de-judo\/\">Kimono<\/a> zu ziehen, um nach dem Aufw\u00e4rmen oder zwischen den K\u00e4mpfen warm zu bleiben.<\/p>\n","protected":false},"featured_media":11674,"comment_status":"closed","ping_status":"closed","template":"","meta":[],"product_brand":[],"product_cat":[354],"product_tag":[],"giftcard-category":[],"class_list":{"0":"post-14745","1":"product","2":"type-product","3":"status-publish","4":"has-post-thumbnail","6":"product_cat-judo-textilien","7":"product_shipping_class-textilien","9":"first","10":"outofstock","11":"taxable","12":"shipping-taxable","13":"purchasable","14":"product-type-variable"},"exclude_global_add_ons":[],"addons":[],"_links":{"self":[{"href":"https:\/\/fightingfilms.shop\/de\/wp-json\/wp\/v2\/product\/14745","targetHints":{"allow":["GET"]}}],"collection":[{"href":"https:\/\/fightingfilms.shop\/de\/wp-json\/wp\/v2\/product"}],"about":[{"href":"https:\/\/fightingfilms.shop\/de\/wp-json\/wp\/v2\/types\/product"}],"replies":[{"embeddable":true,"href":"https:\/\/fightingfilms.shop\/de\/wp-json\/wp\/v2\/comments?post=14745"}],"wp:featuredmedia":[{"embeddable":true,"href":"https:\/\/fightingfilms.shop\/de\/wp-json\/wp\/v2\/media\/11674"}],"wp:attachment":[{"href":"https:\/\/fightingfilms.shop\/de\/wp-json\/wp\/v2\/media?parent=14745"}],"wp:term":[{"taxonomy":"product_brand","embeddable":true,"href":"https:\/\/fightingfilms.shop\/de\/wp-json\/wp\/v2\/product_brand?post=14745"},{"taxonomy":"product_cat","embeddable":true,"href":"https:\/\/fightingfilms.shop\/de\/wp-json\/wp\/v2\/product_cat?post=14745"},{"taxonomy":"product_tag","embeddable":true,"href":"https:\/\/fightingfilms.shop\/de\/wp-json\/wp\/v2\/product_tag?post=14745"},{"taxonomy":"giftcard-category","embeddable":true,"href":"https:\/\/fightingfilms.shop\/de\/wp-json\/wp\/v2\/giftcard-category?post=14745"}],"curies":[{"name":"wp","href":"https:\/\/api.w.org\/{rel}","templated":true}]}}