{"id":14751,"date":"2021-06-10T18:52:58","date_gmt":"2021-06-10T16:52:58","guid":{"rendered":"https:\/\/www.fightingfilms.shop\/produit\/t-shirt-fighting-films-2\/"},"modified":"2023-12-19T11:10:28","modified_gmt":"2023-12-19T10:10:28","slug":"t-shirt-fighting-films","status":"publish","type":"product","link":"https:\/\/fightingfilms.shop\/de\/produit\/t-shirt-fighting-films\/","title":{"rendered":"T-Shirt Fighting Films"},"content":{"rendered":"<p>Entdecke unser Fighting Films T-Shirt mit seinem einzigartigen Design. Das typische japanische Torii aus Fighting Films, das auf Herzh\u00f6he gestickt ist. Dieses T-Shirt wird Sie t\u00e4glich begleiten, wenn Sie zum Training gehen oder bevor Sie bei einem Wettkampf auf die Tatami steigen.<\/p>\n<p>W\u00e4hle die Farbe deines Fighting Films T-Shirts: Schwarz, Wei\u00df oder Grau. Sowie die Farbe des Fighting Films-Logos: Wei\u00df, Schwarz, Rot, Gold<\/p>\n<p>Das Lieblings-T-Shirt deines Lieblingsjudoka! Getragen von unseren Superstar-Athleten wie <a href=\"https:\/\/www.fightingfilms.shop\/darcel-yandzi-et-fighting-films\/\">Darcel Yandzi<\/a>, Loic Pietri oder Michael Korrel!<\/p>\n<p>Dieses T-Shirt ist f\u00fcr kleine und gro\u00dfe Judoliebhaber geeignet.<\/p>\n<p>Das Fighting Films T-Shirt, ein grundlegendes, aber unverzichtbares Produkt aus unserem Katalog. Mit dem Torii auf dem Herzen zum Training!<\/p>\n<p>Wenn Sie ein Judoverein sind und Ihren Lizenznehmern jeden Alters ein Geschenk machen m\u00f6chten, ist dieses T-Shirt das perfekte Geschenk!<\/p>\n<h2>Eigenschaften des Fighting Films T-Shirts:<\/h2>\n<ul>\n<li>Material: 100% Baumwolle<\/li>\n<li>Farbe: Nur Schwarz<\/li>\n<li>Gr\u00f6\u00dfe: XS-S-M-L-XL-XXL<\/li>\n<\/ul>\n<p>Schauen Sie sich auch unsere anderen <a href=\"https:\/\/www.fightingfilms.shop\/categorie\/textile-de-judo\/\">Judo-Textilien<\/a>, Zubeh\u00f6r und andere Produkte an!<\/p>\n<p>Wenn du die gleichen Kimonos wie deine Lieblingsjudoka haben m\u00f6chtest, dann besuche unsere Seite f\u00fcr <a href=\"https:\/\/www.fightingfilms.shop\/categorie-produit\/kimonos-de-judo\/\">Judokimonos<\/a>!<\/p>\n<p>Um mehr \u00fcber die Welt des Judo zu erfahren, entdecken Sie alle unsere Artikel auf unserer Blog-Seite.<\/p>\n","protected":false},"excerpt":{"rendered":"<p>Ma\u00dfgeschneidertes T-Shirt mit gestickten Fighting Films T\u00fcren auf dem Herzen in der Farbe deiner Wahl . Dieses taillierte und passgenaue T-Shirt ist ideal f\u00fcr den Weg zum Training oder zum Wettkampf.<\/p>\n","protected":false},"featured_media":15237,"comment_status":"closed","ping_status":"closed","template":"","meta":[],"product_brand":[],"product_cat":[354],"product_tag":[],"giftcard-category":[],"class_list":{"0":"post-14751","1":"product","2":"type-product","3":"status-publish","4":"has-post-thumbnail","6":"product_cat-judo-textilien","7":"product_shipping_class-textilien","9":"first","10":"instock","11":"taxable","12":"shipping-taxable","13":"purchasable","14":"product-type-variable"},"exclude_global_add_ons":[],"addons":[],"_links":{"self":[{"href":"https:\/\/fightingfilms.shop\/de\/wp-json\/wp\/v2\/product\/14751","targetHints":{"allow":["GET"]}}],"collection":[{"href":"https:\/\/fightingfilms.shop\/de\/wp-json\/wp\/v2\/product"}],"about":[{"href":"https:\/\/fightingfilms.shop\/de\/wp-json\/wp\/v2\/types\/product"}],"replies":[{"embeddable":true,"href":"https:\/\/fightingfilms.shop\/de\/wp-json\/wp\/v2\/comments?post=14751"}],"wp:featuredmedia":[{"embeddable":true,"href":"https:\/\/fightingfilms.shop\/de\/wp-json\/wp\/v2\/media\/15237"}],"wp:attachment":[{"href":"https:\/\/fightingfilms.shop\/de\/wp-json\/wp\/v2\/media?parent=14751"}],"wp:term":[{"taxonomy":"product_brand","embeddable":true,"href":"https:\/\/fightingfilms.shop\/de\/wp-json\/wp\/v2\/product_brand?post=14751"},{"taxonomy":"product_cat","embeddable":true,"href":"https:\/\/fightingfilms.shop\/de\/wp-json\/wp\/v2\/product_cat?post=14751"},{"taxonomy":"product_tag","embeddable":true,"href":"https:\/\/fightingfilms.shop\/de\/wp-json\/wp\/v2\/product_tag?post=14751"},{"taxonomy":"giftcard-category","embeddable":true,"href":"https:\/\/fightingfilms.shop\/de\/wp-json\/wp\/v2\/giftcard-category?post=14751"}],"curies":[{"name":"wp","href":"https:\/\/api.w.org\/{rel}","templated":true}]}}