{"id":14756,"date":"2021-06-07T14:22:34","date_gmt":"2021-06-07T12:22:34","guid":{"rendered":"https:\/\/www.fightingfilms.shop\/produit\/judo-anzug-red-label-500ggr\/"},"modified":"2026-04-20T14:52:56","modified_gmt":"2026-04-20T12:52:56","slug":"kimono-de-judo-red-label-500-gr","status":"publish","type":"product","link":"https:\/\/fightingfilms.shop\/de\/produit\/kimono-de-judo-red-label-500-gr\/","title":{"rendered":"Judo-Anzug Red Label 500Ggr"},"content":{"rendered":"<p>Der Red Label Fighting Films Judo-Kimono ist ein Kimono der mittleren Preisklasse. Es eignet sich daher f\u00fcr Fortgeschrittene, von ge\u00fcbten Kindern bis hin zu Erwachsenen, die noch lernen oder Anf\u00e4nger sind.<\/p>\n<p>Dieser Judokimono ist vor allem wegen seines geringen Gewichts ideal f\u00fcr Anf\u00e4nger. F\u00fchlen Sie sich frei in Ihren Bewegungen, um sie im Laufe des Trainings zu perfektionieren. Der leichtere Judogi atmet mehr und vermeidet so \u00fcberm\u00e4\u00dfiges Schwitzen, das bei einem schwereren Kimono entstehen kann.<\/p>\n<p>Erh\u00e4ltlich in Wei\u00df und Blau. W\u00e4hlen Sie die Farbe, die Ihnen am besten gef\u00e4llt, damit Sie sich im Dojo am wohlsten f\u00fchlen.<\/p>\n<p>Weich und stabil ist es in den Gr\u00f6\u00dfen 130 cm bis 190 cm erh\u00e4ltlich.<\/p>\n<p>Dieser Judogi ist f\u00fcr M\u00e4nner und Frauen gleicherma\u00dfen geeignet. Dies ist der ideale Judokimono f\u00fcr eine erste Ann\u00e4herung an Judo.<\/p>\n<h2><strong>Die St\u00e4rken des Red Label 500 Gr Judo-Kimono f\u00fcr Anf\u00e4nger :<\/strong><\/h2>\n<ul>\n<li>500 Gramm pro m\u00b2<\/li>\n<li>100% Baumwolle<\/li>\n<li>Eng anliegender, taillierter Schnitt<\/li>\n<li>Gummiband an der Hose (f\u00fcr Gr\u00f6\u00dfen &lt; 150cm)<\/li>\n<li>Ausgezeichnetes Preis-Leistungs-Verh\u00e4ltnis<\/li>\n<li>5% Schrumpfung<\/li>\n<li>M\u00f6glichkeit, das Clublogo einzusticken<\/li>\n<li>% interessant f\u00fcr Clubbestellungen<\/li>\n<\/ul>\n<p><strong>Pflegetipps :<\/strong><\/p>\n<ul>\n<li>Maschinenw\u00e4sche &#8211; 30\u00b0 max &#8211; normal<\/li>\n<li>Kein Bleichen<\/li>\n<\/ul>\n<p><strong>Wie w\u00e4hle ich die richtige Kimonogr\u00f6\u00dfe f\u00fcr Red Label <a href=\"https:\/\/fightingfilms.com\/\" rel=\"nofollow noopener\" target=\"_blank\">Fighting Films<\/a>? <\/strong><\/p>\n<p>Im Gegensatz zu dem, was wir unseren Kunden normalerweise bei der Wahl der Gr\u00f6\u00dfe von Fighting Films Kimonos empfehlen, ist es besser, einen Judogi <strong>eine Gr\u00f6\u00dfe gr\u00f6\u00dfer oder eine Nummer gr\u00f6\u00dfer <\/strong> zu w\u00e4hlen. Wenn Sie <strong>1,70 m<\/strong> gro\u00df sind, sollten Sie sich f\u00fcr <strong>170 <\/strong>cm entscheiden, wenn Sie<strong> 1,74 m <\/strong>gro\u00df sind, sollten Sie sich f\u00fcr<strong> 180<\/strong> cm entscheiden. Mit unserer Erfahrung und Kenntnis unserer Kimonos k\u00f6nnen wir Ihnen versichern, dass dies die richtige Methode ist, die Sie anwenden sollten. Tats\u00e4chlich besteht dieser Judogi aus 100% Baumwolle und wird daher st\u00e4rker schrumpfen als unsere anderen Kimonos, die aus Baumwolle und Polyester bestehen.<\/p>\n<p>Wenn Sie sich nicht sicher sind, lesen Sie bitte den Artikel \u00fcber die<a href=\"https:\/\/www.fightingfilms.shop\/comment-bien-choisir-la-taille-de-son-judogi\/\"> Wahl der richtigen Judogigr\u00f6\u00dfe <\/a>oder kontaktieren Sie uns direkt<a href=\"https:\/\/www.fightingfilms.shop\/contact\/\"> hier<\/a>.<\/p>\n<p>Die genauen Ma\u00dfe kannst du dem Schnittmuster entnehmen, das in der Galerie zu finden ist!<\/p>\n<p>Sie k\u00f6nnen sich auch unsere <a href=\"https:\/\/www.fightingfilms.shop\/blog\/\">verschiedenen Artikel<\/a> zur Auswahl Ihres <a href=\"https:\/\/www.fightingfilms.shop\/categorie\/kimonos\/kimonos-de-judo\/\">Judokimonos<\/a> ansehen oder zu unseren <a href=\"https:\/\/www.fightingfilms.shop\/categorie\/ceintures-de-judo\/\">Judog\u00fcrteln<\/a> gehen, um Ihr Outfit zu vervollst\u00e4ndigen.<\/p>\n<div id=\"kurato_extension_modal\"><\/div>\n<div id=\"kurato_extension_modal\"><\/div>\n","protected":false},"excerpt":{"rendered":"<p>Der Red Label Judogi ist ein <strong>Mittelklasse-Kimono<\/strong> f\u00fcr Fortgeschrittene, von erfahrenen Kindern <strong>bis hin zu Erwachsenen, die noch lernen oder Anf\u00e4nger<\/strong> sind.<\/p>\n<p>Sein leichtes Fl\u00e4chengewicht erm\u00f6glicht ein ungezwungenes Lernen. Der Judogi behindert die Bewegungen nicht und begleitet Sie bei Ihren Fortschritten.<\/p>\n<p><strong>Weich und stabil<\/strong> ist es in den Gr\u00f6\u00dfen 130 cm bis 190 cm erh\u00e4ltlich. Erh\u00e4ltlich in Wei\u00df oder Blau. Dieser Judogi ist <strong>gemischtgeschlechtlich<\/strong>.<\/p>\n<h4 id=\"kurato_extension_modal\">Immer noch unsicher bei der Wahl der Judogi-Gr\u00f6\u00dfe? Entdecken Sie unseren <strong><a href=\"http:\/\/tinyurl.com\/2mjwnc4w\">Gr\u00f6\u00dfenberater .<\/a><\/strong><\/h4>\n<div id=\"kurato_extension_modal\"><\/div>\n","protected":false},"featured_media":23031,"comment_status":"closed","ping_status":"closed","template":"","meta":[],"product_brand":[],"product_cat":[365,374],"product_tag":[],"giftcard-category":[],"class_list":{"0":"post-14756","1":"product","2":"type-product","3":"status-publish","4":"has-post-thumbnail","6":"product_cat-judo-kimonos","7":"product_cat-kimonos-kinder","8":"product_shipping_class-kimono-kinderred-label","10":"first","11":"instock","12":"taxable","13":"shipping-taxable","14":"purchasable","15":"product-type-variable"},"exclude_global_add_ons":[],"addons":[],"_links":{"self":[{"href":"https:\/\/fightingfilms.shop\/de\/wp-json\/wp\/v2\/product\/14756","targetHints":{"allow":["GET"]}}],"collection":[{"href":"https:\/\/fightingfilms.shop\/de\/wp-json\/wp\/v2\/product"}],"about":[{"href":"https:\/\/fightingfilms.shop\/de\/wp-json\/wp\/v2\/types\/product"}],"replies":[{"embeddable":true,"href":"https:\/\/fightingfilms.shop\/de\/wp-json\/wp\/v2\/comments?post=14756"}],"wp:featuredmedia":[{"embeddable":true,"href":"https:\/\/fightingfilms.shop\/de\/wp-json\/wp\/v2\/media\/23031"}],"wp:attachment":[{"href":"https:\/\/fightingfilms.shop\/de\/wp-json\/wp\/v2\/media?parent=14756"}],"wp:term":[{"taxonomy":"product_brand","embeddable":true,"href":"https:\/\/fightingfilms.shop\/de\/wp-json\/wp\/v2\/product_brand?post=14756"},{"taxonomy":"product_cat","embeddable":true,"href":"https:\/\/fightingfilms.shop\/de\/wp-json\/wp\/v2\/product_cat?post=14756"},{"taxonomy":"product_tag","embeddable":true,"href":"https:\/\/fightingfilms.shop\/de\/wp-json\/wp\/v2\/product_tag?post=14756"},{"taxonomy":"giftcard-category","embeddable":true,"href":"https:\/\/fightingfilms.shop\/de\/wp-json\/wp\/v2\/giftcard-category?post=14756"}],"curies":[{"name":"wp","href":"https:\/\/api.w.org\/{rel}","templated":true}]}}