{"id":14771,"date":"2021-06-07T13:33:47","date_gmt":"2021-06-07T11:33:47","guid":{"rendered":"https:\/\/www.fightingfilms.shop\/produit\/judo-anzug-black-label-820gr\/"},"modified":"2026-04-20T14:52:56","modified_gmt":"2026-04-20T12:52:56","slug":"kimono-black-label-820-gr-fighting-films","status":"publish","type":"product","link":"https:\/\/fightingfilms.shop\/de\/produit\/kimono-black-label-820-gr-fighting-films\/","title":{"rendered":"Judo-Anzug Black Label 600gr"},"content":{"rendered":"<p>Der Judo-Kimono <strong>Black Label 600Gr<\/strong> ist ein sehr guter Judo-Kimono zu einem sehr guten Preis. Dies ist ein Judogi von guter Qualit\u00e4t mit einem taillierten Schnitt wie bei IJF-Wettkampfjudogis. Dieser Judogi hat einen k\u00fcrzeren Rock, ein leichteres Gewicht und ist daher bequemer f\u00fcr ein l\u00e4ngeres Training. Wir empfehlen diesen Judogi daher f\u00fcr diejenigen, die regelm\u00e4\u00dfig trainieren.    Taillierter Schnitt, perfekte Verarbeitung, Sie werden nirgendwo sonst einen Kimono von so guter Qualit\u00e4t zu einem so angepassten Preis finden!<\/p>\n<p>Dieser Judo-Anzug f\u00fcr regelm\u00e4\u00dfiges Training passt <strong>M\u00e4nnern und Frauen<\/strong>. Sein Fl\u00e4chengewicht betr\u00e4gt 600 g\/m2. Er hat einen Standardschnitt. Das Besondere an diesem Kimono ist, dass er<strong> zu 100% aus Baumwolle<\/strong> besteht. Er schrumpft daher st\u00e4rker als IJF Judogis aus Polyester und Baumwolle. <\/p>\n<p><strong>Die St\u00e4rken des Judo-Anzugs Black label 600Gr :<\/strong><\/p>\n<ul>\n<li>600 g\/m\u00b2 f\u00fcr eine sehr gute Rei\u00dffestigkeit f\u00fcr Wettkampftraining<\/li>\n<li>3 % Schrumpfung beim Waschen<\/li>\n<li>Taillierter, eng anliegender Schnitt f\u00fcr perfekte Beweglichkeit und Halt des Kimonos<\/li>\n<li>Verkauft mit Tragetasche Fighting Films Wei\u00df<\/li>\n<\/ul>\n<p><strong>Pflegetipps :<\/strong><\/p>\n<ul>\n<li>Maschinenw\u00e4sche &#8211; 30\u00b0 max &#8211; normal<\/li>\n<li>Kein Bleichen<\/li>\n<\/ul>\n<p><strong>Wie w\u00e4hle ich die richtige Kimonogr\u00f6\u00dfe Fighting Films? <\/strong><\/p>\n<p>Wir empfehlen allen unseren Kundinnen und Kunden, einen Kimono <strong>5 cm kleiner als ihre K\u00f6rpergr\u00f6\u00dfe<\/strong> zu w\u00e4hlen. Wenn Sie <strong>1,70 m<\/strong> gro\u00df sind, sollten Sie sich eher f\u00fcr die <strong>165 cm<\/strong> entscheiden. Mit unserer Erfahrung und Kenntnis unserer Kimonos k\u00f6nnen wir Ihnen versichern, dass dies die richtige Methode ist, die Sie anwenden sollten.<\/p>\n<p>Wenn Sie sich nicht sicher sind, lesen Sie bitte den Artikel \u00fcber die <a href=\"https:\/\/www.fightingfilms.shop\/comment-bien-choisir-la-taille-de-son-judogi\/\">Wahl der richtigen Gr\u00f6\u00dfe f\u00fcr Ihren Judokimono<\/a> oder kontaktieren Sie uns direkt <a href=\"https:\/\/www.fightingfilms.shop\/contact\/\">hier<\/a>.<\/p>\n<p>Die genauen Ma\u00dfe kannst du dem Schnittmuster entnehmen, das in der Galerie zu finden ist!<\/p>\n<p>Sie k\u00f6nnen sich auch unsere <a href=\"https:\/\/www.fightingfilms.shop\/blog\/\">verschiedenen Artikel<\/a> zur Auswahl Ihres <a href=\"https:\/\/www.fightingfilms.shop\/categorie\/kimonos\/kimonos-de-judo\/\">Judokimonos<\/a> ansehen oder zu unseren <a href=\"https:\/\/www.fightingfilms.shop\/categorie\/ceintures-de-judo\/\">Judog\u00fcrteln<\/a> gehen, um Ihr Outfit zu vervollst\u00e4ndigen.<\/p>\n<div id=\"kurato_extension_modal\"><\/div>\n<div id=\"kurato_extension_modal\"><\/div>\n<div id=\"kurato_extension_modal\"><\/div>\n<div id=\"kurato_extension_modal\"><\/div>\n<div id=\"kurato_extension_modal\"><\/div>\n<div id=\"kurato_extension_modal\"><\/div>\n","protected":false},"excerpt":{"rendered":"<div class=\"product-short\">\n<p><strong>Der Judo-Kimono Black Label 600gr ist ein Judo-Kimono f\u00fcr regelm\u00e4\u00dfiges Training, <\/strong>mit einem taillierten Schnitt und zu einem erschwinglichen Preis. Daher ist unser Judo-Kimono Black Label <strong>ein Judogi von hoher Qualit\u00e4t, ohne den IJF-Standards zu entsprechen<\/strong>. Er wird f\u00fcr alle empfohlen, die regelm\u00e4\u00dfig trainieren.<\/p>\n<p> Aus 100% Baumwolle gefertigt, ist es sowohl tailliert, mit sch\u00f6nen Abschl\u00fcssen und bequem. Das ist ein sehr gutes Preis-Leistungs-Verh\u00e4ltnis!<\/p>\n<p>Dieser Judogi ist f\u00fcr<strong> M\u00e4nner und Frauen <\/strong>geeignet, die regelm\u00e4\u00dfig trainieren und einen leichten und robusten Judogi w\u00fcnschen. Es handelt sich um einen Judogi mit Standardschnitt. <\/p>\n<p><strong>Wie w\u00e4hle ich die richtige Kimonogr\u00f6\u00dfe Fighting Films? <\/strong><\/p>\n<p>Wir empfehlen allen unseren Kundinnen und Kunden, einen Kimono <strong>5 cm kleiner als ihre K\u00f6rpergr\u00f6\u00dfe<\/strong> zu w\u00e4hlen. Wenn Sie <strong>1,70 m<\/strong> gro\u00df sind, sollten Sie sich eher f\u00fcr die <strong>165 cm<\/strong> entscheiden. Mit unserer Erfahrung und Kenntnis unserer Kimonos k\u00f6nnen wir Ihnen versichern, dass dies die richtige Methode ist, die Sie anwenden sollten.<\/p>\n<h4>Immer noch unsicher bei der Wahl der Judogi-Gr\u00f6\u00dfe? Entdecken Sie unseren <strong><a href=\"http:\/\/tinyurl.com\/2mjwnc4w\">Gr\u00f6\u00dfentabelle .<\/a><\/strong><\/h4>\n<\/div>\n<div id=\"kurato_extension_modal\"><\/div>\n<div id=\"kurato_extension_modal\"><\/div>\n<div id=\"kurato_extension_modal\"><\/div>\n<div id=\"kurato_extension_modal\"><\/div>\n<div id=\"kurato_extension_modal\"><\/div>\n<div id=\"kurato_extension_modal\"><\/div>\n","protected":false},"featured_media":25896,"comment_status":"closed","ping_status":"closed","template":"","meta":[],"product_brand":[],"product_cat":[365],"product_tag":[],"giftcard-category":[],"class_list":{"0":"post-14771","1":"product","2":"type-product","3":"status-publish","4":"has-post-thumbnail","6":"product_cat-judo-kimonos","7":"product_shipping_class-kimono-black-label-superstar-de","9":"first","10":"instock","11":"taxable","12":"shipping-taxable","13":"purchasable","14":"product-type-variable"},"exclude_global_add_ons":[],"addons":[],"_links":{"self":[{"href":"https:\/\/fightingfilms.shop\/de\/wp-json\/wp\/v2\/product\/14771","targetHints":{"allow":["GET"]}}],"collection":[{"href":"https:\/\/fightingfilms.shop\/de\/wp-json\/wp\/v2\/product"}],"about":[{"href":"https:\/\/fightingfilms.shop\/de\/wp-json\/wp\/v2\/types\/product"}],"replies":[{"embeddable":true,"href":"https:\/\/fightingfilms.shop\/de\/wp-json\/wp\/v2\/comments?post=14771"}],"wp:featuredmedia":[{"embeddable":true,"href":"https:\/\/fightingfilms.shop\/de\/wp-json\/wp\/v2\/media\/25896"}],"wp:attachment":[{"href":"https:\/\/fightingfilms.shop\/de\/wp-json\/wp\/v2\/media?parent=14771"}],"wp:term":[{"taxonomy":"product_brand","embeddable":true,"href":"https:\/\/fightingfilms.shop\/de\/wp-json\/wp\/v2\/product_brand?post=14771"},{"taxonomy":"product_cat","embeddable":true,"href":"https:\/\/fightingfilms.shop\/de\/wp-json\/wp\/v2\/product_cat?post=14771"},{"taxonomy":"product_tag","embeddable":true,"href":"https:\/\/fightingfilms.shop\/de\/wp-json\/wp\/v2\/product_tag?post=14771"},{"taxonomy":"giftcard-category","embeddable":true,"href":"https:\/\/fightingfilms.shop\/de\/wp-json\/wp\/v2\/giftcard-category?post=14771"}],"curies":[{"name":"wp","href":"https:\/\/api.w.org\/{rel}","templated":true}]}}