{"id":14784,"date":"2021-06-04T14:29:48","date_gmt":"2021-06-04T12:29:48","guid":{"rendered":"https:\/\/www.fightingfilms.shop\/produit\/judo-anzug-superstar-original-920gr\/"},"modified":"2026-03-11T19:40:38","modified_gmt":"2026-03-11T18:40:38","slug":"kimono-superstar-original-920-gr-fighting-films","status":"publish","type":"product","link":"https:\/\/fightingfilms.shop\/de\/produit\/kimono-superstar-original-920-gr-fighting-films\/","title":{"rendered":"Judo-Anzug Superstar Original 920Gr"},"content":{"rendered":"<p><strong>Der hochwertige Superstar Original Judokimono <\/strong>hat eine Dichte von 920 Gramm pro m\u00b2. Es ist sowohl schwer als auch strapazierf\u00e4hig, schr\u00e4nkt aber die Bewegungsfreiheit nicht ein. Au\u00dferdem hat der Superstar ORIGINAL einen taillierten Schnitt und ist an den Schultern eng, wodurch er gut am K\u00f6rper anliegt. Schlie\u00dflich sorgt eine subtile Mischung aus Baumwolle (70%) und Polyester (30%) f\u00fcr einen Einlauf beim Waschen von nur 1%. Dieser Kimono ist trotz seiner Dichte und Festigkeit sowohl bequem als auch leicht.<\/p>\n<p>Athleten aus der ganzen Welt, wie die Nationalmannschaft Georgiens und der Mongolei, tragen ihn wegen seines <strong>au\u00dfergew\u00f6hnlichen Komforts<\/strong> und seiner <strong>Leichtigkeit <\/strong>. Dieser elegante Kimono wurde auch von Superstar Ilias Illiadis bei seinem letzten Weltmeistertitel im Jahr 2014 getragen.<\/p>\n<h2><strong>Die Highlights des Superstar Original High-End Judo Kimonos :<\/strong><\/h2>\n<ul>\n<li>920 g\/m\u00b2, was eine hohe Zugfestigkeit f\u00fcr intensives Training erm\u00f6glicht<\/li>\n<li>1% Schrumpfung beim Waschen<\/li>\n<li>Taillierter, eng anliegender Schnitt: Der Kimono bleibt w\u00e4hrend der Bewegungen an Ort und Stelle.<\/li>\n<li>Wird mit einer Tragetasche verkauft Fighting Films<\/li>\n<\/ul>\n<p><strong>Pflegetipps :<\/strong><\/p>\n<ul>\n<li>Maschinenw\u00e4sche &#8211; 30\u00b0 max &#8211; normal<\/li>\n<li>Kein Bleichen<\/li>\n<\/ul>\n<p><strong>Wie w\u00e4hle ich die richtige Kimonogr\u00f6\u00dfe Fighting Films? <\/strong><\/p>\n<p>Wir empfehlen allen unseren Kundinnen und Kunden, einen Kimono <strong>5 cm kleiner als ihre K\u00f6rpergr\u00f6\u00dfe<\/strong> zu w\u00e4hlen. Wenn Sie <strong>1,70 m<\/strong> gro\u00df sind, sollten Sie sich eher f\u00fcr die <strong>165 cm<\/strong> entscheiden. Mit unserer Erfahrung und Kenntnis unserer Kimonos k\u00f6nnen wir Ihnen versichern, dass dies die richtige Methode ist, die Sie anwenden sollten.<\/p>\n<p>Wenn Sie sich nicht sicher sind, lesen Sie bitte den Artikel \u00fcber die <a href=\"https:\/\/www.fightingfilms.shop\/comment-bien-choisir-la-taille-de-son-judogi\/\">Wahl der richtigen Gr\u00f6\u00dfe f\u00fcr Ihren Judokimono <\/a>oder kontaktieren Sie uns direkt <a href=\"https:\/\/www.fightingfilms.shop\/contact\/\">hier<\/a>.<\/p>\n<p>Die genauen Ma\u00dfe kannst du dem Schnittmuster entnehmen, das in der Galerie zu finden ist!<\/p>\n<p>Sie k\u00f6nnen sich auch unsere <a href=\"https:\/\/www.fightingfilms.shop\/blog\/\">verschiedenen Artikel<\/a> zur Auswahl Ihres <a href=\"https:\/\/www.fightingfilms.shop\/categorie\/kimonos\/kimonos-de-judo\/\">Judokimonos<\/a> ansehen oder zu unseren <a href=\"https:\/\/www.fightingfilms.shop\/categorie\/ceintures-de-judo\/\">Judog\u00fcrteln<\/a> gehen, um Ihr Outfit zu vervollst\u00e4ndigen.<\/p>\n<div id=\"kurato_extension_modal\"><\/div>\n","protected":false},"excerpt":{"rendered":"<p style=\"text-align: left;\">Der Fighting Films Superstar Original Judo Kimono ist der <strong>Premium-Judokimono<\/strong> der Marke. Er ist f\u00fcr M\u00e4nner und Frauen geeignet, die regelm\u00e4\u00dfig Judo trainieren. Dies ist der dichteste Kimono, der von Fighting Films angeboten wird, mit einer Dichte von 920 Gramm pro m\u00b2. Er ist besonders f\u00fcr<strong> Judoka<\/strong> gedacht, die<strong> Randori oder regelm\u00e4\u00dfige und intensive Wettk\u00e4mpfe durchf\u00fchren<\/strong>.<\/p>\n<p>Dieser Judogi ist <strong>gemischtgeschlechtlich<\/strong>.<\/p>\n<p><strong>Wie w\u00e4hle ich die richtige Kimonogr\u00f6\u00dfe Fighting Films? <\/strong><\/p>\n<p>Wir empfehlen allen unseren Kundinnen und Kunden, einen Kimono <strong>5 cm kleiner als ihre K\u00f6rpergr\u00f6\u00dfe<\/strong> zu w\u00e4hlen. Wenn Sie <strong>1,70 m<\/strong> gro\u00df sind, sollten Sie sich eher f\u00fcr die <strong>165 cm<\/strong> entscheiden. Mit unserer Erfahrung und Kenntnis unserer Kimonos k\u00f6nnen wir Ihnen versichern, dass dies die richtige Methode ist, die Sie anwenden sollten.<\/p>\n<div id=\"kurato_extension_modal\"><\/div>\n","protected":false},"featured_media":28151,"comment_status":"closed","ping_status":"closed","template":"","meta":[],"product_brand":[],"product_cat":[365],"product_tag":[],"giftcard-category":[],"class_list":{"0":"post-14784","1":"product","2":"type-product","3":"status-publish","4":"has-post-thumbnail","6":"product_cat-judo-kimonos","7":"product_shipping_class-kimono-black-label-superstar-de","9":"first","10":"instock","11":"taxable","12":"shipping-taxable","13":"purchasable","14":"product-type-variable"},"exclude_global_add_ons":[],"addons":[],"_links":{"self":[{"href":"https:\/\/fightingfilms.shop\/de\/wp-json\/wp\/v2\/product\/14784","targetHints":{"allow":["GET"]}}],"collection":[{"href":"https:\/\/fightingfilms.shop\/de\/wp-json\/wp\/v2\/product"}],"about":[{"href":"https:\/\/fightingfilms.shop\/de\/wp-json\/wp\/v2\/types\/product"}],"replies":[{"embeddable":true,"href":"https:\/\/fightingfilms.shop\/de\/wp-json\/wp\/v2\/comments?post=14784"}],"wp:featuredmedia":[{"embeddable":true,"href":"https:\/\/fightingfilms.shop\/de\/wp-json\/wp\/v2\/media\/28151"}],"wp:attachment":[{"href":"https:\/\/fightingfilms.shop\/de\/wp-json\/wp\/v2\/media?parent=14784"}],"wp:term":[{"taxonomy":"product_brand","embeddable":true,"href":"https:\/\/fightingfilms.shop\/de\/wp-json\/wp\/v2\/product_brand?post=14784"},{"taxonomy":"product_cat","embeddable":true,"href":"https:\/\/fightingfilms.shop\/de\/wp-json\/wp\/v2\/product_cat?post=14784"},{"taxonomy":"product_tag","embeddable":true,"href":"https:\/\/fightingfilms.shop\/de\/wp-json\/wp\/v2\/product_tag?post=14784"},{"taxonomy":"giftcard-category","embeddable":true,"href":"https:\/\/fightingfilms.shop\/de\/wp-json\/wp\/v2\/giftcard-category?post=14784"}],"curies":[{"name":"wp","href":"https:\/\/api.w.org\/{rel}","templated":true}]}}