{"id":15007,"date":"2021-06-10T18:53:00","date_gmt":"2021-06-10T16:53:00","guid":{"rendered":"https:\/\/www.fightingfilms.shop\/produit\/judo-anzug-superstar-ijf-750-gr\/"},"modified":"2026-03-25T18:18:33","modified_gmt":"2026-03-25T17:18:33","slug":"kimono-superstar-ijf-750-gr-figthting-films","status":"publish","type":"product","link":"https:\/\/fightingfilms.shop\/de\/produit\/kimono-superstar-ijf-750-gr-figthting-films\/","title":{"rendered":"Judoanzug Superstar 750 Gr IJF"},"content":{"rendered":"<p>Der Judoanzug <strong> Superstar 750 Gr IJF Fighting Films <\/strong>ist aus hochwertiger Baumwolle gefertigt. Dadurch f\u00fchlt sich das Material angenehm an und ist gleichzeitig sehr strapazierf\u00e4hig. Neben seiner Robustheit <strong>schrumpft es beim Waschen nur wenig.<\/strong> Wir lieben die Reiskornjacke mit ihren <strong>R\u00fcckenn\u00e4hten<\/strong> und dem<b>strapazierf\u00e4higen<\/b> <strong>Revers <\/strong>, das perfekt f\u00fcr die anspruchsvollsten Judoka ist. Au\u00dferdem ist die Jacke im <strong>Bauchbereich ausgestellt<\/strong>, so dass der Judoanzug gut gekreuzt werden kann. Die Hose hingegen ist locker geschnitten und im Kniebereich verst\u00e4rkt. Die Breite des Halsausschnitts und seine Dicke entsprechen den neuesten IJF-Regeln.<\/p>\n<p>Der <strong>blau\/wei\u00dfe Judoanzug Fighting Films Superstar 750<\/strong> schlie\u00dflich ist mit einem eleganten, <strong>rot gestickten Fighting Films auf der Schulter versehen,<\/strong> was ihm seinen einzigartigen Look verleiht.<\/p>\n<p>Wenn Sie einen <strong>Kimono f\u00fcr Frauen oder M\u00e4nner<\/strong> suchen, der einen au\u00dfergew\u00f6hnlichen Komfort bietet, z\u00f6gern Sie nicht l\u00e4nger und verlieben Sie sich in den <strong>Judoanzug Fighting Films Superstar 750 &#8211; IJF approved <\/strong>mit dem besten Preis-Leistungs-Verh\u00e4ltnis. Nicht zu vergessen, dass dieser Judo-Kimono von der IJF f\u00fcr internationale Wettk\u00e4mpfe zugelassen wurde.<\/p>\n<h4><strong>St\u00e4rken :<\/strong><\/h4>\n<ul>\n<li>750 Gr, was eine gute Zugfestigkeit f\u00fcr ein Wettkampftraining erm\u00f6glicht<\/li>\n<li>Genehmigt neue IJF-Standards<\/li>\n<li>70% Baumwolle 30% Polyester<\/li>\n<li>Leicht und robust, geeignet f\u00fcr regelm\u00e4\u00dfiges Judotraining<\/li>\n<li>Taillierter Schnitt erm\u00f6glicht optimierte Bewegungen<\/li>\n<li>3 % Schrumpfung beim Waschen<\/li>\n<li>Verkauft mit Tragetasche Fighting Films<\/li>\n<\/ul>\n<h4><strong>Pflegetipps f\u00fcr Ihren Judokimono :<\/strong><\/h4>\n<ul>\n<li>Maschinenw\u00e4sche &#8211; 30\u00b0 max &#8211; normal<\/li>\n<li>Kein Bleichen<\/li>\n<\/ul>\n<p>Erh\u00e4ltlich in <strong>Standard Fit<\/strong> (klassischer Schnitt) und <strong>Large Fit<\/strong> (breiterer Schnitt). Der Large Fit Schnitt ist im Bereich des Bauchgurtes breiter. Bei einem 170cm Kimono hat dieser Kimono die L\u00e4nge eines 170cm Standard Fit, aber die Gr\u00f6\u00dfe im Bereich des Bauchgurtes entspricht einem <strong>175cm<\/strong> Standard Fit. <\/p>\n<p><strong>LF= 1 Gr\u00f6\u00dfe mehr am Bauch<\/strong><\/p>\n<h4><strong>Wie w\u00e4hlt man die richtige Gr\u00f6\u00dfe f\u00fcr den Judo-Kimono Fighting Films? <\/strong><\/h4>\n<p>Wir empfehlen allen unseren Kundinnen und Kunden, einen Kimono <strong>5 cm kleiner als ihre K\u00f6rpergr\u00f6\u00dfe<\/strong> zu w\u00e4hlen. Wenn Sie <strong>1,70 m<\/strong> gro\u00df sind, sollten Sie sich eher f\u00fcr die <strong>165 cm<\/strong> entscheiden. Mit unserer Erfahrung und Kenntnis unserer Kimonos k\u00f6nnen wir Ihnen versichern, dass dies die richtige Methode ist, die Sie anwenden sollten.<\/p>\n<p>Wenn Sie sich nicht sicher sind, lesen Sie bitte den Artikel \u00fcber die Wahl der richtigen <a href=\"https:\/\/www.fightingfilms.shop\/comment-bien-choisir-la-taille-de-son-judogi\/\">Gr\u00f6\u00dfe f\u00fcr Ihren Judokimono<\/a> oder kontaktieren Sie uns direkt <a href=\"https:\/\/www.fightingfilms.shop\/contact\/\">hier<\/a>.<\/p>\n<p>Die genauen Ma\u00dfe kannst du dem Schnittmuster entnehmen, das in der Galerie zu finden ist!<\/p>\n<p>Sie k\u00f6nnen sich auch unsere <a href=\"https:\/\/www.fightingfilms.shop\/blog\/\">verschiedenen Artikel<\/a> zur Auswahl Ihres <a href=\"https:\/\/www.fightingfilms.shop\/categorie\/kimonos\/kimonos-de-judo\/\">Judokimonos<\/a> ansehen oder zu unseren <a href=\"https:\/\/www.fightingfilms.shop\/categorie\/ceintures-de-judo\/\">Judog\u00fcrteln<\/a> gehen, um Ihr Outfit zu vervollst\u00e4ndigen.<\/p>\n<p>&nbsp;<\/p>\n<div id=\"kurato_extension_modal\"><\/div>\n<div id=\"kurato_extension_modal\"><\/div>\n<div id=\"kurato_extension_modal\"><\/div>\n<div id=\"kurato_extension_modal\"><\/div>\n<div id=\"kurato_extension_modal\"><\/div>\n<div id=\"kurato_extension_modal\"><\/div>\n<div id=\"kurato_extension_modal\"><\/div>\n<div id=\"kurato_extension_modal\"><\/div>\n<div id=\"kurato_extension_modal\"><\/div>\n<div id=\"kurato_extension_modal\"><\/div>\n<div id=\"kurato_extension_modal\"><\/div>\n<div id=\"kurato_extension_modal\"><\/div>\n<div id=\"kurato_extension_modal\"><\/div>\n<div id=\"kurato_extension_modal\"><\/div>\n<div id=\"kurato_extension_modal\"><\/div>\n<div id=\"kurato_extension_modal\"><\/div>\n<div id=\"kurato_extension_modal\"><\/div>\n<div id=\"kurato_extension_modal\"><\/div>\n<div id=\"kurato_extension_modal\"><\/div>\n<div id=\"kurato_extension_modal\"><\/div>\n<div id=\"kurato_extension_modal\"><\/div>\n<div id=\"kurato_extension_modal\"><\/div>\n<div id=\"kurato_extension_modal\"><\/div>\n<div id=\"kurato_extension_modal\"><\/div>\n<div id=\"kurato_extension_modal\"><\/div>\n<div id=\"kurato_extension_modal\"><\/div>\n<div id=\"kurato_extension_modal\"><\/div>\n<div id=\"kurato_extension_modal\"><\/div>\n<div id=\"kurato_extension_modal\"><\/div>\n<div id=\"kurato_extension_modal\"><\/div>\n<div id=\"kurato_extension_modal\"><\/div>\n<div id=\"kurato_extension_modal\"><\/div>\n<div id=\"kurato_extension_modal\"><\/div>\n<div id=\"kurato_extension_modal\"><\/div>\n<div id=\"kurato_extension_modal\"><\/div>\n","protected":false},"excerpt":{"rendered":"<p>Der Judoanzug <strong> Fighting Films Superstar 750 Gr &#8211; IJF approved (<a href=\"https:\/\/www.fightingfilms.shop\/les-nouvelles-normes-ijf-pour-les-judogis-en-2022\/\">genehmigt von der Internationalen Judo Federation<\/a> neue IJF-Standards, die ab Januar 2023 gelten)<\/strong> zeichnet sich durch <strong>seine sorgf\u00e4ltige<\/strong> Verarbeitung und die Qualit\u00e4t des Stoffes aus. Somit ist dieses <strong>Modell perfekt f\u00fcr alle Judoka geeignet, die sich in einem hochwertigen Judoanzug wohlf\u00fchlen m\u00f6chten<\/strong>. Dieser Judoanzug ist <strong>ideal f\u00fcr regelm\u00e4\u00dfiges Training<\/strong>, da er leicht ist und einen optimalen Tragekomfort bietet. Und schlie\u00dflich bietet es durch seinen taillierten Schnitt maximale Mobilit\u00e4t. Dies ist der ultimative <strong>Judoanzug f\u00fcr Wettk\u00e4mpfe <\/strong>.<\/p>\n<p>Dieser Judoanzug ist <strong>gemischtgeschlechtlich<\/strong>.<\/p>\n<p>Erh\u00e4ltlich in <strong>Standard Fit<\/strong> (klassischer Schnitt) und <strong>Large Fit<\/strong> (breiterer Schnitt). Der Large Fit Schnitt ist im Bereich des Bauchgurtes breiter. Bei einem 170cm Kimono hat dieser Kimono die L\u00e4nge eines 170cm Standard Fit, aber die Gr\u00f6\u00dfe im Bereich des Bauchgurtes entspricht einem <strong>175cm<\/strong> Standard Fit. <\/p>\n<p><strong>LF= 1 Gr\u00f6\u00dfe mehr am Bauch<\/strong><\/p>\n<p><strong>Wie w\u00e4hle ich die richtige Kimonogr\u00f6\u00dfe Fighting Films? <\/strong><\/p>\n<p>Wir empfehlen allen unseren Kundinnen und Kunden, einen Kimono <strong>5 cm kleiner als ihre K\u00f6rpergr\u00f6\u00dfe<\/strong> zu w\u00e4hlen. Wenn Sie <strong>1,70 m<\/strong> gro\u00df sind, sollten Sie sich eher f\u00fcr die <strong>165 cm<\/strong> entscheiden. Mit unserer Erfahrung und Kenntnis unserer Kimonos k\u00f6nnen wir Ihnen versichern, dass dies die richtige Methode ist, die Sie anwenden sollten.<\/p>\n<p><strong>Achtung!<\/strong> Mit den neuen IJF-Normen, die seit Januar 2023 eingef\u00fchrt wurden, wurde der Rock des Kimonos um <strong>5 cm<\/strong> verl\u00e4ngert, was einige Judoka st\u00f6ren k\u00f6nnte.<\/p>\n<h4 id=\"kurato_extension_modal\">Immer noch unsicher bei der Wahl der Judogi-Gr\u00f6\u00dfe? Entdecken Sie unseren <strong><a href=\"http:\/\/tinyurl.com\/2mjwnc4w\">Gr\u00f6\u00dfentabelle .<\/a><\/strong><\/h4>\n<div id=\"kurato_extension_modal\"><\/div>\n<div id=\"kurato_extension_modal\"><\/div>\n<div id=\"kurato_extension_modal\"><\/div>\n<div id=\"kurato_extension_modal\"><\/div>\n<div id=\"kurato_extension_modal\"><\/div>\n<div id=\"kurato_extension_modal\"><\/div>\n<div id=\"kurato_extension_modal\"><\/div>\n<div id=\"kurato_extension_modal\"><\/div>\n<div id=\"kurato_extension_modal\"><\/div>\n<div id=\"kurato_extension_modal\"><\/div>\n<div id=\"kurato_extension_modal\"><\/div>\n<div id=\"kurato_extension_modal\"><\/div>\n<div id=\"kurato_extension_modal\"><\/div>\n<div id=\"kurato_extension_modal\"><\/div>\n<div id=\"kurato_extension_modal\"><\/div>\n<div id=\"kurato_extension_modal\"><\/div>\n<div id=\"kurato_extension_modal\"><\/div>\n<div id=\"kurato_extension_modal\"><\/div>\n<div id=\"kurato_extension_modal\"><\/div>\n<div id=\"kurato_extension_modal\"><\/div>\n<div id=\"kurato_extension_modal\"><\/div>\n<div id=\"kurato_extension_modal\"><\/div>\n<div id=\"kurato_extension_modal\"><\/div>\n<div id=\"kurato_extension_modal\"><\/div>\n<div id=\"kurato_extension_modal\"><\/div>\n<div id=\"kurato_extension_modal\"><\/div>\n<div id=\"kurato_extension_modal\"><\/div>\n<div id=\"kurato_extension_modal\"><\/div>\n<div id=\"kurato_extension_modal\"><\/div>\n<div id=\"kurato_extension_modal\"><\/div>\n<div id=\"kurato_extension_modal\"><\/div>\n<div id=\"kurato_extension_modal\"><\/div>\n<div id=\"kurato_extension_modal\"><\/div>\n<div id=\"kurato_extension_modal\"><\/div>\n","protected":false},"featured_media":23026,"comment_status":"closed","ping_status":"closed","template":"","meta":[],"product_brand":[],"product_cat":[993,365],"product_tag":[],"giftcard-category":[],"class_list":{"0":"post-15007","1":"product","2":"type-product","3":"status-publish","4":"has-post-thumbnail","6":"product_cat-ijf-judoanzug","7":"product_cat-judo-kimonos","8":"product_shipping_class-kimono-black-label-superstar-de","10":"first","11":"instock","12":"featured","13":"taxable","14":"shipping-taxable","15":"purchasable","16":"product-type-variable"},"exclude_global_add_ons":[],"addons":[],"_links":{"self":[{"href":"https:\/\/fightingfilms.shop\/de\/wp-json\/wp\/v2\/product\/15007","targetHints":{"allow":["GET"]}}],"collection":[{"href":"https:\/\/fightingfilms.shop\/de\/wp-json\/wp\/v2\/product"}],"about":[{"href":"https:\/\/fightingfilms.shop\/de\/wp-json\/wp\/v2\/types\/product"}],"replies":[{"embeddable":true,"href":"https:\/\/fightingfilms.shop\/de\/wp-json\/wp\/v2\/comments?post=15007"}],"wp:featuredmedia":[{"embeddable":true,"href":"https:\/\/fightingfilms.shop\/de\/wp-json\/wp\/v2\/media\/23026"}],"wp:attachment":[{"href":"https:\/\/fightingfilms.shop\/de\/wp-json\/wp\/v2\/media?parent=15007"}],"wp:term":[{"taxonomy":"product_brand","embeddable":true,"href":"https:\/\/fightingfilms.shop\/de\/wp-json\/wp\/v2\/product_brand?post=15007"},{"taxonomy":"product_cat","embeddable":true,"href":"https:\/\/fightingfilms.shop\/de\/wp-json\/wp\/v2\/product_cat?post=15007"},{"taxonomy":"product_tag","embeddable":true,"href":"https:\/\/fightingfilms.shop\/de\/wp-json\/wp\/v2\/product_tag?post=15007"},{"taxonomy":"giftcard-category","embeddable":true,"href":"https:\/\/fightingfilms.shop\/de\/wp-json\/wp\/v2\/giftcard-category?post=15007"}],"curies":[{"name":"wp","href":"https:\/\/api.w.org\/{rel}","templated":true}]}}