{"id":15644,"date":"2023-12-08T15:48:37","date_gmt":"2023-12-08T14:48:37","guid":{"rendered":"https:\/\/www.fightingfilms.shop\/produit\/bestickter-judo-pullover\/"},"modified":"2024-03-20T14:56:36","modified_gmt":"2024-03-20T13:56:36","slug":"judo-pullover-brode","status":"publish","type":"product","link":"https:\/\/fightingfilms.shop\/de\/produit\/judo-pullover-brode\/","title":{"rendered":"bestickter Judo-Pullover"},"content":{"rendered":"<h2>Der bestickte Judo-Pullover Fighting Films<\/h2>\n<p>Entdecken Sie unseren neuen Judo-Pullover, der von Fighting Films bestickt wurde! Diese Pullover werden Sie warm durch den Winter bringen, mit einigen der mit Judo verbundenen W\u00f6rter auf das Herz gestickt.<\/p>\n<p>W\u00e4hlen Sie zwischen 3 Pulloverfarben: Grau, Braun, Schwarz<\/p>\n<p>Sie haben die Wahl zwischen vier Stickfarben: Wei\u00df, Schwarz, Rot und Gold.<\/p>\n<p>Unsere Pullover sind unisex und in den Gr\u00f6\u00dfen S bis XL erh\u00e4ltlich.<\/p>\n<p>W\u00e4hlen Sie das gew\u00fcnschte Wort aus, es wird sowohl auf Deutsch als auch auf Japanisch direkt darunter geschrieben.<\/p>\n<p>Unsere Judo-Pullover werden vor Ort in unserem Pariser Gesch\u00e4ft in der 1 rue des Messageries 75010 bestickt. Wir haben von Montag bis Freitag ge\u00f6ffnet und empfangen Sie mit offenen Armen, um Ihnen bei der Auswahl von <a href=\"https:\/\/www.fightingfilms.shop\/categorie\/kimonos\/kimonos-de-judo\/\">Judokimonos<\/a>, <a href=\"https:\/\/www.fightingfilms.shop\/categorie\/ceintures-de-judo\/\">Judog\u00fcrteln<\/a> oder auch bei der Personalisierung mit unseren Stickmaschinen zu helfen.<\/p>\n","protected":false},"excerpt":{"rendered":"<p>Entdecken Sie unsere Judo-Pullover, die im Herzbereich mit W\u00f6rtern aus dem Judo-Wortschatz bestickt sind!<\/p>\n<p>W\u00e4hlen Sie die Farbe Ihres Pullovers sowie die Stickerei, um einen einzigartigen Pullover zu erhalten.<\/p>\n<p>Erh\u00e4ltlich in den Gr\u00f6\u00dfen S bis XL.<\/p>\n","protected":false},"featured_media":32938,"comment_status":"closed","ping_status":"closed","template":"","meta":[],"product_brand":[],"product_cat":[354],"product_tag":[],"giftcard-category":[],"class_list":{"0":"post-15644","1":"product","2":"type-product","3":"status-publish","4":"has-post-thumbnail","6":"product_cat-judo-textilien","7":"product_shipping_class-zubehor","9":"first","10":"instock","11":"taxable","12":"shipping-taxable","13":"purchasable","14":"product-type-variable"},"exclude_global_add_ons":[],"addons":[],"_links":{"self":[{"href":"https:\/\/fightingfilms.shop\/de\/wp-json\/wp\/v2\/product\/15644","targetHints":{"allow":["GET"]}}],"collection":[{"href":"https:\/\/fightingfilms.shop\/de\/wp-json\/wp\/v2\/product"}],"about":[{"href":"https:\/\/fightingfilms.shop\/de\/wp-json\/wp\/v2\/types\/product"}],"replies":[{"embeddable":true,"href":"https:\/\/fightingfilms.shop\/de\/wp-json\/wp\/v2\/comments?post=15644"}],"wp:featuredmedia":[{"embeddable":true,"href":"https:\/\/fightingfilms.shop\/de\/wp-json\/wp\/v2\/media\/32938"}],"wp:attachment":[{"href":"https:\/\/fightingfilms.shop\/de\/wp-json\/wp\/v2\/media?parent=15644"}],"wp:term":[{"taxonomy":"product_brand","embeddable":true,"href":"https:\/\/fightingfilms.shop\/de\/wp-json\/wp\/v2\/product_brand?post=15644"},{"taxonomy":"product_cat","embeddable":true,"href":"https:\/\/fightingfilms.shop\/de\/wp-json\/wp\/v2\/product_cat?post=15644"},{"taxonomy":"product_tag","embeddable":true,"href":"https:\/\/fightingfilms.shop\/de\/wp-json\/wp\/v2\/product_tag?post=15644"},{"taxonomy":"giftcard-category","embeddable":true,"href":"https:\/\/fightingfilms.shop\/de\/wp-json\/wp\/v2\/giftcard-category?post=15644"}],"curies":[{"name":"wp","href":"https:\/\/api.w.org\/{rel}","templated":true}]}}