{"id":15740,"date":"2024-01-03T10:51:08","date_gmt":"2024-01-03T09:51:08","guid":{"rendered":"https:\/\/www.fightingfilms.shop\/?post_type=product&#038;p=15740"},"modified":"2024-01-17T13:04:48","modified_gmt":"2024-01-17T12:04:48","slug":"rashguard-cosmo-warrior-zero","status":"publish","type":"product","link":"https:\/\/fightingfilms.shop\/de\/produit\/rashguard-cosmo-warrior-zero\/","title":{"rendered":"Rashguard die Cosmowarrior Zero"},"content":{"rendered":"<p>Entdecke unser Rashguard Die Cosmowarrior Zero! Dieses einzigartige Rashguard wurde von der Hand des K\u00fcnstlers St\u00e9phane Ganneau entworfen und wird Sie bei Ihrem Training und Ihren Wettk\u00e4mpfen begleiten, damit Sie auf der Tatami einzigartig sind.<\/p>\n<p>Genie\u00dfen Sie ein schlichtes Design, das dennoch einen Hauch von Originalit\u00e4t vermittelt. Die Rashguard ist schwarz mit roten N\u00e4hten und einem Totenkopf auf dem R\u00fccken sowie am unteren Ende eines \u00c4rmels.<\/p>\n<p>Dieses technische Kompressionskleidungsst\u00fcck verschmilzt rebellischen Stil mit Funktionalit\u00e4t.<\/p>\n<p>Mit seinen verst\u00e4rkten N\u00e4hten, seiner Rei\u00dffestigkeit, seiner Dehnbarkeit und seiner W\u00e4rmeregulierung ist er der perfekte Verb\u00fcndete bei Ihrem Streben nach Meisterschaft auf der Tatami.<\/p>\n<p>Au\u00dferdem kommt sie mit einer personalisierten Fighting Films H\u00fclle mit dem Albator-Logo in Japanisch.<\/p>\n<p>Dieses Rashguard eignet sich f\u00fcr die Aus\u00fcbung aller Kampfsportarten und ist sowohl f\u00fcr M\u00e4nner als auch f\u00fcr Frauen geeignet.<\/p>\n<p>Er eignet sich sowohl f\u00fcr das brasilianische Jiu-Jitsu im No Gi als auch unter einem <a href=\"https:\/\/www.fightingfilms.shop\/categorie\/kimonos\/kimonos-de-judo\/\">Judo-<\/a> oder <a href=\"https:\/\/www.fightingfilms.shop\/produit\/kimono-de-jiu-jitsu-bresilien\/\">JJB-Kimono<\/a> getragen.<\/p>\n<p>Erh\u00e4ltlich in den Gr\u00f6\u00dfen XS bis XXL.<\/p>\n<p>&nbsp;<\/p>\n","protected":false},"excerpt":{"rendered":"<p>Der bekannteste aller Raumkorsaren Albator kommt in die Kampfsporthallen. Entdecken Sie den Rashguard Cosmowarrior Zer, den ersten Rashguard von Fighting Films.<\/p>\n<p>Dieses einzigartige Rashguard wurde von der Hand des K\u00fcnstlers St\u00e9phane Ganneau entworfen und wird Sie bei Ihrem Training und Ihren Wettk\u00e4mpfen begleiten, damit Sie auf der Tatami einzigartig sind.<\/p>\n<p>Offizielle Lizenz die Cosmowarrior Zero<\/p>\n<p>&nbsp;<\/p>\n","protected":false},"featured_media":19796,"comment_status":"closed","ping_status":"closed","template":"","meta":[],"product_brand":[],"product_cat":[403],"product_tag":[],"giftcard-category":[],"class_list":{"0":"post-15740","1":"product","2":"type-product","3":"status-publish","4":"has-post-thumbnail","6":"product_cat-jiu-jitsu-de","7":"product_shipping_class-zubehor","9":"first","10":"instock","11":"taxable","12":"shipping-taxable","13":"purchasable","14":"product-type-variable"},"exclude_global_add_ons":[],"addons":[],"_links":{"self":[{"href":"https:\/\/fightingfilms.shop\/de\/wp-json\/wp\/v2\/product\/15740","targetHints":{"allow":["GET"]}}],"collection":[{"href":"https:\/\/fightingfilms.shop\/de\/wp-json\/wp\/v2\/product"}],"about":[{"href":"https:\/\/fightingfilms.shop\/de\/wp-json\/wp\/v2\/types\/product"}],"replies":[{"embeddable":true,"href":"https:\/\/fightingfilms.shop\/de\/wp-json\/wp\/v2\/comments?post=15740"}],"wp:featuredmedia":[{"embeddable":true,"href":"https:\/\/fightingfilms.shop\/de\/wp-json\/wp\/v2\/media\/19796"}],"wp:attachment":[{"href":"https:\/\/fightingfilms.shop\/de\/wp-json\/wp\/v2\/media?parent=15740"}],"wp:term":[{"taxonomy":"product_brand","embeddable":true,"href":"https:\/\/fightingfilms.shop\/de\/wp-json\/wp\/v2\/product_brand?post=15740"},{"taxonomy":"product_cat","embeddable":true,"href":"https:\/\/fightingfilms.shop\/de\/wp-json\/wp\/v2\/product_cat?post=15740"},{"taxonomy":"product_tag","embeddable":true,"href":"https:\/\/fightingfilms.shop\/de\/wp-json\/wp\/v2\/product_tag?post=15740"},{"taxonomy":"giftcard-category","embeddable":true,"href":"https:\/\/fightingfilms.shop\/de\/wp-json\/wp\/v2\/giftcard-category?post=15740"}],"curies":[{"name":"wp","href":"https:\/\/api.w.org\/{rel}","templated":true}]}}