{"id":16153,"date":"2024-01-04T17:24:21","date_gmt":"2024-01-04T16:24:21","guid":{"rendered":"https:\/\/www.fightingfilms.shop\/produit\/judo-kimono-hose-ijf\/"},"modified":"2024-01-04T17:24:21","modified_gmt":"2024-01-04T16:24:21","slug":"judo-kimono-hose-ijf","status":"publish","type":"product","link":"https:\/\/fightingfilms.shop\/de\/produit\/judo-kimono-hose-ijf\/","title":{"rendered":"Judo-Kimono-Hose IJF"},"content":{"rendered":"<p>Die Judo-Kimono-Hose<a href=\"https:\/\/www.google.com\/search?sca_esv=595707050&amp;rlz=1C5CHFA_enFR1086FR1086&amp;sxsrf=AM9HkKlCdnl6SbjSifT02cdcn7Ur4dzmlA:1704387074770&amp;q=normes+ijf+kimonos&amp;tbm=vid&amp;source=lnms&amp;sa=X&amp;ved=2ahUKEwj6xJrRmMSDAxXSV6QEHWmBACQQ0pQJegQICxAB&amp;biw=1381&amp;bih=688&amp;dpr=2#fpstate=ive&amp;vld=cid:c3e7881b,vid:dnEV5yjAsFY,st:0\" rel=\"nofollow noopener\" target=\"_blank\"> IJF<\/a> Fighting Films ist zum Kauf erh\u00e4ltlich! Sie m\u00f6chten Ihre Hose wechseln, aber Ihre aktuelle Judogi-Jacke behalten?<\/p>\n<p>Keine Sorge, besorgen Sie sich nur den Hosenboden, entweder in Wei\u00df oder in Blau.<\/p>\n<p>Diese Hose entspricht den IJF-Standards und ist die gleiche Hose, die beim Kauf eines <a href=\"https:\/\/www.fightingfilms.shop\/produit\/kimono-superstar-650gr-ijf\/\">Superstar 650 Gr IJF Judo-Kimonos<\/a> oder eines <a href=\"https:\/\/www.fightingfilms.shop\/produit\/pantalon-de-kimono-superstar-750-gr-ijf\/\">Superstar 750 Gr IJF Judo-Kimonos<\/a> mitgeliefert wird.<\/p>\n<p>Unsere Hosen gibt es in den Gr\u00f6\u00dfen 160 cm bis 175 cm und in den Farben Wei\u00df und Blau.<\/p>\n<p>Die IJF Judo-Kimono-Hose besteht wie die IJF Judogi-Jacken zu 70% aus Baumwolle und zu 30% aus Polyester.<\/p>\n<p>Die Hose kann in der Taille mit einer Kordel festgezogen werden. $<\/p>\n<p>Sie kann auch im Alltag au\u00dferhalb der Tatami getragen werden, f\u00fcr Menschen, die weite, bequeme Hosen sch\u00e4tzen.<\/p>\n","protected":false},"excerpt":{"rendered":"<p>Die IJF Fighting Films <strong>Judo-Kimono-Hose<\/strong> ist f\u00fcr Judokas erh\u00e4ltlich, die ihre Ausr\u00fcstung erneuern m\u00f6chten, ohne ihre Kimono-Jacke zu wechseln.<\/p>\n<p>Erh\u00e4ltlich in Wei\u00df und Blau und von 160 bis 175 cm.<\/p>\n<p>&nbsp;<\/p>\n","protected":false},"featured_media":15820,"comment_status":"","ping_status":"closed","template":"","meta":[],"product_brand":[],"product_cat":[993,365],"product_tag":[],"giftcard-category":[],"class_list":{"0":"post-16153","1":"product","2":"type-product","3":"status-publish","4":"has-post-thumbnail","6":"product_cat-ijf-judoanzug","7":"product_cat-judo-kimonos","8":"product_shipping_class-kimono-kinderred-label","10":"first","11":"instock","12":"taxable","13":"shipping-taxable","14":"purchasable","15":"product-type-variable"},"exclude_global_add_ons":[],"addons":[],"_links":{"self":[{"href":"https:\/\/fightingfilms.shop\/de\/wp-json\/wp\/v2\/product\/16153","targetHints":{"allow":["GET"]}}],"collection":[{"href":"https:\/\/fightingfilms.shop\/de\/wp-json\/wp\/v2\/product"}],"about":[{"href":"https:\/\/fightingfilms.shop\/de\/wp-json\/wp\/v2\/types\/product"}],"replies":[{"embeddable":true,"href":"https:\/\/fightingfilms.shop\/de\/wp-json\/wp\/v2\/comments?post=16153"}],"wp:featuredmedia":[{"embeddable":true,"href":"https:\/\/fightingfilms.shop\/de\/wp-json\/wp\/v2\/media\/15820"}],"wp:attachment":[{"href":"https:\/\/fightingfilms.shop\/de\/wp-json\/wp\/v2\/media?parent=16153"}],"wp:term":[{"taxonomy":"product_brand","embeddable":true,"href":"https:\/\/fightingfilms.shop\/de\/wp-json\/wp\/v2\/product_brand?post=16153"},{"taxonomy":"product_cat","embeddable":true,"href":"https:\/\/fightingfilms.shop\/de\/wp-json\/wp\/v2\/product_cat?post=16153"},{"taxonomy":"product_tag","embeddable":true,"href":"https:\/\/fightingfilms.shop\/de\/wp-json\/wp\/v2\/product_tag?post=16153"},{"taxonomy":"giftcard-category","embeddable":true,"href":"https:\/\/fightingfilms.shop\/de\/wp-json\/wp\/v2\/giftcard-category?post=16153"}],"curies":[{"name":"wp","href":"https:\/\/api.w.org\/{rel}","templated":true}]}}