{"id":17031,"date":"2022-11-03T14:52:01","date_gmt":"2022-11-03T13:52:01","guid":{"rendered":"https:\/\/www.fightingfilms.shop\/produit\/tatami-i-tis-training-by-trocellen\/"},"modified":"2022-11-03T14:52:01","modified_gmt":"2022-11-03T13:52:01","slug":"tatami-i-tis-training-by-trocellen","status":"publish","type":"product","link":"https:\/\/fightingfilms.shop\/de\/produit\/tatami-i-tis-training-by-trocellen\/","title":{"rendered":"Tatami I-TIS Training by Trocellen"},"content":{"rendered":"<p>Die Tatami I-TIS Training by Trocellen ist in jeder ihrer Eigenschaften innovativ und revolution\u00e4r. Sie wurde f\u00fcr intensives Training f\u00fcr Disziplinen wie <strong>Judo<\/strong>, <strong>Grappling<\/strong>, <strong>MMA<\/strong>, <strong>Brazilian Jiujitsu<\/strong> und alle anderen Kampfsportarten, die eine leistungsstarke Trainingsfl\u00e4che erfordern, getestet und f\u00fcr gut befunden.<\/p>\n<p>Diese Tatami ist ideal f\u00fcr Judovereine. Es entspricht n\u00e4mlich nicht den IJF-Normen und ist daher nicht f\u00fcr gro\u00dfe Wettk\u00e4mpfe geeignet. Dennoch ist es immer noch sehr qualitativ und eignet sich hervorragend f\u00fcr Judovereine.<\/p>\n<p>Ausgestattet mit einem patentierten, <strong>unsichtbaren Aufh\u00e4ngesystem<\/strong>, das die Platten zusammenh\u00e4lt, ist die I-TIS IJF training Matte die ideale Tatami f\u00fcr jede Art von Aktivit\u00e4t. Au\u00dferdem ben\u00f6tigt der installierte Bereich keine zus\u00e4tzlichen Rahmen.<\/p>\n<p>Dank seines <strong>geringen Gewichts<\/strong> ist er leicht zu verlegen, l\u00e4sst keine L\u00fccken zwischen den Matten entstehen und verrutscht im Gegensatz zu anderen herk\u00f6mmlichen Matten nicht. Schlie\u00dflich machen die von dieser Matte garantierte <strong>Sicherheit<\/strong> und das innovative unsichtbare Aufh\u00e4ngesystem sie zur sichersten und stabilsten Tatami auf dem Markt. Er kann <strong>in jede Sporthalle passen<\/strong>.<\/p>\n<h2><strong>Das Tatami I-TIS training bietet:<\/strong><\/h2>\n<ul>\n<li>Leicht, wasserdicht und sicher<\/li>\n<li>Hohe Leistung, die durch st\u00e4ndige Kontrollen, Messungen und Tests garantiert wird<\/li>\n<li>Maximale Konformit\u00e4t &#8211; Produkt als geeignet f\u00fcr intensive Nutzung anerkannt<\/li>\n<li>Feuerwiderstand &#8211; zertifiziert nach Euroklasse E<\/li>\n<li>M\u00f6glichkeit der Personalisierung mit Logo und verschiedenen Farben<\/li>\n<\/ul>\n<p><em>Verf\u00fcgbare Gr\u00f6\u00dfen:<\/em> <strong>200cm x 100cm x 4cm <\/strong>oder<strong> 200cm x 100cm x 5cm<\/strong><\/p>\n<p>Der Erfolg der Tatamis by Trocellen im Bereich der Matten f\u00fcr Kampfsportarten beruht auf den perfekten Eigenschaften des Produkts. Entsprechen den Bed\u00fcrfnissen des Sportlers und bieten dank des patentierten unsichtbaren Aufh\u00e4ngesystems Flexibilit\u00e4t und eine einfache Installation.<\/p>\n<p>&nbsp;<\/p>\n<p>Schlie\u00dflich leiten Sie einen Judoclub? Profitieren Sie von 20% Rabatt auf alle unsere Judo-Kimonos und 15% auf Zubeh\u00f6r, indem Sie sich gleich hier ein Clubkonto einrichten: https: <a href=\"https:\/\/www.fightingfilms.shop\/inscriptions\/\">\/\/www.fightingfilms.shop\/inscriptions\/<\/a><\/p>\n<p>Wenn Sie mehr \u00fcber unsere Partnerschaften mit Clubs erfahren m\u00f6chten, kontaktieren Sie uns bitte per E-Mail: contact@fightingfilms.fr .<\/p>\n","protected":false},"excerpt":{"rendered":"<p>Entdecken Sie unser Modell der Tatami I-ITS Training, der Judomatten, die speziell f\u00fcr Vereine entwickelt wurden. Ihr geringes Gewicht, das unsichtbare Aufh\u00e4ngesystem und ihre Widerstandsf\u00e4higkeit machen sie zu einer der besten Judo Tatamis auf dem Markt!<\/p>\n<p>Die Tatami I-TIS Competition IJF by ProGame <strong>wurde f\u00fcr intensives Training<\/strong> f\u00fcr Disziplinen wie Judo, Grappling, MMA, Brazilian Jiujitsu und alle anderen Kampfsportarten, die eine leistungsf\u00e4hige Trainingsfl\u00e4che erfordern, getestet und zugelassen.<\/p>\n<p><strong>MINDESTBESTELLUNG: 40 St\u00fcck<\/strong><\/p>\n<p><strong>Verf\u00fcgbare Farben: Gelb, Rot, Blau, Gr\u00fcn, Schwarz<\/strong><\/p>\n<p><em>Verf\u00fcgbare Gr\u00f6\u00dfen:<\/em> <strong>200cm x 100cm x 4cm <\/strong>oder<strong> 200cm x 100cm x 5cm<\/strong><\/p>\n<p>Lieferzeit : <em><strong>8 Wochen<\/strong><\/em><\/p>\n","protected":false},"featured_media":12295,"comment_status":"","ping_status":"closed","template":"","meta":[],"product_brand":[],"product_cat":[306,340],"product_tag":[],"giftcard-category":[],"class_list":{"0":"post-17031","1":"product","2":"type-product","3":"status-publish","4":"has-post-thumbnail","6":"product_cat-pour-les-clubs-de","7":"product_cat-judo-zubehor","9":"first","10":"instock","11":"taxable","12":"shipping-taxable","13":"product-type-external"},"exclude_global_add_ons":[],"addons":[],"_links":{"self":[{"href":"https:\/\/fightingfilms.shop\/de\/wp-json\/wp\/v2\/product\/17031","targetHints":{"allow":["GET"]}}],"collection":[{"href":"https:\/\/fightingfilms.shop\/de\/wp-json\/wp\/v2\/product"}],"about":[{"href":"https:\/\/fightingfilms.shop\/de\/wp-json\/wp\/v2\/types\/product"}],"replies":[{"embeddable":true,"href":"https:\/\/fightingfilms.shop\/de\/wp-json\/wp\/v2\/comments?post=17031"}],"wp:featuredmedia":[{"embeddable":true,"href":"https:\/\/fightingfilms.shop\/de\/wp-json\/wp\/v2\/media\/12295"}],"wp:attachment":[{"href":"https:\/\/fightingfilms.shop\/de\/wp-json\/wp\/v2\/media?parent=17031"}],"wp:term":[{"taxonomy":"product_brand","embeddable":true,"href":"https:\/\/fightingfilms.shop\/de\/wp-json\/wp\/v2\/product_brand?post=17031"},{"taxonomy":"product_cat","embeddable":true,"href":"https:\/\/fightingfilms.shop\/de\/wp-json\/wp\/v2\/product_cat?post=17031"},{"taxonomy":"product_tag","embeddable":true,"href":"https:\/\/fightingfilms.shop\/de\/wp-json\/wp\/v2\/product_tag?post=17031"},{"taxonomy":"giftcard-category","embeddable":true,"href":"https:\/\/fightingfilms.shop\/de\/wp-json\/wp\/v2\/giftcard-category?post=17031"}],"curies":[{"name":"wp","href":"https:\/\/api.w.org\/{rel}","templated":true}]}}