{"id":17409,"date":"2022-09-14T11:10:31","date_gmt":"2022-09-14T09:10:31","guid":{"rendered":"https:\/\/www.fightingfilms.shop\/produit\/judo-tatami-performance\/"},"modified":"2022-09-14T11:10:31","modified_gmt":"2022-09-14T09:10:31","slug":"judo-tatami-performance","status":"publish","type":"product","link":"https:\/\/fightingfilms.shop\/de\/produit\/judo-tatami-performance\/","title":{"rendered":"Judo Tatami Performance"},"content":{"rendered":"<p>Die Judo Tatami Performance wird nach den h\u00f6chsten Spezifikationen hergestellt.<\/p>\n<p>Die Performance-Tatami eignet sich hervorragend f\u00fcr Vereine mit vielen Lizenznehmern. Durch ihr geringes Gewicht k\u00f6nnen sie leichter bewegt werden als die Olympic Tatamis. Aber er beh\u00e4lt eine sehr gute Widerstandsf\u00e4higkeit und Robustheit, um Judokas jeden Alters viele Jahre lang zu beherbergen.<\/p>\n<p>Aus hochwertigem Vinyl mit Reisstroh-Muster, das speziell impr\u00e4gniert wurde, um Risse zu vermeiden und \u00fcber viele Jahre hinweg flexibel zu bleiben. Die Matten haben eine rutschfeste Mikrozellenunterlage mit hei\u00dfversiegelten Ecken.<\/p>\n<p><strong>Die Judo Tatami Performance hat eine Dichte von 200 bis 210 kg\/m3.<\/strong><\/p>\n<p>Im Gegensatz zu vielen billigeren Imitationen ist die Tatami Fighting Films auf Langlebigkeit ausgelegt. Einige unserer Kunden benutzen noch 30 Jahre alte Judo Tatami Fighting Films, ohne dass das Vinyl rei\u00dft oder die rutschfeste Unterlage abbl\u00e4ttert.<\/p>\n<p>Unsere Tatamis entsprechen der <a href=\"https:\/\/www.ffjudo.com\/uploads\/elfinder\/ESPACE-SERVICE-INTERNET\/Construire%20un%20dojo\/5_10%20Salles%20de%20judo.pdf\" rel=\"nofollow noopener\" target=\"_blank\">europ\u00e4ischen Norm EN 12503-3<\/a>.<\/p>\n<p>Bei den Commonwealth-Spielen 2022 wurden Fighting Films-Matten verwendet, die die Qualit\u00e4t unserer Tatami-Matten unter Beweis stellen.<\/p>\n<p>Die Matten sind in den Standardgr\u00f6\u00dfen von : 2m x 1m und 1m x 1m beide mit einer Dicke von 40mm.<\/p>\n<p>Nachdem Sie die Dichte nach Ihren Bed\u00fcrfnissen ausgew\u00e4hlt haben, w\u00e4hlen Sie aus einer breiten Palette von Farben. Au\u00dferdem stehen zwei Tatamigr\u00f6\u00dfen zur Verf\u00fcgung.<\/p>\n<p>Entdecken Sie unsere anderen Judo-Produkte Fighting Films, <a href=\"https:\/\/www.fightingfilms.shop\/categorie-produit\/kimonos-de-judo\/\">Judo-Kimonos<\/a>, Judo-Zubeh\u00f6r oder auch Textilien.<\/p>\n","protected":false},"excerpt":{"rendered":"<p>Die Judo Tatami Fighting Films wird nach den h\u00f6chsten Spezifikationen aus einem hochwertigen <strong>Vinyl<\/strong> mit <strong>Reisstroh-Muster<\/strong> hergestellt, das speziell impr\u00e4gniert wurde, um Risse zu vermeiden und \u00fcber viele Jahre hinweg flexibel zu bleiben. Die Matten haben eine <strong>rutschfeste<\/strong> mikrozellul\u00e4re Unterlage mit hei\u00dfversiegelten Ecken.<\/p>\n<p>Die Performance-Tatami eignet sich hervorragend f\u00fcr Vereine mit vielen Lizenznehmern. Durch ihr geringes Gewicht k\u00f6nnen sie leichter bewegt werden als die Olympic Tatamis. Aber er beh\u00e4lt eine sehr gute Widerstandsf\u00e4higkeit und Robustheit, um Judokas jeden Alters viele Jahre lang zu beherbergen.<\/p>\n<p><strong>Performance-Tatami hat eine Dichte von 200 bis 210 kg\/m3.<\/strong><\/p>\n","protected":false},"featured_media":12236,"comment_status":"","ping_status":"closed","template":"","meta":[],"product_brand":[],"product_cat":[306],"product_tag":[],"giftcard-category":[],"class_list":{"0":"post-17409","1":"product","2":"type-product","3":"status-publish","4":"has-post-thumbnail","6":"product_cat-pour-les-clubs-de","7":"product_shipping_class-judo-tatami","9":"first","10":"outofstock","11":"taxable","12":"shipping-taxable","13":"purchasable","14":"product-type-variable"},"exclude_global_add_ons":[],"addons":[],"_links":{"self":[{"href":"https:\/\/fightingfilms.shop\/de\/wp-json\/wp\/v2\/product\/17409","targetHints":{"allow":["GET"]}}],"collection":[{"href":"https:\/\/fightingfilms.shop\/de\/wp-json\/wp\/v2\/product"}],"about":[{"href":"https:\/\/fightingfilms.shop\/de\/wp-json\/wp\/v2\/types\/product"}],"replies":[{"embeddable":true,"href":"https:\/\/fightingfilms.shop\/de\/wp-json\/wp\/v2\/comments?post=17409"}],"wp:featuredmedia":[{"embeddable":true,"href":"https:\/\/fightingfilms.shop\/de\/wp-json\/wp\/v2\/media\/12236"}],"wp:attachment":[{"href":"https:\/\/fightingfilms.shop\/de\/wp-json\/wp\/v2\/media?parent=17409"}],"wp:term":[{"taxonomy":"product_brand","embeddable":true,"href":"https:\/\/fightingfilms.shop\/de\/wp-json\/wp\/v2\/product_brand?post=17409"},{"taxonomy":"product_cat","embeddable":true,"href":"https:\/\/fightingfilms.shop\/de\/wp-json\/wp\/v2\/product_cat?post=17409"},{"taxonomy":"product_tag","embeddable":true,"href":"https:\/\/fightingfilms.shop\/de\/wp-json\/wp\/v2\/product_tag?post=17409"},{"taxonomy":"giftcard-category","embeddable":true,"href":"https:\/\/fightingfilms.shop\/de\/wp-json\/wp\/v2\/giftcard-category?post=17409"}],"curies":[{"name":"wp","href":"https:\/\/api.w.org\/{rel}","templated":true}]}}