{"id":18587,"date":"2021-06-10T18:53:15","date_gmt":"2021-06-10T16:53:15","guid":{"rendered":"https:\/\/www.fightingfilms.shop\/produit\/mini-kimono-de-decoration-fighting-films\/"},"modified":"2021-06-10T18:53:15","modified_gmt":"2021-06-10T16:53:15","slug":"mini-kimono-de-decoration-fighting-films","status":"publish","type":"product","link":"https:\/\/fightingfilms.shop\/de\/produit\/mini-kimono-de-decoration-fighting-films\/","title":{"rendered":"Mini-kimono de d\u00e9coration Fighting Films"},"content":{"rendered":"<p>Le mini kimono Fighting Films, la meilleure id\u00e9e de cadeau pour les petits budgets !<\/p>\n<p>Disponible en bleu et en blanc.<\/p>\n<ul>\n<li>Votre kimono accroch\u00e9 dans votre voiture<\/li>\n<li>Bonne id\u00e9e cadeau !<\/li>\n<\/ul>\n","protected":false},"excerpt":{"rendered":"<p>Petit kimono de d\u00e9coration. Montrez \u00e0 tout le monde que vous \u00eates judoka !<\/p>\n","protected":false},"featured_media":12158,"comment_status":"","ping_status":"closed","template":"","meta":[],"product_brand":[],"product_cat":[340],"product_tag":[],"giftcard-category":[],"class_list":{"0":"post-18587","1":"product","2":"type-product","3":"status-publish","4":"has-post-thumbnail","6":"product_cat-judo-zubehor","7":"product_shipping_class-kleines-zubehor","9":"first","10":"instock","11":"taxable","12":"shipping-taxable","13":"purchasable","14":"product-type-variable"},"exclude_global_add_ons":[],"addons":[],"_links":{"self":[{"href":"https:\/\/fightingfilms.shop\/de\/wp-json\/wp\/v2\/product\/18587","targetHints":{"allow":["GET"]}}],"collection":[{"href":"https:\/\/fightingfilms.shop\/de\/wp-json\/wp\/v2\/product"}],"about":[{"href":"https:\/\/fightingfilms.shop\/de\/wp-json\/wp\/v2\/types\/product"}],"replies":[{"embeddable":true,"href":"https:\/\/fightingfilms.shop\/de\/wp-json\/wp\/v2\/comments?post=18587"}],"wp:featuredmedia":[{"embeddable":true,"href":"https:\/\/fightingfilms.shop\/de\/wp-json\/wp\/v2\/media\/12158"}],"wp:attachment":[{"href":"https:\/\/fightingfilms.shop\/de\/wp-json\/wp\/v2\/media?parent=18587"}],"wp:term":[{"taxonomy":"product_brand","embeddable":true,"href":"https:\/\/fightingfilms.shop\/de\/wp-json\/wp\/v2\/product_brand?post=18587"},{"taxonomy":"product_cat","embeddable":true,"href":"https:\/\/fightingfilms.shop\/de\/wp-json\/wp\/v2\/product_cat?post=18587"},{"taxonomy":"product_tag","embeddable":true,"href":"https:\/\/fightingfilms.shop\/de\/wp-json\/wp\/v2\/product_tag?post=18587"},{"taxonomy":"giftcard-category","embeddable":true,"href":"https:\/\/fightingfilms.shop\/de\/wp-json\/wp\/v2\/giftcard-category?post=18587"}],"curies":[{"name":"wp","href":"https:\/\/api.w.org\/{rel}","templated":true}]}}