{"id":19440,"date":"2022-09-07T17:18:27","date_gmt":"2022-09-07T15:18:27","guid":{"rendered":"https:\/\/www.fightingfilms.shop\/produit\/judogi-sokuteiki-ijf\/"},"modified":"2024-07-22T14:46:24","modified_gmt":"2024-07-22T12:46:24","slug":"judogi-sokuteiki-ijf","status":"publish","type":"product","link":"https:\/\/fightingfilms.shop\/de\/produit\/judogi-sokuteiki-ijf\/","title":{"rendered":"Judogi Sokuteiki IJF"},"content":{"rendered":"<p>Der Judogi sokuteiki <a href=\"http:\/\/ijf.org\" rel=\"nofollow noopener\" target=\"_blank\">IJF<\/a>, ist das Messger\u00e4t, mit dem \u00fcberpr\u00fcft wird, ob der <a href=\"https:\/\/www.fightingfilms.shop\/categorie-produit\/kimonos-de-judo\/\">Judogi<\/a> und der G\u00fcrtel den Judogi-Regeln der IJF entsprechen.<\/p>\n<p>Wird mit einer Schutztasche und einer vollst\u00e4ndigen und genauen Anleitung zum Messen des Judogis geliefert.<\/p>\n<p>Er kann f\u00fcr Vereine, weniger erfahrene Judoka, die mit Judo beginnen und sich nicht sicher sind, welche Judogi-Gr\u00f6\u00dfe sie w\u00e4hlen sollen, verwendet werden. Mit diesem Tool k\u00f6nnen Sie alle Zweifel beseitigen!<\/p>\n<p>Er beseitigt Zweifel und gibt Ihnen Zuversicht, bevor Sie vor dem gro\u00dfen Turnier zur Judogi-Kontrolle gehen.<\/p>\n<p>Jeder <a href=\"https:\/\/www.fightingfilms.shop\/meilleurs-clubs-judo-grandes-villes\/\">Judoverein<\/a> sollte seinen Judogi sokuteiki IJF haben!<\/p>\n<p>Entdecken Sie unsere verschiedenen <a href=\"https:\/\/www.fightingfilms.shop\/categorie-produit\/kimonos-de-judo\/\">Judokimono-Serien<\/a>.<\/p>\n<div id=\"kurato_extension_modal\"><\/div>\n","protected":false},"excerpt":{"rendered":"<p>Judogi Sokuteiki IJF ist das offizielle Messinstrument, das bei allen internationalen Wettk\u00e4mpfen verwendet wird. Mit diesem Tool kann \u00fcberpr\u00fcft werden, ob der vom Athleten getragene Judogi den IJF-Normen entspricht.<\/p>\n<p>Er kann von allen Vereinen verwendet werden, um eine Vorstellung davon zu bekommen, wie gro\u00df der Kimono jedes Judokas in Ihrem Verein sein sollte.<\/p>\n<div id=\"kurato_extension_modal\"><\/div>\n","protected":false},"featured_media":27146,"comment_status":"","ping_status":"closed","template":"","meta":[],"product_brand":[],"product_cat":[340],"product_tag":[],"giftcard-category":[],"class_list":{"0":"post-19440","1":"product","2":"type-product","3":"status-publish","4":"has-post-thumbnail","6":"product_cat-judo-zubehor","7":"product_shipping_class-gurtel-oder-tasse","9":"first","10":"outofstock","11":"taxable","12":"shipping-taxable","13":"purchasable","14":"product-type-simple"},"exclude_global_add_ons":[],"addons":[],"_links":{"self":[{"href":"https:\/\/fightingfilms.shop\/de\/wp-json\/wp\/v2\/product\/19440","targetHints":{"allow":["GET"]}}],"collection":[{"href":"https:\/\/fightingfilms.shop\/de\/wp-json\/wp\/v2\/product"}],"about":[{"href":"https:\/\/fightingfilms.shop\/de\/wp-json\/wp\/v2\/types\/product"}],"replies":[{"embeddable":true,"href":"https:\/\/fightingfilms.shop\/de\/wp-json\/wp\/v2\/comments?post=19440"}],"wp:featuredmedia":[{"embeddable":true,"href":"https:\/\/fightingfilms.shop\/de\/wp-json\/wp\/v2\/media\/27146"}],"wp:attachment":[{"href":"https:\/\/fightingfilms.shop\/de\/wp-json\/wp\/v2\/media?parent=19440"}],"wp:term":[{"taxonomy":"product_brand","embeddable":true,"href":"https:\/\/fightingfilms.shop\/de\/wp-json\/wp\/v2\/product_brand?post=19440"},{"taxonomy":"product_cat","embeddable":true,"href":"https:\/\/fightingfilms.shop\/de\/wp-json\/wp\/v2\/product_cat?post=19440"},{"taxonomy":"product_tag","embeddable":true,"href":"https:\/\/fightingfilms.shop\/de\/wp-json\/wp\/v2\/product_tag?post=19440"},{"taxonomy":"giftcard-category","embeddable":true,"href":"https:\/\/fightingfilms.shop\/de\/wp-json\/wp\/v2\/giftcard-category?post=19440"}],"curies":[{"name":"wp","href":"https:\/\/api.w.org\/{rel}","templated":true}]}}