{"id":19441,"date":"2022-09-13T13:01:39","date_gmt":"2022-09-13T11:01:39","guid":{"rendered":"https:\/\/www.fightingfilms.shop\/produit\/judo-tatami-standard\/"},"modified":"2022-09-13T13:01:39","modified_gmt":"2022-09-13T11:01:39","slug":"judo-tatami-standard","status":"publish","type":"product","link":"https:\/\/fightingfilms.shop\/de\/produit\/judo-tatami-standard\/","title":{"rendered":"Judo Tatami Standard"},"content":{"rendered":"<p>Die Judo Tatami Standard wird nach den h\u00f6chsten Spezifikationen hergestellt.<\/p>\n<p>Diese Einsteigertatami bleibt von guter Qualit\u00e4t. Es kann sowohl f\u00fcr Ihre Dojos verwendet werden. Sie wird den vielen Trainingsstunden Ihrer Judokas oder Athleten anderer Kampfsportarten jahrelang standhalten! Diese Art von Tatami eignet sich hervorragend f\u00fcr diejenigen, die sich zu Hause mit einer Tatami ausstatten m\u00f6chten .<\/p>\n<p>Aus hochwertigem Vinyl mit Reisstroh-Muster, das speziell impr\u00e4gniert wurde, um Risse zu vermeiden und \u00fcber viele Jahre hinweg flexibel zu bleiben. Die Matten haben eine rutschfeste Mikrozellenunterlage mit hei\u00dfversiegelten Ecken.<\/p>\n<p><strong>Die Standard-Judo-Matte hat eine Dichte von 230 bis 240 kg\/m3.<\/strong><\/p>\n<p>Im Gegensatz zu vielen billigeren Imitationen ist die Tatami Fighting Films auf Langlebigkeit ausgelegt. Tats\u00e4chlich benutzen einige unserer Kunden noch 30 Jahre alte Judo Tatami Fighting Films, ohne dass das Vinyl rei\u00dft oder die rutschfeste Unterlage abbl\u00e4ttert.<\/p>\n<p>Unsere Tatamis entsprechen der <a href=\"https:\/\/www.ffjudo.com\/uploads\/elfinder\/ESPACE-SERVICE-INTERNET\/Construire%20un%20dojo\/5_10%20Salles%20de%20judo.pdf\" rel=\"nofollow noopener\" target=\"_blank\">europ\u00e4ischen Norm EN 12503-3<\/a>.<\/p>\n<p>Bei den Commonwealth Games 2022 wurden n\u00e4mlich die Matten von Fighting Films verwendet, was die Qualit\u00e4t unserer Tatami-Matten beweist.<\/p>\n<p>Die Matten sind in den Standardgr\u00f6\u00dfen von : 2m x 1m und 1m x 1m beide mit einer Dicke von 40mm.<\/p>\n<p>Nachdem Sie die Dichte nach Ihren Bed\u00fcrfnissen ausgew\u00e4hlt haben, w\u00e4hlen Sie aus einer breiten Palette von Farben. Au\u00dferdem stehen zwei Tatamigr\u00f6\u00dfen zur Verf\u00fcgung.<\/p>\n<p>Entdecken Sie unsere anderen Judo-Produkte Fighting Films, <a href=\"https:\/\/www.fightingfilms.shop\/categorie-produit\/kimonos-de-judo\/\">Judo-Kimonos<\/a>, Judo-Zubeh\u00f6r oder auch Textilien.<\/p>\n","protected":false},"excerpt":{"rendered":"<p>Die Judo Tatami Fighting Films wird nach den h\u00f6chsten Spezifikationen aus einem hochwertigen <strong>Vinyl<\/strong> mit <strong>Reisstroh-Muster<\/strong> hergestellt, das speziell impr\u00e4gniert wurde, um Risse zu vermeiden und \u00fcber viele Jahre hinweg flexibel zu bleiben. Die Matten haben eine <strong>rutschfeste<\/strong> mikrozellul\u00e4re Unterlage mit hei\u00dfversiegelten Ecken.<\/p>\n<p>Diese Einsteigertatami bleibt von guter Qualit\u00e4t. Es kann sowohl f\u00fcr Ihre Dojos verwendet werden. Sie wird den vielen Trainingsstunden Ihrer Judokas oder Athleten anderer Kampfsportarten jahrelang standhalten! Diese Art von Tatami eignet sich hervorragend f\u00fcr diejenigen, die sich zu Hause mit einer Tatami ausstatten m\u00f6chten .<\/p>\n<p><strong>Standard-Tatami hat eine Dichte von 230 bis 240 kg\/m3.<\/strong><\/p>\n","protected":false},"featured_media":12228,"comment_status":"","ping_status":"closed","template":"","meta":[],"product_brand":[],"product_cat":[306],"product_tag":[],"giftcard-category":[],"class_list":{"0":"post-19441","1":"product","2":"type-product","3":"status-publish","4":"has-post-thumbnail","6":"product_cat-pour-les-clubs-de","7":"product_shipping_class-judo-tatami","9":"first","10":"outofstock","11":"taxable","12":"shipping-taxable","13":"purchasable","14":"product-type-variable"},"exclude_global_add_ons":[],"addons":[],"_links":{"self":[{"href":"https:\/\/fightingfilms.shop\/de\/wp-json\/wp\/v2\/product\/19441","targetHints":{"allow":["GET"]}}],"collection":[{"href":"https:\/\/fightingfilms.shop\/de\/wp-json\/wp\/v2\/product"}],"about":[{"href":"https:\/\/fightingfilms.shop\/de\/wp-json\/wp\/v2\/types\/product"}],"replies":[{"embeddable":true,"href":"https:\/\/fightingfilms.shop\/de\/wp-json\/wp\/v2\/comments?post=19441"}],"wp:featuredmedia":[{"embeddable":true,"href":"https:\/\/fightingfilms.shop\/de\/wp-json\/wp\/v2\/media\/12228"}],"wp:attachment":[{"href":"https:\/\/fightingfilms.shop\/de\/wp-json\/wp\/v2\/media?parent=19441"}],"wp:term":[{"taxonomy":"product_brand","embeddable":true,"href":"https:\/\/fightingfilms.shop\/de\/wp-json\/wp\/v2\/product_brand?post=19441"},{"taxonomy":"product_cat","embeddable":true,"href":"https:\/\/fightingfilms.shop\/de\/wp-json\/wp\/v2\/product_cat?post=19441"},{"taxonomy":"product_tag","embeddable":true,"href":"https:\/\/fightingfilms.shop\/de\/wp-json\/wp\/v2\/product_tag?post=19441"},{"taxonomy":"giftcard-category","embeddable":true,"href":"https:\/\/fightingfilms.shop\/de\/wp-json\/wp\/v2\/giftcard-category?post=19441"}],"curies":[{"name":"wp","href":"https:\/\/api.w.org\/{rel}","templated":true}]}}