{"id":19465,"date":"2022-09-15T13:56:34","date_gmt":"2022-09-15T11:56:34","guid":{"rendered":"https:\/\/www.fightingfilms.shop\/produit\/fallteppich\/"},"modified":"2022-09-15T13:56:34","modified_gmt":"2022-09-15T11:56:34","slug":"fallteppich","status":"publish","type":"product","link":"https:\/\/fightingfilms.shop\/de\/produit\/fallteppich\/","title":{"rendered":"Fallteppich"},"content":{"rendered":"<p>Die Fallmatte ist ein wichtiger Bestandteil des Trainings eines Judoka. Er erm\u00f6glicht es, nach wiederholtem<a href=\"https:\/\/www.fightingfilms.shop\/produit\/accessoires-de-judo\/corde-dentrainement-uchi-komi-special-judo\/\">Uchi-Komi-Training<\/a> den n\u00e4chsten Schritt zu machen. Die Uchi-Komi ist nur die Wiederholung der Bewegung, die dem Wurf des Gegners vorausgeht.<\/p>\n<p>Mit dieser Fallmatte k\u00f6nnen Sie Nage-Komi \u00fcben. Es ist die vollst\u00e4ndige Ausf\u00fchrung des Wurfs des Gegners. Diese Matte erm\u00f6glicht es, Nage-Komi zu \u00fcben und dabei die k\u00f6rperliche Unversehrtheit des Trainingspartners zu schonen. Der Teppich macht den Sturz weniger hart.<\/p>\n<p>Die Matte ist n\u00e4mlich viel weniger dicht als <a href=\"https:\/\/www.fightingfilms.shop\/categorie-produit\/tatami-de-judo\/\">Judo Tatami<\/a><\/p>\n<p>Etwa 80 kg\/m3 gegen\u00fcber mehr als 200 kg\/m3 bei Teppichen. Die Matte hilft bei der D\u00e4mpfung der Landung. Er ist in der Mitte 8 cm und an den Enden 4 cm dick.<\/p>\n<p>Seine Gr\u00f6\u00dfe von 200 cm \/ 100 cm bietet Schutz f\u00fcr den geworfenen Judoka.<\/p>\n<p>Diese Matte ist ideal f\u00fcr Gro\u00df und Klein und darf in keinem Judoklub fehlen. F\u00fcr junge Judoka ist es von gr\u00f6\u00dfter Wichtigkeit, dass sie <a href=\"https:\/\/www.judo.ovh\/compl%C3%A9ments\/les-chutes.html\" rel=\"nofollow noopener\" target=\"_blank\">wissen, wie man f\u00e4llt<\/a>, und diese Art von Matte gibt ihnen Sicherheit, ohne dass sie sich verletzen!<\/p>\n<p>Wenn Sie mehr \u00fcber die Tatamis erfahren m\u00f6chten, die unter Ihrer Fallmatte liegen werden, schauen Sie sich unsere verschiedenen <a href=\"https:\/\/www.fightingfilms.shop\/categorie-produit\/tatami-de-judo\/\">Judo Tatamis<\/a> an.<\/p>\n","protected":false},"excerpt":{"rendered":"<p>Die Fallmatte ist ein wichtiger Bestandteil des Trainings eines Judoka. Er erm\u00f6glicht es, nach wiederholtem<a href=\"https:\/\/www.fightingfilms.shop\/produit\/accessoires-de-judo\/corde-dentrainement-uchi-komi-special-judo\/\">Uchi-Komi-Training<\/a> den n\u00e4chsten Schritt zu machen. Die Uchi-Komi ist nur die Wiederholung der Bewegung, die dem Wurf des Gegners vorausgeht.<\/p>\n<p>Gr\u00f6\u00dfe: 200cm x 100cm<\/p>\n<p>Dicke: 4 cm an den Enden 8 cm in der Mitte<\/p>\n<p>&nbsp;<\/p>\n","protected":false},"featured_media":12240,"comment_status":"","ping_status":"closed","template":"","meta":[],"product_brand":[],"product_cat":[306,340],"product_tag":[],"giftcard-category":[],"class_list":{"0":"post-19465","1":"product","2":"type-product","3":"status-publish","4":"has-post-thumbnail","6":"product_cat-pour-les-clubs-de","7":"product_cat-judo-zubehor","8":"product_shipping_class-judo-tatami","10":"first","11":"instock","12":"taxable","13":"shipping-taxable","14":"product-type-external"},"exclude_global_add_ons":[],"addons":[],"_links":{"self":[{"href":"https:\/\/fightingfilms.shop\/de\/wp-json\/wp\/v2\/product\/19465","targetHints":{"allow":["GET"]}}],"collection":[{"href":"https:\/\/fightingfilms.shop\/de\/wp-json\/wp\/v2\/product"}],"about":[{"href":"https:\/\/fightingfilms.shop\/de\/wp-json\/wp\/v2\/types\/product"}],"replies":[{"embeddable":true,"href":"https:\/\/fightingfilms.shop\/de\/wp-json\/wp\/v2\/comments?post=19465"}],"wp:featuredmedia":[{"embeddable":true,"href":"https:\/\/fightingfilms.shop\/de\/wp-json\/wp\/v2\/media\/12240"}],"wp:attachment":[{"href":"https:\/\/fightingfilms.shop\/de\/wp-json\/wp\/v2\/media?parent=19465"}],"wp:term":[{"taxonomy":"product_brand","embeddable":true,"href":"https:\/\/fightingfilms.shop\/de\/wp-json\/wp\/v2\/product_brand?post=19465"},{"taxonomy":"product_cat","embeddable":true,"href":"https:\/\/fightingfilms.shop\/de\/wp-json\/wp\/v2\/product_cat?post=19465"},{"taxonomy":"product_tag","embeddable":true,"href":"https:\/\/fightingfilms.shop\/de\/wp-json\/wp\/v2\/product_tag?post=19465"},{"taxonomy":"giftcard-category","embeddable":true,"href":"https:\/\/fightingfilms.shop\/de\/wp-json\/wp\/v2\/giftcard-category?post=19465"}],"curies":[{"name":"wp","href":"https:\/\/api.w.org\/{rel}","templated":true}]}}