{"id":20004,"date":"2024-02-13T14:40:31","date_gmt":"2024-02-13T13:40:31","guid":{"rendered":"https:\/\/www.fightingfilms.shop\/produit\/kimono-von-jjb-albator\/"},"modified":"2025-03-18T13:27:04","modified_gmt":"2025-03-18T12:27:04","slug":"kimono-von-jjb-albator","status":"publish","type":"product","link":"https:\/\/fightingfilms.shop\/de\/produit\/kimono-von-jjb-albator\/","title":{"rendered":"Kimono von JJB Captain Harlock"},"content":{"rendered":"<div>Der JJB Captain Harlock Kimono ist in <strong>Wei\u00df und Schwarz<\/strong> erh\u00e4ltlich, von Gr\u00f6\u00dfe <strong>A0 bis A5<\/strong>.<\/div>\n<div><\/div>\n<div><em><strong>BRODERIES<\/strong><\/em><\/div>\n<div>\n<div>6 bestickte Patches von Kopf bis Fu\u00df<\/div>\n<div>(Brust | Schulter | R\u00fccken | Oberschenkel | Kn\u00f6chel )<\/div>\n<div>Der JJB Captain Harlock-Kimono ist mit 6 Stickereien verziert, die entweder das ikonische Cosmo Warrior Zero-Logo oder den unverkennbaren Totenkopf des Weltraumpiraten zeigen.<\/div>\n<\/div>\n<div><\/div>\n<div><\/div>\n<div><em><strong>HIGH-FASHION-FINISH<\/strong><\/em><\/div>\n<div>\n<div>Der JJB Albator-Kimono verf\u00fcgt \u00fcber Abschlussborten an den \u00c4rmel\u00f6ffnungen in roter Farbe sowie an der Hose und am Rock.<\/div>\n<div>Die G\u00fcrtelschlaufen und die Kordel der Hose sind rot.<\/div>\n<div><\/div>\n<div><\/div>\n<\/div>\n<div><em><strong>KOMPROMISSLOSER KOMFORT<\/strong><\/em><\/div>\n<div>\n<div>Atmungsaktives Lycra-Futter<\/div>\n<div>schwei\u00dfresistent<\/div>\n<div>K\u00f6rpernaher Schnitt von Jiu Jitsukas f\u00fcr Jiu Jitsukas studiert<\/div>\n<div><\/div>\n<div><\/div>\n<div><strong>Pearl wave 450gsm Jacke<\/strong><\/div>\n<div><strong>Hose aus Rip Stop 280gsm<\/strong><\/div>\n<div><strong>52% Polyester<\/strong><\/div>\n<div><strong>48% Baumwolle<\/strong><\/div>\n<\/div>\n<div><\/div>\n<div><b>2001-2023 Leiji Matsumoto\/Project Zero licensed by <a href=\"https:\/\/enoki-films.co.jp\/\" rel=\"nofollow noopener\" target=\"_blank\">Enoki Films Co<\/a>.,Ltd through Yume S.A.S.<\/b><\/div>\n<div><\/div>\n<div>Gr\u00f6\u00dfenratgeber:<\/div>\n<div>A0=150cm<\/div>\n<div>A1=160cm<\/div>\n<div>A2=170cm<\/div>\n<div>A3=180cm<\/div>\n<div>A4=190cm<\/div>\n<div>A5=200cm<\/div>\n<div><\/div>\n","protected":false},"excerpt":{"rendered":"<p>Die Jugend von Captain Harlock oder die Nostalgie der Kindheit und diese fesselnden Nachmittage vor den Abenteuern des Weltraumpiraten, die uns in ferne Galaxien entf\u00fchrten &#8230;<\/p>\n<h5><strong>DER <a href=\"https:\/\/www.fightingfilms.shop\/categorie\/jiu-jitsu\/\">KIMONO VON JJB<\/a> CAPTAIN HARLOCK OFFIZIELL<\/strong><\/h5>\n<p>Das Ergebnis der exklusiven Zusammenarbeit zwischen Fighting Films und der offiziellen Lizenz in Japan.<\/p>\n<p>Werden Sie zum Piraten der Tatami, seine akribisch entworfenen Details erf\u00fcllen die technischen Anforderungen, die f\u00fcr die Aus\u00fcbung des JJB notwendig sind, es ist die perfekte Balance zwischen Stil, Komfort und Leistung.<\/p>\n<h2><strong>Jetzt vorbestellen! Lieferung um den 15. Mai <\/strong><\/h2>\n<h4>Zweifel bei der Wahl der Judogi-Gr\u00f6\u00dfe? Entdecken Sie unseren <strong><a href=\"http:\/\/tinyurl.com\/2mjwnc4w\">Gr\u00f6\u00dfenberater .<\/a><\/strong><\/h4>\n","protected":false},"featured_media":19924,"comment_status":"closed","ping_status":"closed","template":"","meta":[],"product_brand":[],"product_cat":[403,347],"product_tag":[],"giftcard-category":[],"class_list":{"0":"post-20004","1":"product","2":"type-product","3":"status-publish","4":"has-post-thumbnail","6":"product_cat-jiu-jitsu-de","7":"product_cat-kimonos-jiu-jitsu","8":"product_shipping_class-kimono-black-label-superstar-de","10":"first","11":"instock","12":"taxable","13":"shipping-taxable","14":"purchasable","15":"product-type-variable"},"exclude_global_add_ons":[],"addons":[],"_links":{"self":[{"href":"https:\/\/fightingfilms.shop\/de\/wp-json\/wp\/v2\/product\/20004","targetHints":{"allow":["GET"]}}],"collection":[{"href":"https:\/\/fightingfilms.shop\/de\/wp-json\/wp\/v2\/product"}],"about":[{"href":"https:\/\/fightingfilms.shop\/de\/wp-json\/wp\/v2\/types\/product"}],"replies":[{"embeddable":true,"href":"https:\/\/fightingfilms.shop\/de\/wp-json\/wp\/v2\/comments?post=20004"}],"wp:featuredmedia":[{"embeddable":true,"href":"https:\/\/fightingfilms.shop\/de\/wp-json\/wp\/v2\/media\/19924"}],"wp:attachment":[{"href":"https:\/\/fightingfilms.shop\/de\/wp-json\/wp\/v2\/media?parent=20004"}],"wp:term":[{"taxonomy":"product_brand","embeddable":true,"href":"https:\/\/fightingfilms.shop\/de\/wp-json\/wp\/v2\/product_brand?post=20004"},{"taxonomy":"product_cat","embeddable":true,"href":"https:\/\/fightingfilms.shop\/de\/wp-json\/wp\/v2\/product_cat?post=20004"},{"taxonomy":"product_tag","embeddable":true,"href":"https:\/\/fightingfilms.shop\/de\/wp-json\/wp\/v2\/product_tag?post=20004"},{"taxonomy":"giftcard-category","embeddable":true,"href":"https:\/\/fightingfilms.shop\/de\/wp-json\/wp\/v2\/giftcard-category?post=20004"}],"curies":[{"name":"wp","href":"https:\/\/api.w.org\/{rel}","templated":true}]}}